{"id":1948,"date":"2018-10-16T10:29:28","date_gmt":"2018-10-16T14:29:28","guid":{"rendered":"https:\/\/www.igripstud.com\/nastojen-tyypit\/"},"modified":"2024-03-18T12:07:15","modified_gmt":"2024-03-18T16:07:15","slug":"nastojen-tyypit","status":"publish","type":"page","link":"https:\/\/www.igripstud.com\/fi\/nastojen-tyypit\/","title":{"rendered":"NASTOJEN TYYPIT"},"content":{"rendered":"<p style=\"text-align: left;\">Useiden vuosien ajan iGRIP on tarjonnut ST-tyypin nastoja (vakiourat). Jotta iGRIP voi parantaa tuotevalikoimaa, se on lis\u00e4nnyt kaksi nastatyyppi\u00e4 varastoon, ja vastaa n\u00e4in asiakkaiden tarpeisiin.<\/p>\n<p>SS (pyk\u00e4l\u00e4nastat) suunniteltiin raskaalle koneistolle ja kaikenlaisille ajoneuvoille k\u00e4ytett\u00e4v\u00e4ksi \u00e4\u00e4rimm\u00e4isiss\u00e4 olosuhteissa ja ymp\u00e4rist\u00f6iss\u00e4. Lis\u00e4ksi on SF-mallin nastat (kipin\u00e4t\u00f6n, spark free), jotka nimen mukaisesti eiv\u00e4t aiheuta kipin\u00f6it\u00e4, kun ne koskettavat maata.<\/p>\n<h2 style=\"text-align: left;\">TURVALLISEMPI<\/h2>\n<p style=\"text-align: left;\">Jalkineet, renkaat ja ketjut ovat v\u00e4litt\u00f6m\u00e4sti turvallisempia iGRIP-nastojen asennuksen j\u00e4lkeen, mink\u00e4 vuoksi ajoneuvoa on helpompi hallita liukkailla alueilla.<\/p>\n<h2 style=\"text-align: left;\">SOVELTUVAT TODELLISUUTEESI<\/h2>\n<p style=\"text-align: left;\">On mahdollista valita eri m\u00e4\u00e4r\u00e4 nastoja renkaisiin tai jalkineiden pohjallisiin tiettyjen tarpeiden mukaisesti.<\/p>\n<p style=\"text-align: left;\">Lis\u00e4ksi erilaiset syvyydet ja pituudet takaavat ihanteellisen pidon renkaille, ketjuille ja kenkien pohjallisille j\u00e4\u00e4ll\u00e4, lumessa, mudassa, liukkailla kallioilla tai j\u00e4isill\u00e4 teill\u00e4. Valitse erilaisten ruuvinastojen laajasta valikoimasta.<\/p>\n<h3>3 nastamallia :<\/h3>\n<ul>\n<li>\n<p class=\"p1\"><span class=\"s1\">ST - vakiokierrenastat<\/span><\/p>\n<\/li>\n<li>\n<p class=\"p1\"><span class=\"s1\">SS - pyk\u00e4l\u00e4nastat <\/span><\/p>\n<\/li>\n<li>\n<p class=\"p1\"><span class=\"s1\">SF- kipin\u00e4tt\u00f6m\u00e4t nastat<\/span><\/p>\n<\/li>\n<\/ul>\n<p><img loading=\"lazy\" decoding=\"async\" class=\"alignnone wp-image-6064 size-full\" src=\"https:\/\/www.igripstud.com\/wp-content\/uploads\/2024\/03\/Grille-IGRIP-2024_EN-web-scaled.jpg\" alt=\"\" width=\"2560\" height=\"938\" srcset=\"https:\/\/www.igripstud.com\/wp-content\/uploads\/2024\/03\/Grille-IGRIP-2024_EN-web-scaled.jpg 2560w, https:\/\/www.igripstud.com\/wp-content\/uploads\/2024\/03\/Grille-IGRIP-2024_EN-web-360x132.jpg 360w, https:\/\/www.igripstud.com\/wp-content\/uploads\/2024\/03\/Grille-IGRIP-2024_EN-web-1024x375.jpg 1024w, https:\/\/www.igripstud.com\/wp-content\/uploads\/2024\/03\/Grille-IGRIP-2024_EN-web-768x281.jpg 768w, https:\/\/www.igripstud.com\/wp-content\/uploads\/2024\/03\/Grille-IGRIP-2024_EN-web-1536x563.jpg 1536w, https:\/\/www.igripstud.com\/wp-content\/uploads\/2024\/03\/Grille-IGRIP-2024_EN-web-2048x750.jpg 2048w\" sizes=\"auto, (max-width: 2560px) 100vw, 2560px\" \/><\/p>\n<!-- AddThis Advanced Settings generic via filter on the_content --><!-- AddThis Share Buttons generic via filter on the_content -->","protected":false},"excerpt":{"rendered":"<p>Useiden vuosien ajan iGRIP on tarjonnut ST-tyypin nastoja (vakiourat). Jotta iGRIP voi parantaa tuotevalikoimaa, se on lis\u00e4nnyt kaksi nastatyyppi\u00e4 varastoon, ja vastaa n\u00e4in asiakkaiden tarpeisiin. SS (pyk\u00e4l\u00e4nastat) suunniteltiin raskaalle koneistolle ja kaikenlaisille ajoneuvoille k\u00e4ytett\u00e4v\u00e4ksi \u00e4\u00e4rimm\u00e4isiss\u00e4 olosuhteissa ja ymp\u00e4rist\u00f6iss\u00e4. Lis\u00e4ksi on SF-mallin nastat (kipin\u00e4t\u00f6n, spark free), jotka nimen mukaisesti eiv\u00e4t aiheuta kipin\u00f6it\u00e4, kun ne koskettavat maata. &hellip; <a href=\"https:\/\/www.igripstud.com\/fi\/nastojen-tyypit\/\">Continued<\/a><!-- AddThis Advanced Settings generic via filter on get_the_excerpt --><!-- AddThis Share Buttons generic via filter on get_the_excerpt --><\/p>\n","protected":false},"author":1,"featured_media":0,"parent":0,"menu_order":0,"comment_status":"closed","ping_status":"closed","template":"page-type-de-crampons.php","meta":{"_acf_changed":false,"_monsterinsights_skip_tracking":false,"_monsterinsights_sitenote_active":false,"_monsterinsights_sitenote_note":"","_monsterinsights_sitenote_category":0,"footnotes":""},"class_list":["post-1948","page","type-page","status-publish","hentry"],"acf":[],"yoast_head":"<!-- This site is optimized with the Yoast SEO plugin v27.0 - https:\/\/yoast.com\/product\/yoast-seo-wordpress\/ -->\n<title>NASTOJEN TYYPIT - IGrip - Crampons vissables<\/title>\n<meta name=\"robots\" content=\"index, follow, max-snippet:-1, max-image-preview:large, max-video-preview:-1\" \/>\n<link rel=\"canonical\" href=\"https:\/\/www.igripstud.com\/fi\/nastojen-tyypit\/\" \/>\n<meta property=\"og:locale\" content=\"fi_FI\" \/>\n<meta property=\"og:type\" content=\"article\" \/>\n<meta property=\"og:title\" content=\"NASTOJEN TYYPIT - IGrip - Crampons vissables\" \/>\n<meta property=\"og:description\" content=\"Useiden vuosien ajan iGRIP on tarjonnut ST-tyypin nastoja (vakiourat). Jotta iGRIP voi parantaa tuotevalikoimaa, se on lis\u00e4nnyt kaksi nastatyyppi\u00e4 varastoon, ja vastaa n\u00e4in asiakkaiden tarpeisiin. SS (pyk\u00e4l\u00e4nastat) suunniteltiin raskaalle koneistolle ja kaikenlaisille ajoneuvoille k\u00e4ytett\u00e4v\u00e4ksi \u00e4\u00e4rimm\u00e4isiss\u00e4 olosuhteissa ja ymp\u00e4rist\u00f6iss\u00e4. Lis\u00e4ksi on SF-mallin nastat (kipin\u00e4t\u00f6n, spark free), jotka nimen mukaisesti eiv\u00e4t aiheuta kipin\u00f6it\u00e4, kun ne koskettavat maata. &hellip; Continued\" \/>\n<meta property=\"og:url\" content=\"https:\/\/www.igripstud.com\/fi\/nastojen-tyypit\/\" \/>\n<meta property=\"og:site_name\" content=\"IGrip - Crampons vissables\" \/>\n<meta property=\"article:publisher\" content=\"https:\/\/www.facebook.com\/IGRIPstud\/\" \/>\n<meta property=\"article:modified_time\" content=\"2024-03-18T16:07:15+00:00\" \/>\n<meta property=\"og:image\" content=\"https:\/\/www.igripstud.com\/wp-content\/uploads\/2024\/03\/Grille-IGRIP-2024_EN-web-scaled.jpg\" \/>\n<meta name=\"twitter:card\" content=\"summary_large_image\" \/>\n<meta name=\"twitter:label1\" content=\"Arvioitu lukuaika\" \/>\n\t<meta name=\"twitter:data1\" content=\"1 minuutti\" \/>\n<script type=\"application\/ld+json\" class=\"yoast-schema-graph\">{\"@context\":\"https:\/\/schema.org\",\"@graph\":[{\"@type\":\"WebPage\",\"@id\":\"https:\/\/www.igripstud.com\/fi\/nastojen-tyypit\/\",\"url\":\"https:\/\/www.igripstud.com\/fi\/nastojen-tyypit\/\",\"name\":\"NASTOJEN TYYPIT - IGrip - Crampons vissables\",\"isPartOf\":{\"@id\":\"https:\/\/www.igripstud.com\/#website\"},\"primaryImageOfPage\":{\"@id\":\"https:\/\/www.igripstud.com\/fi\/nastojen-tyypit\/#primaryimage\"},\"image\":{\"@id\":\"https:\/\/www.igripstud.com\/fi\/nastojen-tyypit\/#primaryimage\"},\"thumbnailUrl\":\"https:\/\/www.igripstud.com\/wp-content\/uploads\/2024\/03\/Grille-IGRIP-2024_EN-web-scaled.jpg\",\"datePublished\":\"2018-10-16T14:29:28+00:00\",\"dateModified\":\"2024-03-18T16:07:15+00:00\",\"breadcrumb\":{\"@id\":\"https:\/\/www.igripstud.com\/fi\/nastojen-tyypit\/#breadcrumb\"},\"inLanguage\":\"fi\",\"potentialAction\":[{\"@type\":\"ReadAction\",\"target\":[\"https:\/\/www.igripstud.com\/fi\/nastojen-tyypit\/\"]}]},{\"@type\":\"ImageObject\",\"inLanguage\":\"fi\",\"@id\":\"https:\/\/www.igripstud.com\/fi\/nastojen-tyypit\/#primaryimage\",\"url\":\"https:\/\/www.igripstud.com\/wp-content\/uploads\/2024\/03\/Grille-IGRIP-2024_EN-web-scaled.jpg\",\"contentUrl\":\"https:\/\/www.igripstud.com\/wp-content\/uploads\/2024\/03\/Grille-IGRIP-2024_EN-web-scaled.jpg\"},{\"@type\":\"BreadcrumbList\",\"@id\":\"https:\/\/www.igripstud.com\/fi\/nastojen-tyypit\/#breadcrumb\",\"itemListElement\":[{\"@type\":\"ListItem\",\"position\":1,\"name\":\"Accueil\",\"item\":\"https:\/\/www.igripstud.com\/fi\/\"},{\"@type\":\"ListItem\",\"position\":2,\"name\":\"NASTOJEN TYYPIT\"}]},{\"@type\":\"WebSite\",\"@id\":\"https:\/\/www.igripstud.com\/#website\",\"url\":\"https:\/\/www.igripstud.com\/\",\"name\":\"IGrip - Crampons vissables\",\"description\":\"Des crampons adapt\u00e9s pour tout type de v\u00e9hicules!\",\"publisher\":{\"@id\":\"https:\/\/www.igripstud.com\/#organization\"},\"potentialAction\":[{\"@type\":\"SearchAction\",\"target\":{\"@type\":\"EntryPoint\",\"urlTemplate\":\"https:\/\/www.igripstud.com\/?s={search_term_string}\"},\"query-input\":{\"@type\":\"PropertyValueSpecification\",\"valueRequired\":true,\"valueName\":\"search_term_string\"}}],\"inLanguage\":\"fi\"},{\"@type\":\"Organization\",\"@id\":\"https:\/\/www.igripstud.com\/#organization\",\"name\":\"Igrip\",\"url\":\"https:\/\/www.igripstud.com\/\",\"logo\":{\"@type\":\"ImageObject\",\"inLanguage\":\"fi\",\"@id\":\"https:\/\/www.igripstud.com\/#\/schema\/logo\/image\/\",\"url\":\"https:\/\/www.igripstud.com\/wp-content\/uploads\/2018\/08\/screenshot.png\",\"contentUrl\":\"https:\/\/www.igripstud.com\/wp-content\/uploads\/2018\/08\/screenshot.png\",\"width\":880,\"height\":660,\"caption\":\"Igrip\"},\"image\":{\"@id\":\"https:\/\/www.igripstud.com\/#\/schema\/logo\/image\/\"},\"sameAs\":[\"https:\/\/www.facebook.com\/IGRIPstud\/\",\"https:\/\/www.instagram.com\/igripstud\/\"]}]}<\/script>\n<!-- \/ Yoast SEO plugin. -->","yoast_head_json":{"title":"NASTOJEN TYYPIT - IGrip - Crampons vissables","robots":{"index":"index","follow":"follow","max-snippet":"max-snippet:-1","max-image-preview":"max-image-preview:large","max-video-preview":"max-video-preview:-1"},"canonical":"https:\/\/www.igripstud.com\/fi\/nastojen-tyypit\/","og_locale":"fi_FI","og_type":"article","og_title":"NASTOJEN TYYPIT - IGrip - Crampons vissables","og_description":"Useiden vuosien ajan iGRIP on tarjonnut ST-tyypin nastoja (vakiourat). Jotta iGRIP voi parantaa tuotevalikoimaa, se on lis\u00e4nnyt kaksi nastatyyppi\u00e4 varastoon, ja vastaa n\u00e4in asiakkaiden tarpeisiin. SS (pyk\u00e4l\u00e4nastat) suunniteltiin raskaalle koneistolle ja kaikenlaisille ajoneuvoille k\u00e4ytett\u00e4v\u00e4ksi \u00e4\u00e4rimm\u00e4isiss\u00e4 olosuhteissa ja ymp\u00e4rist\u00f6iss\u00e4. Lis\u00e4ksi on SF-mallin nastat (kipin\u00e4t\u00f6n, spark free), jotka nimen mukaisesti eiv\u00e4t aiheuta kipin\u00f6it\u00e4, kun ne koskettavat maata. &hellip; Continued","og_url":"https:\/\/www.igripstud.com\/fi\/nastojen-tyypit\/","og_site_name":"IGrip - Crampons vissables","article_publisher":"https:\/\/www.facebook.com\/IGRIPstud\/","article_modified_time":"2024-03-18T16:07:15+00:00","og_image":[{"url":"https:\/\/www.igripstud.com\/wp-content\/uploads\/2024\/03\/Grille-IGRIP-2024_EN-web-scaled.jpg","type":"","width":"","height":""}],"twitter_card":"summary_large_image","twitter_misc":{"Arvioitu lukuaika":"1 minuutti"},"schema":{"@context":"https:\/\/schema.org","@graph":[{"@type":"WebPage","@id":"https:\/\/www.igripstud.com\/fi\/nastojen-tyypit\/","url":"https:\/\/www.igripstud.com\/fi\/nastojen-tyypit\/","name":"NASTOJEN TYYPIT - IGrip - Crampons vissables","isPartOf":{"@id":"https:\/\/www.igripstud.com\/#website"},"primaryImageOfPage":{"@id":"https:\/\/www.igripstud.com\/fi\/nastojen-tyypit\/#primaryimage"},"image":{"@id":"https:\/\/www.igripstud.com\/fi\/nastojen-tyypit\/#primaryimage"},"thumbnailUrl":"https:\/\/www.igripstud.com\/wp-content\/uploads\/2024\/03\/Grille-IGRIP-2024_EN-web-scaled.jpg","datePublished":"2018-10-16T14:29:28+00:00","dateModified":"2024-03-18T16:07:15+00:00","breadcrumb":{"@id":"https:\/\/www.igripstud.com\/fi\/nastojen-tyypit\/#breadcrumb"},"inLanguage":"fi","potentialAction":[{"@type":"ReadAction","target":["https:\/\/www.igripstud.com\/fi\/nastojen-tyypit\/"]}]},{"@type":"ImageObject","inLanguage":"fi","@id":"https:\/\/www.igripstud.com\/fi\/nastojen-tyypit\/#primaryimage","url":"https:\/\/www.igripstud.com\/wp-content\/uploads\/2024\/03\/Grille-IGRIP-2024_EN-web-scaled.jpg","contentUrl":"https:\/\/www.igripstud.com\/wp-content\/uploads\/2024\/03\/Grille-IGRIP-2024_EN-web-scaled.jpg"},{"@type":"BreadcrumbList","@id":"https:\/\/www.igripstud.com\/fi\/nastojen-tyypit\/#breadcrumb","itemListElement":[{"@type":"ListItem","position":1,"name":"Accueil","item":"https:\/\/www.igripstud.com\/fi\/"},{"@type":"ListItem","position":2,"name":"NASTOJEN TYYPIT"}]},{"@type":"WebSite","@id":"https:\/\/www.igripstud.com\/#website","url":"https:\/\/www.igripstud.com\/","name":"IGrip - Crampons vissables","description":"Des crampons adapt\u00e9s pour tout type de v\u00e9hicules!","publisher":{"@id":"https:\/\/www.igripstud.com\/#organization"},"potentialAction":[{"@type":"SearchAction","target":{"@type":"EntryPoint","urlTemplate":"https:\/\/www.igripstud.com\/?s={search_term_string}"},"query-input":{"@type":"PropertyValueSpecification","valueRequired":true,"valueName":"search_term_string"}}],"inLanguage":"fi"},{"@type":"Organization","@id":"https:\/\/www.igripstud.com\/#organization","name":"Igrip","url":"https:\/\/www.igripstud.com\/","logo":{"@type":"ImageObject","inLanguage":"fi","@id":"https:\/\/www.igripstud.com\/#\/schema\/logo\/image\/","url":"https:\/\/www.igripstud.com\/wp-content\/uploads\/2018\/08\/screenshot.png","contentUrl":"https:\/\/www.igripstud.com\/wp-content\/uploads\/2018\/08\/screenshot.png","width":880,"height":660,"caption":"Igrip"},"image":{"@id":"https:\/\/www.igripstud.com\/#\/schema\/logo\/image\/"},"sameAs":["https:\/\/www.facebook.com\/IGRIPstud\/","https:\/\/www.instagram.com\/igripstud\/"]}]}},"_links":{"self":[{"href":"https:\/\/www.igripstud.com\/fi\/wp-json\/wp\/v2\/pages\/1948","targetHints":{"allow":["GET"]}}],"collection":[{"href":"https:\/\/www.igripstud.com\/fi\/wp-json\/wp\/v2\/pages"}],"about":[{"href":"https:\/\/www.igripstud.com\/fi\/wp-json\/wp\/v2\/types\/page"}],"author":[{"embeddable":true,"href":"https:\/\/www.igripstud.com\/fi\/wp-json\/wp\/v2\/users\/1"}],"replies":[{"embeddable":true,"href":"https:\/\/www.igripstud.com\/fi\/wp-json\/wp\/v2\/comments?post=1948"}],"version-history":[{"count":2,"href":"https:\/\/www.igripstud.com\/fi\/wp-json\/wp\/v2\/pages\/1948\/revisions"}],"predecessor-version":[{"id":6072,"href":"https:\/\/www.igripstud.com\/fi\/wp-json\/wp\/v2\/pages\/1948\/revisions\/6072"}],"wp:attachment":[{"href":"https:\/\/www.igripstud.com\/fi\/wp-json\/wp\/v2\/media?parent=1948"}],"curies":[{"name":"wp","href":"https:\/\/api.w.org\/{rel}","templated":true}]}}