{"id":1951,"date":"2018-10-16T10:31:44","date_gmt":"2018-10-16T14:31:44","guid":{"rendered":"https:\/\/www.igripstud.com\/igrip\/"},"modified":"2018-10-16T10:31:44","modified_gmt":"2018-10-16T14:31:44","slug":"igrip","status":"publish","type":"page","link":"https:\/\/www.igripstud.com\/fi\/igrip\/","title":{"rendered":"IGrip"},"content":{"rendered":"<h1>TIETOJA\u00a0<em> IGRIP-nastoista <\/em><\/h1>\n<p>iGrip on kanadalainen yritys, joka on erikoistunut ruuvinastojen suunnitteluun ja valmistukseen vuodesta 2015 l\u00e4htien, ja sill\u00e4 on yli 10 vuoden kokemus alalta. Nastamme, innovatiivinen, ainutlaatuinen rakenne ja erinomainen laatu, soveltuvat kaikenlaisille ajoneuvoille ja t\u00e4ytt\u00e4v\u00e4t tarpeesi.<\/p>\n<p>Tuotteidemme maine on tunnettu niiden turvallisuuden, yksinkertaisen asennuksen ja kaiken kattavien pitk\u00e4ik\u00e4isten ratkaisujen vuoksi, jotka soveltuvat kaikkiin s\u00e4\u00e4olosuhteisiin. Meill\u00e4 on useita autoille, maatalouskoneille, matkailuautoille, moottorikelkoille, mets\u00e4ty\u00f6koneille, sotilasajoneuvoille, kaivosajoneuvoille, py\u00f6rille ja turvajalkineille suunniteltuja nastoja.<\/p>\n<p>Kaikki iGRIP-nastat valmistetaan kuumassa ter\u00e4ksess\u00e4 niiden kest\u00e4vyyden lis\u00e4\u00e4miseksi. Ne sinkitet\u00e4\u00e4n, ja t\u00e4m\u00e4 lis\u00e4\u00e4 suojan korroosiota vastaan. Kaikissa nastoissa on karbidipiste, joka tarjoaa jatkuvan ja suuremman kitkan. T\u00e4m\u00e4 on mahdollista nastan ylivoimaisen j\u00e4\u00e4h\u00e4n ankkurointikapasiteetin ansiosta. Helposti ja nopeasti asennettava erityisesti mukana toimitetun ty\u00f6kalun avulla. iGrip-nastaa saatetaan k\u00e4ytt\u00e4\u00e4 vaikeuksitta enemm\u00e4n kuin yhden vuodenajan ajan uusissa tai vanhoissa renkaissa. Nastat on my\u00f6s tarvittaessa helppo irrottaa.<\/p>\n<p>iGrip-nastoissa innovaatio ja uusi tuotekehitys ovat yleist\u00e4 valuuttaa. Kuuntelemme asiakkaita emmek\u00e4 ep\u00e4r\u00f6i uusien tuotteiden luomisessa heid\u00e4n tarpeidensa tyydytt\u00e4miseksi. Korkean tuotantokapasiteetin avulla palvelemme paitsi k\u00e4ytt\u00e4ji\u00e4 ja my\u00f6s koneiston valmistajia.<\/p>\n<p class=\"p1\"><span class=\"s1\">Onko sinulla kysytt\u00e4v\u00e4\u00e4? <\/span><a href=\"https:\/\/www.igripstud.com\/fi\/yhteystiedot\/\"><span class=\"s2\">Ota yhteytt\u00e4<\/span><\/a><span class=\"s1\">! Kokenut ja palvelualtis henkil\u00f6kuntamme antaa vastaukset kaikkiin renkaita ja nastoja koskeviin kysymyksiin.<\/span><\/p>\n<h2>iGrip-nastojen k\u00e4yt\u00f6n edut<\/h2>\n<ul>\n<li>Helposti asennettava (ty\u00f6kalut ja opas kuuluvat toimitukseen) ja irrotettava (ei tarvita kes\u00e4- ja talvirenkaita)<\/li>\n<li>Parempi teho maastossa<\/li>\n<li>Polttoainetalous<\/li>\n<li>Erinomainen vaihtoehto ketjuille (v\u00e4hemm\u00e4n melua, kallis)<\/li>\n<li>Erinomainen vaihtoehto perinteisille rengasnastoille.<\/li>\n<li>Turvallisempi<\/li>\n<li>Parempi tartunta<\/li>\n<li>Vakaampi ajo<\/li>\n<li>Parempi ajoneuvon jarrutuskapasiteetti<\/li>\n<li>Kest\u00e4v\u00e4<\/li>\n<li>Kevyt<\/li>\n<li>Meluton<\/li>\n<\/ul>\n<!-- AddThis Advanced Settings generic via filter on the_content --><!-- AddThis Share Buttons generic via filter on the_content -->","protected":false},"excerpt":{"rendered":"<p>TIETOJA\u00a0 IGRIP-nastoista iGrip on kanadalainen yritys, joka on erikoistunut ruuvinastojen suunnitteluun ja valmistukseen vuodesta 2015 l\u00e4htien, ja sill\u00e4 on yli 10 vuoden kokemus alalta. Nastamme, innovatiivinen, ainutlaatuinen rakenne ja erinomainen laatu, soveltuvat kaikenlaisille ajoneuvoille ja t\u00e4ytt\u00e4v\u00e4t tarpeesi. Tuotteidemme maine on tunnettu niiden turvallisuuden, yksinkertaisen asennuksen ja kaiken kattavien pitk\u00e4ik\u00e4isten ratkaisujen vuoksi, jotka soveltuvat kaikkiin s\u00e4\u00e4olosuhteisiin. &hellip; <a href=\"https:\/\/www.igripstud.com\/fi\/igrip\/\">Continued<\/a><!-- AddThis Advanced Settings generic via filter on get_the_excerpt --><!-- AddThis Share Buttons generic via filter on get_the_excerpt --><\/p>\n","protected":false},"author":1,"featured_media":1953,"parent":0,"menu_order":0,"comment_status":"closed","ping_status":"closed","template":"","meta":{"_acf_changed":false,"_monsterinsights_skip_tracking":false,"_monsterinsights_sitenote_active":false,"_monsterinsights_sitenote_note":"","_monsterinsights_sitenote_category":0,"footnotes":""},"class_list":["post-1951","page","type-page","status-publish","has-post-thumbnail","hentry"],"acf":[],"yoast_head":"<!-- This site is optimized with the Yoast SEO plugin v27.0 - https:\/\/yoast.com\/product\/yoast-seo-wordpress\/ -->\n<title>IGrip - IGrip - Crampons vissables<\/title>\n<meta name=\"robots\" content=\"index, follow, max-snippet:-1, max-image-preview:large, max-video-preview:-1\" \/>\n<link rel=\"canonical\" href=\"https:\/\/www.igripstud.com\/fi\/igrip\/\" \/>\n<meta property=\"og:locale\" content=\"fi_FI\" \/>\n<meta property=\"og:type\" content=\"article\" \/>\n<meta property=\"og:title\" content=\"IGrip - IGrip - Crampons vissables\" \/>\n<meta property=\"og:description\" content=\"TIETOJA\u00a0 IGRIP-nastoista iGrip on kanadalainen yritys, joka on erikoistunut ruuvinastojen suunnitteluun ja valmistukseen vuodesta 2015 l\u00e4htien, ja sill\u00e4 on yli 10 vuoden kokemus alalta. Nastamme, innovatiivinen, ainutlaatuinen rakenne ja erinomainen laatu, soveltuvat kaikenlaisille ajoneuvoille ja t\u00e4ytt\u00e4v\u00e4t tarpeesi. Tuotteidemme maine on tunnettu niiden turvallisuuden, yksinkertaisen asennuksen ja kaiken kattavien pitk\u00e4ik\u00e4isten ratkaisujen vuoksi, jotka soveltuvat kaikkiin s\u00e4\u00e4olosuhteisiin. &hellip; Continued\" \/>\n<meta property=\"og:url\" content=\"https:\/\/www.igripstud.com\/fi\/igrip\/\" \/>\n<meta property=\"og:site_name\" content=\"IGrip - Crampons vissables\" \/>\n<meta property=\"article:publisher\" content=\"https:\/\/www.facebook.com\/IGRIPstud\/\" \/>\n<meta property=\"og:image\" content=\"https:\/\/www.igripstud.com\/wp-content\/uploads\/2018\/09\/igrip-entete.jpg\" \/>\n\t<meta property=\"og:image:width\" content=\"1920\" \/>\n\t<meta property=\"og:image:height\" content=\"576\" \/>\n\t<meta property=\"og:image:type\" content=\"image\/jpeg\" \/>\n<meta name=\"twitter:card\" content=\"summary_large_image\" \/>\n<meta name=\"twitter:label1\" content=\"Arvioitu lukuaika\" \/>\n\t<meta name=\"twitter:data1\" content=\"1 minuutti\" \/>\n<script type=\"application\/ld+json\" class=\"yoast-schema-graph\">{\"@context\":\"https:\/\/schema.org\",\"@graph\":[{\"@type\":\"WebPage\",\"@id\":\"https:\/\/www.igripstud.com\/fi\/igrip\/\",\"url\":\"https:\/\/www.igripstud.com\/fi\/igrip\/\",\"name\":\"IGrip - IGrip - Crampons vissables\",\"isPartOf\":{\"@id\":\"https:\/\/www.igripstud.com\/#website\"},\"primaryImageOfPage\":{\"@id\":\"https:\/\/www.igripstud.com\/fi\/igrip\/#primaryimage\"},\"image\":{\"@id\":\"https:\/\/www.igripstud.com\/fi\/igrip\/#primaryimage\"},\"thumbnailUrl\":\"https:\/\/www.igripstud.com\/wp-content\/uploads\/2018\/09\/igrip-entete.jpg\",\"datePublished\":\"2018-10-16T14:31:44+00:00\",\"breadcrumb\":{\"@id\":\"https:\/\/www.igripstud.com\/fi\/igrip\/#breadcrumb\"},\"inLanguage\":\"fi\",\"potentialAction\":[{\"@type\":\"ReadAction\",\"target\":[\"https:\/\/www.igripstud.com\/fi\/igrip\/\"]}]},{\"@type\":\"ImageObject\",\"inLanguage\":\"fi\",\"@id\":\"https:\/\/www.igripstud.com\/fi\/igrip\/#primaryimage\",\"url\":\"https:\/\/www.igripstud.com\/wp-content\/uploads\/2018\/09\/igrip-entete.jpg\",\"contentUrl\":\"https:\/\/www.igripstud.com\/wp-content\/uploads\/2018\/09\/igrip-entete.jpg\",\"width\":1920,\"height\":576},{\"@type\":\"BreadcrumbList\",\"@id\":\"https:\/\/www.igripstud.com\/fi\/igrip\/#breadcrumb\",\"itemListElement\":[{\"@type\":\"ListItem\",\"position\":1,\"name\":\"Accueil\",\"item\":\"https:\/\/www.igripstud.com\/fi\/\"},{\"@type\":\"ListItem\",\"position\":2,\"name\":\"IGrip\"}]},{\"@type\":\"WebSite\",\"@id\":\"https:\/\/www.igripstud.com\/#website\",\"url\":\"https:\/\/www.igripstud.com\/\",\"name\":\"IGrip - Crampons vissables\",\"description\":\"Des crampons adapt\u00e9s pour tout type de v\u00e9hicules!\",\"publisher\":{\"@id\":\"https:\/\/www.igripstud.com\/#organization\"},\"potentialAction\":[{\"@type\":\"SearchAction\",\"target\":{\"@type\":\"EntryPoint\",\"urlTemplate\":\"https:\/\/www.igripstud.com\/?s={search_term_string}\"},\"query-input\":{\"@type\":\"PropertyValueSpecification\",\"valueRequired\":true,\"valueName\":\"search_term_string\"}}],\"inLanguage\":\"fi\"},{\"@type\":\"Organization\",\"@id\":\"https:\/\/www.igripstud.com\/#organization\",\"name\":\"Igrip\",\"url\":\"https:\/\/www.igripstud.com\/\",\"logo\":{\"@type\":\"ImageObject\",\"inLanguage\":\"fi\",\"@id\":\"https:\/\/www.igripstud.com\/#\/schema\/logo\/image\/\",\"url\":\"https:\/\/www.igripstud.com\/wp-content\/uploads\/2018\/08\/screenshot.png\",\"contentUrl\":\"https:\/\/www.igripstud.com\/wp-content\/uploads\/2018\/08\/screenshot.png\",\"width\":880,\"height\":660,\"caption\":\"Igrip\"},\"image\":{\"@id\":\"https:\/\/www.igripstud.com\/#\/schema\/logo\/image\/\"},\"sameAs\":[\"https:\/\/www.facebook.com\/IGRIPstud\/\",\"https:\/\/www.instagram.com\/igripstud\/\"]}]}<\/script>\n<!-- \/ Yoast SEO plugin. -->","yoast_head_json":{"title":"IGrip - IGrip - Crampons vissables","robots":{"index":"index","follow":"follow","max-snippet":"max-snippet:-1","max-image-preview":"max-image-preview:large","max-video-preview":"max-video-preview:-1"},"canonical":"https:\/\/www.igripstud.com\/fi\/igrip\/","og_locale":"fi_FI","og_type":"article","og_title":"IGrip - IGrip - Crampons vissables","og_description":"TIETOJA\u00a0 IGRIP-nastoista iGrip on kanadalainen yritys, joka on erikoistunut ruuvinastojen suunnitteluun ja valmistukseen vuodesta 2015 l\u00e4htien, ja sill\u00e4 on yli 10 vuoden kokemus alalta. Nastamme, innovatiivinen, ainutlaatuinen rakenne ja erinomainen laatu, soveltuvat kaikenlaisille ajoneuvoille ja t\u00e4ytt\u00e4v\u00e4t tarpeesi. Tuotteidemme maine on tunnettu niiden turvallisuuden, yksinkertaisen asennuksen ja kaiken kattavien pitk\u00e4ik\u00e4isten ratkaisujen vuoksi, jotka soveltuvat kaikkiin s\u00e4\u00e4olosuhteisiin. &hellip; Continued","og_url":"https:\/\/www.igripstud.com\/fi\/igrip\/","og_site_name":"IGrip - Crampons vissables","article_publisher":"https:\/\/www.facebook.com\/IGRIPstud\/","og_image":[{"width":1920,"height":576,"url":"https:\/\/www.igripstud.com\/wp-content\/uploads\/2018\/09\/igrip-entete.jpg","type":"image\/jpeg"}],"twitter_card":"summary_large_image","twitter_misc":{"Arvioitu lukuaika":"1 minuutti"},"schema":{"@context":"https:\/\/schema.org","@graph":[{"@type":"WebPage","@id":"https:\/\/www.igripstud.com\/fi\/igrip\/","url":"https:\/\/www.igripstud.com\/fi\/igrip\/","name":"IGrip - IGrip - Crampons vissables","isPartOf":{"@id":"https:\/\/www.igripstud.com\/#website"},"primaryImageOfPage":{"@id":"https:\/\/www.igripstud.com\/fi\/igrip\/#primaryimage"},"image":{"@id":"https:\/\/www.igripstud.com\/fi\/igrip\/#primaryimage"},"thumbnailUrl":"https:\/\/www.igripstud.com\/wp-content\/uploads\/2018\/09\/igrip-entete.jpg","datePublished":"2018-10-16T14:31:44+00:00","breadcrumb":{"@id":"https:\/\/www.igripstud.com\/fi\/igrip\/#breadcrumb"},"inLanguage":"fi","potentialAction":[{"@type":"ReadAction","target":["https:\/\/www.igripstud.com\/fi\/igrip\/"]}]},{"@type":"ImageObject","inLanguage":"fi","@id":"https:\/\/www.igripstud.com\/fi\/igrip\/#primaryimage","url":"https:\/\/www.igripstud.com\/wp-content\/uploads\/2018\/09\/igrip-entete.jpg","contentUrl":"https:\/\/www.igripstud.com\/wp-content\/uploads\/2018\/09\/igrip-entete.jpg","width":1920,"height":576},{"@type":"BreadcrumbList","@id":"https:\/\/www.igripstud.com\/fi\/igrip\/#breadcrumb","itemListElement":[{"@type":"ListItem","position":1,"name":"Accueil","item":"https:\/\/www.igripstud.com\/fi\/"},{"@type":"ListItem","position":2,"name":"IGrip"}]},{"@type":"WebSite","@id":"https:\/\/www.igripstud.com\/#website","url":"https:\/\/www.igripstud.com\/","name":"IGrip - Crampons vissables","description":"Des crampons adapt\u00e9s pour tout type de v\u00e9hicules!","publisher":{"@id":"https:\/\/www.igripstud.com\/#organization"},"potentialAction":[{"@type":"SearchAction","target":{"@type":"EntryPoint","urlTemplate":"https:\/\/www.igripstud.com\/?s={search_term_string}"},"query-input":{"@type":"PropertyValueSpecification","valueRequired":true,"valueName":"search_term_string"}}],"inLanguage":"fi"},{"@type":"Organization","@id":"https:\/\/www.igripstud.com\/#organization","name":"Igrip","url":"https:\/\/www.igripstud.com\/","logo":{"@type":"ImageObject","inLanguage":"fi","@id":"https:\/\/www.igripstud.com\/#\/schema\/logo\/image\/","url":"https:\/\/www.igripstud.com\/wp-content\/uploads\/2018\/08\/screenshot.png","contentUrl":"https:\/\/www.igripstud.com\/wp-content\/uploads\/2018\/08\/screenshot.png","width":880,"height":660,"caption":"Igrip"},"image":{"@id":"https:\/\/www.igripstud.com\/#\/schema\/logo\/image\/"},"sameAs":["https:\/\/www.facebook.com\/IGRIPstud\/","https:\/\/www.instagram.com\/igripstud\/"]}]}},"_links":{"self":[{"href":"https:\/\/www.igripstud.com\/fi\/wp-json\/wp\/v2\/pages\/1951","targetHints":{"allow":["GET"]}}],"collection":[{"href":"https:\/\/www.igripstud.com\/fi\/wp-json\/wp\/v2\/pages"}],"about":[{"href":"https:\/\/www.igripstud.com\/fi\/wp-json\/wp\/v2\/types\/page"}],"author":[{"embeddable":true,"href":"https:\/\/www.igripstud.com\/fi\/wp-json\/wp\/v2\/users\/1"}],"replies":[{"embeddable":true,"href":"https:\/\/www.igripstud.com\/fi\/wp-json\/wp\/v2\/comments?post=1951"}],"version-history":[{"count":0,"href":"https:\/\/www.igripstud.com\/fi\/wp-json\/wp\/v2\/pages\/1951\/revisions"}],"wp:featuredmedia":[{"embeddable":true,"href":"https:\/\/www.igripstud.com\/fi\/wp-json\/wp\/v2\/media\/1953"}],"wp:attachment":[{"href":"https:\/\/www.igripstud.com\/fi\/wp-json\/wp\/v2\/media?parent=1951"}],"curies":[{"name":"wp","href":"https:\/\/api.w.org\/{rel}","templated":true}]}}