{"id":23,"date":"2018-08-08T10:16:22","date_gmt":"2018-08-08T14:16:22","guid":{"rendered":"https:\/\/votrenouveausite.ca\/igrip2018\/?page_id=23"},"modified":"2024-02-20T09:28:46","modified_gmt":"2024-02-20T14:28:46","slug":"medias","status":"publish","type":"page","link":"https:\/\/www.igripstud.com\/fr\/medias\/","title":{"rendered":"M\u00e9dias"},"content":{"rendered":"<h1 style=\"text-align: center;\"><span style=\"color: #f48021;\">On parle d'IGRIP<\/span><\/h1>\n<p class=\"p1\" style=\"text-align: center;\"><span class=\"s1\">Voici des extraits, liens, copies d\u2019articles et de commentaires recueillis \u00e0 propos des crampons IGrip.<\/span><\/p>\n<p>Article forestier <a href=\"https:\/\/www.canva.com\/design\/DAF60E-XAy8\/wsMoAo8xQamK2TFfm8aerg\/view?utm_content=DAF60E-XAy8&amp;utm_campaign=designshare&amp;utm_medium=link&amp;utm_source=editor\" target=\"_blank\" rel=\"noopener\">iGRiP, au service de l'industrie foresti\u00e8re<\/a><\/p>\n<p><img loading=\"lazy\" decoding=\"async\" class=\" wp-image-5507 alignnone\" src=\"https:\/\/www.igripstud.com\/wp-content\/uploads\/2024\/02\/image-360x250.png\" alt=\"\" width=\"323\" height=\"224\" srcset=\"https:\/\/www.igripstud.com\/wp-content\/uploads\/2024\/02\/image-360x250.png 360w, https:\/\/www.igripstud.com\/wp-content\/uploads\/2024\/02\/image-1024x711.png 1024w, https:\/\/www.igripstud.com\/wp-content\/uploads\/2024\/02\/image-768x534.png 768w, https:\/\/www.igripstud.com\/wp-content\/uploads\/2024\/02\/image.png 1130w\" sizes=\"auto, (max-width: 323px) 100vw, 323px\" \/><\/p>\n<p>Article du Journal du Qu\u00e9bec <a href=\"https:\/\/www.journaldequebec.com\/2023\/12\/05\/choisissez-igrip-pour-votre-securite\" target=\"_blank\" rel=\"noopener\">Choisissez iGRiP pour votre s\u00e9curit\u00e9<\/a><\/p>\n<p><img loading=\"lazy\" decoding=\"async\" class=\" wp-image-5513 alignnone\" src=\"https:\/\/www.igripstud.com\/wp-content\/uploads\/2024\/02\/iGrip-13a-360x227.jpg\" alt=\"\" width=\"325\" height=\"205\" srcset=\"https:\/\/www.igripstud.com\/wp-content\/uploads\/2024\/02\/iGrip-13a-360x227.jpg 360w, https:\/\/www.igripstud.com\/wp-content\/uploads\/2024\/02\/iGrip-13a-1024x646.jpg 1024w, https:\/\/www.igripstud.com\/wp-content\/uploads\/2024\/02\/iGrip-13a-768x484.jpg 768w, https:\/\/www.igripstud.com\/wp-content\/uploads\/2024\/02\/iGrip-13a-1536x969.jpg 1536w, https:\/\/www.igripstud.com\/wp-content\/uploads\/2024\/02\/iGrip-13a.jpg 1969w\" sizes=\"auto, (max-width: 325px) 100vw, 325px\" \/><\/p>\n<p class=\"p1\"><span class=\"s1\">Vid\u00e9o de <a href=\"https:\/\/www.youtube.com\/watch?v=uRIbbtGTCTg\" target=\"_blank\" rel=\"noopener noreferrer\">Go Riding\u00a0<\/a><\/span><\/p>\n<p><img decoding=\"async\" src=\"https:\/\/yt3.googleusercontent.com\/ytc\/AIf8zZSC0qfGywYUwfZcl4xOREVjAlLSTqxCkF-ra-2yaA=s176-c-k-c0x00ffffff-no-rj\" \/><\/p>\n<p>Commentaire sur le forum<a href=\"https:\/\/ty4stroke.com\/threads\/my-2018-apex-50th-xtx.149857\/page-2\" target=\"_blank\" rel=\"noopener noreferrer\"> ty4stroke.com<\/a><\/p>\n<p>Article sur le forum <a href=\"https:\/\/ty4stroke.com\/threads\/igripstuds-com.150015\/\" target=\"_blank\" rel=\"noopener noreferrer\">ty4stroke.com<\/a> suite au Novi Snow show<\/p>\n<p><img loading=\"lazy\" decoding=\"async\" class=\"alignnone\" src=\"https:\/\/ty4stroke.com\/attachments\/img_3703-custom-jpg.132717\/\" width=\"328\" height=\"246\" \/><\/p>\n<p>Article sur <a href=\"http:\/\/www.dootalk.com\/forums\/topic\/1438090-i-grip-studs-in-a-talon-45-177-track-pictures-details\/\">dootalk.com<\/a><\/p>\n<p>&nbsp;<\/p>\n<!-- AddThis Advanced Settings generic via filter on the_content --><!-- AddThis Share Buttons generic via filter on the_content -->","protected":false},"excerpt":{"rendered":"<p>On parle d'IGRIP Voici des extraits, liens, copies d\u2019articles et de commentaires recueillis \u00e0 propos des crampons IGrip. Article forestier iGRiP, au service de l'industrie foresti\u00e8re Article du Journal du Qu\u00e9bec Choisissez iGRiP pour votre s\u00e9curit\u00e9 Vid\u00e9o de Go Riding\u00a0 Commentaire sur le forum ty4stroke.com Article sur le forum ty4stroke.com suite au Novi Snow show &hellip; <a href=\"https:\/\/www.igripstud.com\/fr\/medias\/\">Continued<\/a><!-- AddThis Advanced Settings generic via filter on get_the_excerpt --><!-- AddThis Share Buttons generic via filter on get_the_excerpt --><\/p>\n","protected":false},"author":1,"featured_media":0,"parent":0,"menu_order":0,"comment_status":"closed","ping_status":"closed","template":"","meta":{"_acf_changed":false,"_monsterinsights_skip_tracking":false,"_monsterinsights_sitenote_active":false,"_monsterinsights_sitenote_note":"","_monsterinsights_sitenote_category":0,"footnotes":""},"class_list":["post-23","page","type-page","status-publish","hentry"],"acf":[],"yoast_head":"<!-- This site is optimized with the Yoast SEO plugin v27.5 - https:\/\/yoast.com\/product\/yoast-seo-wordpress\/ -->\n<title>M\u00e9dias - IGrip - Crampons vissables<\/title>\n<meta name=\"robots\" content=\"index, follow, max-snippet:-1, max-image-preview:large, max-video-preview:-1\" \/>\n<link rel=\"canonical\" href=\"https:\/\/www.igripstud.com\/fr\/medias\/\" \/>\n<meta property=\"og:locale\" content=\"fr_FR\" \/>\n<meta property=\"og:type\" content=\"article\" \/>\n<meta property=\"og:title\" content=\"M\u00e9dias - IGrip - Crampons vissables\" \/>\n<meta property=\"og:description\" content=\"On parle d&#039;IGRIP Voici des extraits, liens, copies d\u2019articles et de commentaires recueillis \u00e0 propos des crampons IGrip. Article forestier iGRiP, au service de l&#039;industrie foresti\u00e8re Article du Journal du Qu\u00e9bec Choisissez iGRiP pour votre s\u00e9curit\u00e9 Vid\u00e9o de Go Riding\u00a0 Commentaire sur le forum ty4stroke.com Article sur le forum ty4stroke.com suite au Novi Snow show &hellip; Continued\" \/>\n<meta property=\"og:url\" content=\"https:\/\/www.igripstud.com\/fr\/medias\/\" \/>\n<meta property=\"og:site_name\" content=\"IGrip - Crampons vissables\" \/>\n<meta property=\"article:publisher\" content=\"https:\/\/www.facebook.com\/IGRIPstud\/\" \/>\n<meta property=\"article:modified_time\" content=\"2024-02-20T14:28:46+00:00\" \/>\n<meta property=\"og:image\" content=\"https:\/\/www.igripstud.com\/wp-content\/uploads\/2024\/02\/image-360x250.png\" \/>\n<meta name=\"twitter:card\" content=\"summary_large_image\" \/>\n<meta name=\"twitter:label1\" content=\"Dur\u00e9e de lecture estim\u00e9e\" \/>\n\t<meta name=\"twitter:data1\" content=\"2 minutes\" \/>\n<script type=\"application\/ld+json\" class=\"yoast-schema-graph\">{\"@context\":\"https:\\\/\\\/schema.org\",\"@graph\":[{\"@type\":\"WebPage\",\"@id\":\"https:\\\/\\\/www.igripstud.com\\\/fr\\\/medias\\\/\",\"url\":\"https:\\\/\\\/www.igripstud.com\\\/fr\\\/medias\\\/\",\"name\":\"M\u00e9dias - IGrip - Crampons vissables\",\"isPartOf\":{\"@id\":\"https:\\\/\\\/www.igripstud.com\\\/#website\"},\"primaryImageOfPage\":{\"@id\":\"https:\\\/\\\/www.igripstud.com\\\/fr\\\/medias\\\/#primaryimage\"},\"image\":{\"@id\":\"https:\\\/\\\/www.igripstud.com\\\/fr\\\/medias\\\/#primaryimage\"},\"thumbnailUrl\":\"https:\\\/\\\/www.igripstud.com\\\/wp-content\\\/uploads\\\/2024\\\/02\\\/image-360x250.png\",\"datePublished\":\"2018-08-08T14:16:22+00:00\",\"dateModified\":\"2024-02-20T14:28:46+00:00\",\"breadcrumb\":{\"@id\":\"https:\\\/\\\/www.igripstud.com\\\/fr\\\/medias\\\/#breadcrumb\"},\"inLanguage\":\"fr-FR\",\"potentialAction\":[{\"@type\":\"ReadAction\",\"target\":[\"https:\\\/\\\/www.igripstud.com\\\/fr\\\/medias\\\/\"]}]},{\"@type\":\"ImageObject\",\"inLanguage\":\"fr-FR\",\"@id\":\"https:\\\/\\\/www.igripstud.com\\\/fr\\\/medias\\\/#primaryimage\",\"url\":\"https:\\\/\\\/www.igripstud.com\\\/wp-content\\\/uploads\\\/2024\\\/02\\\/image-360x250.png\",\"contentUrl\":\"https:\\\/\\\/www.igripstud.com\\\/wp-content\\\/uploads\\\/2024\\\/02\\\/image-360x250.png\"},{\"@type\":\"BreadcrumbList\",\"@id\":\"https:\\\/\\\/www.igripstud.com\\\/fr\\\/medias\\\/#breadcrumb\",\"itemListElement\":[{\"@type\":\"ListItem\",\"position\":1,\"name\":\"Accueil\",\"item\":\"https:\\\/\\\/www.igripstud.com\\\/fr\\\/\"},{\"@type\":\"ListItem\",\"position\":2,\"name\":\"M\u00e9dias\"}]},{\"@type\":\"WebSite\",\"@id\":\"https:\\\/\\\/www.igripstud.com\\\/#website\",\"url\":\"https:\\\/\\\/www.igripstud.com\\\/\",\"name\":\"IGrip - Crampons vissables\",\"description\":\"Des crampons adapt\u00e9s pour tout type de v\u00e9hicules!\",\"publisher\":{\"@id\":\"https:\\\/\\\/www.igripstud.com\\\/#organization\"},\"potentialAction\":[{\"@type\":\"SearchAction\",\"target\":{\"@type\":\"EntryPoint\",\"urlTemplate\":\"https:\\\/\\\/www.igripstud.com\\\/?s={search_term_string}\"},\"query-input\":{\"@type\":\"PropertyValueSpecification\",\"valueRequired\":true,\"valueName\":\"search_term_string\"}}],\"inLanguage\":\"fr-FR\"},{\"@type\":\"Organization\",\"@id\":\"https:\\\/\\\/www.igripstud.com\\\/#organization\",\"name\":\"Igrip\",\"url\":\"https:\\\/\\\/www.igripstud.com\\\/\",\"logo\":{\"@type\":\"ImageObject\",\"inLanguage\":\"fr-FR\",\"@id\":\"https:\\\/\\\/www.igripstud.com\\\/#\\\/schema\\\/logo\\\/image\\\/\",\"url\":\"https:\\\/\\\/www.igripstud.com\\\/wp-content\\\/uploads\\\/2018\\\/08\\\/screenshot.png\",\"contentUrl\":\"https:\\\/\\\/www.igripstud.com\\\/wp-content\\\/uploads\\\/2018\\\/08\\\/screenshot.png\",\"width\":880,\"height\":660,\"caption\":\"Igrip\"},\"image\":{\"@id\":\"https:\\\/\\\/www.igripstud.com\\\/#\\\/schema\\\/logo\\\/image\\\/\"},\"sameAs\":[\"https:\\\/\\\/www.facebook.com\\\/IGRIPstud\\\/\",\"https:\\\/\\\/www.instagram.com\\\/igripstud\\\/\"]}]}<\/script>\n<!-- \/ Yoast SEO plugin. -->","yoast_head_json":{"title":"M\u00e9dias - IGrip - Crampons vissables","robots":{"index":"index","follow":"follow","max-snippet":"max-snippet:-1","max-image-preview":"max-image-preview:large","max-video-preview":"max-video-preview:-1"},"canonical":"https:\/\/www.igripstud.com\/fr\/medias\/","og_locale":"fr_FR","og_type":"article","og_title":"M\u00e9dias - IGrip - Crampons vissables","og_description":"On parle d'IGRIP Voici des extraits, liens, copies d\u2019articles et de commentaires recueillis \u00e0 propos des crampons IGrip. Article forestier iGRiP, au service de l'industrie foresti\u00e8re Article du Journal du Qu\u00e9bec Choisissez iGRiP pour votre s\u00e9curit\u00e9 Vid\u00e9o de Go Riding\u00a0 Commentaire sur le forum ty4stroke.com Article sur le forum ty4stroke.com suite au Novi Snow show &hellip; Continued","og_url":"https:\/\/www.igripstud.com\/fr\/medias\/","og_site_name":"IGrip - Crampons vissables","article_publisher":"https:\/\/www.facebook.com\/IGRIPstud\/","article_modified_time":"2024-02-20T14:28:46+00:00","og_image":[{"url":"https:\/\/www.igripstud.com\/wp-content\/uploads\/2024\/02\/image-360x250.png","type":"","width":"","height":""}],"twitter_card":"summary_large_image","twitter_misc":{"Dur\u00e9e de lecture estim\u00e9e":"2 minutes"},"schema":{"@context":"https:\/\/schema.org","@graph":[{"@type":"WebPage","@id":"https:\/\/www.igripstud.com\/fr\/medias\/","url":"https:\/\/www.igripstud.com\/fr\/medias\/","name":"M\u00e9dias - IGrip - Crampons vissables","isPartOf":{"@id":"https:\/\/www.igripstud.com\/#website"},"primaryImageOfPage":{"@id":"https:\/\/www.igripstud.com\/fr\/medias\/#primaryimage"},"image":{"@id":"https:\/\/www.igripstud.com\/fr\/medias\/#primaryimage"},"thumbnailUrl":"https:\/\/www.igripstud.com\/wp-content\/uploads\/2024\/02\/image-360x250.png","datePublished":"2018-08-08T14:16:22+00:00","dateModified":"2024-02-20T14:28:46+00:00","breadcrumb":{"@id":"https:\/\/www.igripstud.com\/fr\/medias\/#breadcrumb"},"inLanguage":"fr-FR","potentialAction":[{"@type":"ReadAction","target":["https:\/\/www.igripstud.com\/fr\/medias\/"]}]},{"@type":"ImageObject","inLanguage":"fr-FR","@id":"https:\/\/www.igripstud.com\/fr\/medias\/#primaryimage","url":"https:\/\/www.igripstud.com\/wp-content\/uploads\/2024\/02\/image-360x250.png","contentUrl":"https:\/\/www.igripstud.com\/wp-content\/uploads\/2024\/02\/image-360x250.png"},{"@type":"BreadcrumbList","@id":"https:\/\/www.igripstud.com\/fr\/medias\/#breadcrumb","itemListElement":[{"@type":"ListItem","position":1,"name":"Accueil","item":"https:\/\/www.igripstud.com\/fr\/"},{"@type":"ListItem","position":2,"name":"M\u00e9dias"}]},{"@type":"WebSite","@id":"https:\/\/www.igripstud.com\/#website","url":"https:\/\/www.igripstud.com\/","name":"IGrip - Crampons vissables","description":"Des crampons adapt\u00e9s pour tout type de v\u00e9hicules!","publisher":{"@id":"https:\/\/www.igripstud.com\/#organization"},"potentialAction":[{"@type":"SearchAction","target":{"@type":"EntryPoint","urlTemplate":"https:\/\/www.igripstud.com\/?s={search_term_string}"},"query-input":{"@type":"PropertyValueSpecification","valueRequired":true,"valueName":"search_term_string"}}],"inLanguage":"fr-FR"},{"@type":"Organization","@id":"https:\/\/www.igripstud.com\/#organization","name":"Igrip","url":"https:\/\/www.igripstud.com\/","logo":{"@type":"ImageObject","inLanguage":"fr-FR","@id":"https:\/\/www.igripstud.com\/#\/schema\/logo\/image\/","url":"https:\/\/www.igripstud.com\/wp-content\/uploads\/2018\/08\/screenshot.png","contentUrl":"https:\/\/www.igripstud.com\/wp-content\/uploads\/2018\/08\/screenshot.png","width":880,"height":660,"caption":"Igrip"},"image":{"@id":"https:\/\/www.igripstud.com\/#\/schema\/logo\/image\/"},"sameAs":["https:\/\/www.facebook.com\/IGRIPstud\/","https:\/\/www.instagram.com\/igripstud\/"]}]}},"_links":{"self":[{"href":"https:\/\/www.igripstud.com\/fr\/wp-json\/wp\/v2\/pages\/23","targetHints":{"allow":["GET"]}}],"collection":[{"href":"https:\/\/www.igripstud.com\/fr\/wp-json\/wp\/v2\/pages"}],"about":[{"href":"https:\/\/www.igripstud.com\/fr\/wp-json\/wp\/v2\/types\/page"}],"author":[{"embeddable":true,"href":"https:\/\/www.igripstud.com\/fr\/wp-json\/wp\/v2\/users\/1"}],"replies":[{"embeddable":true,"href":"https:\/\/www.igripstud.com\/fr\/wp-json\/wp\/v2\/comments?post=23"}],"version-history":[{"count":17,"href":"https:\/\/www.igripstud.com\/fr\/wp-json\/wp\/v2\/pages\/23\/revisions"}],"predecessor-version":[{"id":5519,"href":"https:\/\/www.igripstud.com\/fr\/wp-json\/wp\/v2\/pages\/23\/revisions\/5519"}],"wp:attachment":[{"href":"https:\/\/www.igripstud.com\/fr\/wp-json\/wp\/v2\/media?parent=23"}],"curies":[{"name":"wp","href":"https:\/\/api.w.org\/{rel}","templated":true}]}}