{"id":5,"date":"2018-08-08T13:31:58","date_gmt":"2018-08-08T13:31:58","guid":{"rendered":"https:\/\/votrenouveausite.ca\/igrip2018\/?page_id=5"},"modified":"2018-09-24T10:17:00","modified_gmt":"2018-09-24T14:17:00","slug":"accueil","status":"publish","type":"page","link":"https:\/\/www.igripstud.com\/fr\/","title":{"rendered":"Accueil"},"content":{"rendered":"<h2 class=\"p1\"><i>IGRIP<\/i> CRAMPONS VISSABLES<\/h2>\n<p>iGrip est une compagnie canadienne sp\u00e9cialis\u00e9e dans la conception et la fabrication de crampons vissables depuis 2015, cumulant au total plus de 10 ans d\u2019exp\u00e9rience dans le domaine. Novateurs, au design unique et de qualit\u00e9 sup\u00e9rieure, nos crampons adapt\u00e9s pour tout type de v\u00e9hicules sauront r\u00e9pondre \u00e0 vos besoins.<\/p>\n<p>La r\u00e9putation de nos produits n\u2019est plus \u00e0 faire, tant au niveau de la s\u00e9curit\u00e9 et de la facilit\u00e9 d\u2019installation que de notre offre compl\u00e8te de solutions durables adapt\u00e9es aux conditions climatiques. Nous avons plusieurs types de crampons con\u00e7us pour les automobiles, v\u00e9hicules agricoles, machinerie lourde, machinerie l\u00e9g\u00e8re, v\u00e9hicules r\u00e9cr\u00e9atifs, motoneiges, v\u00e9hicules forestiers, v\u00e9hicules militaires, v\u00e9hicules miniers, v\u00e9los ainsi que pour les bottes de s\u00e9curit\u00e9.<\/p>\n<p><a href=\"\/?page_id=9\" style=\"color:#fff;\">En savoir plus...<\/a><\/p>\n<!-- AddThis Advanced Settings generic via filter on the_content --><!-- AddThis Share Buttons generic via filter on the_content -->","protected":false},"excerpt":{"rendered":"<p>IGRIP CRAMPONS VISSABLES iGrip est une compagnie canadienne sp\u00e9cialis\u00e9e dans la conception et la fabrication de crampons vissables depuis 2015, cumulant au total plus de 10 ans d\u2019exp\u00e9rience dans le domaine. Novateurs, au design unique et de qualit\u00e9 sup\u00e9rieure, nos crampons adapt\u00e9s pour tout type de v\u00e9hicules sauront r\u00e9pondre \u00e0 vos besoins. La r\u00e9putation de &hellip; <a href=\"https:\/\/www.igripstud.com\/fr\/\">Continued<\/a><!-- AddThis Advanced Settings generic via filter on get_the_excerpt --><!-- AddThis Share Buttons generic via filter on get_the_excerpt --><\/p>\n","protected":false},"author":1,"featured_media":0,"parent":0,"menu_order":0,"comment_status":"closed","ping_status":"closed","template":"","meta":{"_acf_changed":false,"_monsterinsights_skip_tracking":false,"_monsterinsights_sitenote_active":false,"_monsterinsights_sitenote_note":"","_monsterinsights_sitenote_category":0,"footnotes":""},"class_list":["post-5","page","type-page","status-publish","hentry"],"acf":[],"yoast_head":"<!-- This site is optimized with the Yoast SEO plugin v27.0 - https:\/\/yoast.com\/product\/yoast-seo-wordpress\/ -->\n<title>Accueil - IGrip - Crampons vissables<\/title>\n<meta name=\"description\" content=\"iGrip est une compagnie canadienne sp\u00e9cialis\u00e9e dans la conception et la fabrication de crampons vissables depuis 2015, cumulant au total plus de 10 ans d\u2019exp\u00e9rience dans le domaine.\" \/>\n<meta name=\"robots\" content=\"index, follow, max-snippet:-1, max-image-preview:large, max-video-preview:-1\" \/>\n<link rel=\"canonical\" href=\"https:\/\/www.igripstud.com\/fr\/\" \/>\n<meta property=\"og:locale\" content=\"fr_FR\" \/>\n<meta property=\"og:type\" content=\"article\" \/>\n<meta property=\"og:title\" content=\"Accueil - IGrip - Crampons vissables\" \/>\n<meta property=\"og:description\" content=\"iGrip est une compagnie canadienne sp\u00e9cialis\u00e9e dans la conception et la fabrication de crampons vissables depuis 2015, cumulant au total plus de 10 ans d\u2019exp\u00e9rience dans le domaine.\" \/>\n<meta property=\"og:url\" content=\"https:\/\/www.igripstud.com\/fr\/\" \/>\n<meta property=\"og:site_name\" content=\"IGrip - Crampons vissables\" \/>\n<meta property=\"article:publisher\" content=\"https:\/\/www.facebook.com\/IGRIPstud\/\" \/>\n<meta property=\"article:modified_time\" content=\"2018-09-24T14:17:00+00:00\" \/>\n<meta name=\"twitter:card\" content=\"summary_large_image\" \/>\n<meta name=\"twitter:label1\" content=\"Dur\u00e9e de lecture estim\u00e9e\" \/>\n\t<meta name=\"twitter:data1\" content=\"1 minute\" \/>\n<script type=\"application\/ld+json\" class=\"yoast-schema-graph\">{\"@context\":\"https:\/\/schema.org\",\"@graph\":[{\"@type\":\"WebPage\",\"@id\":\"https:\/\/www.igripstud.com\/fr\/\",\"url\":\"https:\/\/www.igripstud.com\/fr\/\",\"name\":\"Accueil - IGrip - Crampons vissables\",\"isPartOf\":{\"@id\":\"https:\/\/www.igripstud.com\/#website\"},\"datePublished\":\"2018-08-08T13:31:58+00:00\",\"dateModified\":\"2018-09-24T14:17:00+00:00\",\"description\":\"iGrip est une compagnie canadienne sp\u00e9cialis\u00e9e dans la conception et la fabrication de crampons vissables depuis 2015, cumulant au total plus de 10 ans d\u2019exp\u00e9rience dans le domaine.\",\"breadcrumb\":{\"@id\":\"https:\/\/www.igripstud.com\/fr\/#breadcrumb\"},\"inLanguage\":\"fr-FR\",\"potentialAction\":[{\"@type\":\"ReadAction\",\"target\":[\"https:\/\/www.igripstud.com\/fr\/\"]}]},{\"@type\":\"BreadcrumbList\",\"@id\":\"https:\/\/www.igripstud.com\/fr\/#breadcrumb\",\"itemListElement\":[{\"@type\":\"ListItem\",\"position\":1,\"name\":\"Accueil\",\"item\":\"https:\/\/www.igripstud.com\/fr\/\"},{\"@type\":\"ListItem\",\"position\":2,\"name\":\"Accueil\"}]},{\"@type\":\"WebSite\",\"@id\":\"https:\/\/www.igripstud.com\/#website\",\"url\":\"https:\/\/www.igripstud.com\/\",\"name\":\"IGrip - Crampons vissables\",\"description\":\"Des crampons adapt\u00e9s pour tout type de v\u00e9hicules!\",\"publisher\":{\"@id\":\"https:\/\/www.igripstud.com\/#organization\"},\"potentialAction\":[{\"@type\":\"SearchAction\",\"target\":{\"@type\":\"EntryPoint\",\"urlTemplate\":\"https:\/\/www.igripstud.com\/?s={search_term_string}\"},\"query-input\":{\"@type\":\"PropertyValueSpecification\",\"valueRequired\":true,\"valueName\":\"search_term_string\"}}],\"inLanguage\":\"fr-FR\"},{\"@type\":\"Organization\",\"@id\":\"https:\/\/www.igripstud.com\/#organization\",\"name\":\"Igrip\",\"url\":\"https:\/\/www.igripstud.com\/\",\"logo\":{\"@type\":\"ImageObject\",\"inLanguage\":\"fr-FR\",\"@id\":\"https:\/\/www.igripstud.com\/#\/schema\/logo\/image\/\",\"url\":\"https:\/\/www.igripstud.com\/wp-content\/uploads\/2018\/08\/screenshot.png\",\"contentUrl\":\"https:\/\/www.igripstud.com\/wp-content\/uploads\/2018\/08\/screenshot.png\",\"width\":880,\"height\":660,\"caption\":\"Igrip\"},\"image\":{\"@id\":\"https:\/\/www.igripstud.com\/#\/schema\/logo\/image\/\"},\"sameAs\":[\"https:\/\/www.facebook.com\/IGRIPstud\/\",\"https:\/\/www.instagram.com\/igripstud\/\"]}]}<\/script>\n<!-- \/ Yoast SEO plugin. -->","yoast_head_json":{"title":"Accueil - IGrip - Crampons vissables","description":"iGrip est une compagnie canadienne sp\u00e9cialis\u00e9e dans la conception et la fabrication de crampons vissables depuis 2015, cumulant au total plus de 10 ans d\u2019exp\u00e9rience dans le domaine.","robots":{"index":"index","follow":"follow","max-snippet":"max-snippet:-1","max-image-preview":"max-image-preview:large","max-video-preview":"max-video-preview:-1"},"canonical":"https:\/\/www.igripstud.com\/fr\/","og_locale":"fr_FR","og_type":"article","og_title":"Accueil - IGrip - Crampons vissables","og_description":"iGrip est une compagnie canadienne sp\u00e9cialis\u00e9e dans la conception et la fabrication de crampons vissables depuis 2015, cumulant au total plus de 10 ans d\u2019exp\u00e9rience dans le domaine.","og_url":"https:\/\/www.igripstud.com\/fr\/","og_site_name":"IGrip - Crampons vissables","article_publisher":"https:\/\/www.facebook.com\/IGRIPstud\/","article_modified_time":"2018-09-24T14:17:00+00:00","twitter_card":"summary_large_image","twitter_misc":{"Dur\u00e9e de lecture estim\u00e9e":"1 minute"},"schema":{"@context":"https:\/\/schema.org","@graph":[{"@type":"WebPage","@id":"https:\/\/www.igripstud.com\/fr\/","url":"https:\/\/www.igripstud.com\/fr\/","name":"Accueil - IGrip - Crampons vissables","isPartOf":{"@id":"https:\/\/www.igripstud.com\/#website"},"datePublished":"2018-08-08T13:31:58+00:00","dateModified":"2018-09-24T14:17:00+00:00","description":"iGrip est une compagnie canadienne sp\u00e9cialis\u00e9e dans la conception et la fabrication de crampons vissables depuis 2015, cumulant au total plus de 10 ans d\u2019exp\u00e9rience dans le domaine.","breadcrumb":{"@id":"https:\/\/www.igripstud.com\/fr\/#breadcrumb"},"inLanguage":"fr-FR","potentialAction":[{"@type":"ReadAction","target":["https:\/\/www.igripstud.com\/fr\/"]}]},{"@type":"BreadcrumbList","@id":"https:\/\/www.igripstud.com\/fr\/#breadcrumb","itemListElement":[{"@type":"ListItem","position":1,"name":"Accueil","item":"https:\/\/www.igripstud.com\/fr\/"},{"@type":"ListItem","position":2,"name":"Accueil"}]},{"@type":"WebSite","@id":"https:\/\/www.igripstud.com\/#website","url":"https:\/\/www.igripstud.com\/","name":"IGrip - Crampons vissables","description":"Des crampons adapt\u00e9s pour tout type de v\u00e9hicules!","publisher":{"@id":"https:\/\/www.igripstud.com\/#organization"},"potentialAction":[{"@type":"SearchAction","target":{"@type":"EntryPoint","urlTemplate":"https:\/\/www.igripstud.com\/?s={search_term_string}"},"query-input":{"@type":"PropertyValueSpecification","valueRequired":true,"valueName":"search_term_string"}}],"inLanguage":"fr-FR"},{"@type":"Organization","@id":"https:\/\/www.igripstud.com\/#organization","name":"Igrip","url":"https:\/\/www.igripstud.com\/","logo":{"@type":"ImageObject","inLanguage":"fr-FR","@id":"https:\/\/www.igripstud.com\/#\/schema\/logo\/image\/","url":"https:\/\/www.igripstud.com\/wp-content\/uploads\/2018\/08\/screenshot.png","contentUrl":"https:\/\/www.igripstud.com\/wp-content\/uploads\/2018\/08\/screenshot.png","width":880,"height":660,"caption":"Igrip"},"image":{"@id":"https:\/\/www.igripstud.com\/#\/schema\/logo\/image\/"},"sameAs":["https:\/\/www.facebook.com\/IGRIPstud\/","https:\/\/www.instagram.com\/igripstud\/"]}]}},"_links":{"self":[{"href":"https:\/\/www.igripstud.com\/fr\/wp-json\/wp\/v2\/pages\/5","targetHints":{"allow":["GET"]}}],"collection":[{"href":"https:\/\/www.igripstud.com\/fr\/wp-json\/wp\/v2\/pages"}],"about":[{"href":"https:\/\/www.igripstud.com\/fr\/wp-json\/wp\/v2\/types\/page"}],"author":[{"embeddable":true,"href":"https:\/\/www.igripstud.com\/fr\/wp-json\/wp\/v2\/users\/1"}],"replies":[{"embeddable":true,"href":"https:\/\/www.igripstud.com\/fr\/wp-json\/wp\/v2\/comments?post=5"}],"version-history":[{"count":8,"href":"https:\/\/www.igripstud.com\/fr\/wp-json\/wp\/v2\/pages\/5\/revisions"}],"predecessor-version":[{"id":2227,"href":"https:\/\/www.igripstud.com\/fr\/wp-json\/wp\/v2\/pages\/5\/revisions\/2227"}],"wp:attachment":[{"href":"https:\/\/www.igripstud.com\/fr\/wp-json\/wp\/v2\/media?parent=5"}],"curies":[{"name":"wp","href":"https:\/\/api.w.org\/{rel}","templated":true}]}}