{"id":9,"date":"2018-08-08T10:08:33","date_gmt":"2018-08-08T14:08:33","guid":{"rendered":"https:\/\/votrenouveausite.ca\/igrip2018\/?page_id=9"},"modified":"2020-10-02T13:37:49","modified_gmt":"2020-10-02T17:37:49","slug":"igrip","status":"publish","type":"page","link":"https:\/\/www.igripstud.com\/fr\/igrip\/","title":{"rendered":"IGrip"},"content":{"rendered":"<h1>\u00c0 propos des crampons <em>IGRIP<\/em><\/h1>\n<p>iGrip est une compagnie canadienne sp\u00e9cialis\u00e9e dans la conception et la fabrication de crampons vissables depuis 2015, cumulant au total plus de 10 ans d\u2019exp\u00e9rience dans le domaine. Novateurs, au design unique et de qualit\u00e9 sup\u00e9rieure, nos crampons adapt\u00e9s pour tout type de v\u00e9hicules sauront r\u00e9pondre \u00e0 vos besoins.<\/p>\n<p>La r\u00e9putation de nos produits n\u2019est plus \u00e0 faire, tant au niveau de la s\u00e9curit\u00e9 et de la facilit\u00e9 d\u2019installation que de notre offre compl\u00e8te de solutions durables adapt\u00e9es aux conditions climatiques. Nous avons plusieurs types de crampons con\u00e7us pour les automobiles, v\u00e9hicules agricoles, machinerie lourde, machinerie l\u00e9g\u00e8re, v\u00e9hicules r\u00e9cr\u00e9atifs, motoneiges, v\u00e9hicules forestiers, v\u00e9hicules militaires, v\u00e9hicules miniers, v\u00e9los ainsi que pour les bottes de s\u00e9curit\u00e9.<\/p>\n<p>Tous les crampons iGrip sont fabriqu\u00e9s d\u2019acier tremp\u00e9 \u00e0 chaud pour maximiser leur durabilit\u00e9 et d\u2019une galvanisation thermique au zinc agissant comme bouclier contre la corrosion. Tous les crampons sont munis d\u2019une pointe au carbure de tungst\u00e8ne pour permettre une traction continue et amplifi\u00e9e. Celle-ci est possible gr\u00e2ce \u00e0 la profondeur sans \u00e9gal de l\u2019ancrage des crampons dans la glace. Avec son installation simple et rapide, notamment gr\u00e2ce \u00e0 l\u2019outil fourni, le crampon iGrip peut \u00eatre utilis\u00e9 sans probl\u00e8me pendant plus d\u2019une saison sur des pneus neufs ou usag\u00e9s. Les crampons sont \u00e9galement faciles \u00e0 retirer, au besoin.<\/p>\n<p>L\u2019innovation et le d\u00e9veloppement de nouveaux produits sont monnaie courante chez crampons iGrip. Nous sommes \u00e0 l\u2019\u00e9coute de notre client\u00e8le et nous n\u2019h\u00e9sitons pas \u00e0 cr\u00e9er de nouveaux produits pour satisfaire ceux-ci. Avec notre grande capacit\u00e9 de production, nous servons aussi bien les utilisateurs que les fabricants de machineries.<\/p>\n<p>Vous avez des questions\u00a0? <a href=\"\/?page_id=38\">Contactez-nous<\/a> ! Notre personnel exp\u00e9riment\u00e9 et passionn\u00e9 pourra r\u00e9pondre \u00e0 toutes vos questions concernant les pneus et les crampons.<\/p>\n<h2>Avantages d'utiliser les crampons iGrip<\/h2>\n<ul>\n<li>Facile \u00e0 installer (outil et guide fourni) et \u00e0 retirer (pas besoin d\u2019avoir des pneus d\u2019\u00e9t\u00e9 et des pneus d\u2019hiver)<\/li>\n<li>Performance accrue en hors route<\/li>\n<li>\u00c9conomie d\u2019essence<\/li>\n<li>Excellente alternative aux cha\u00eenes (moins bruyant et moins dispendieux)<\/li>\n<li>Excellente alternative aux traditionnels \u2018\u2019tire studs\u2019\u2019<\/li>\n<li>S\u00e9curit\u00e9 accrue<\/li>\n<li>Meilleure adh\u00e9rence<\/li>\n<li>Conduite plus stable<\/li>\n<li>Am\u00e9lioration de la capacit\u00e9 de freinage du v\u00e9hicule<\/li>\n<li>Grande durabilit\u00e9 (plusieurs saisons)<\/li>\n<li>L\u00e9gers<\/li>\n<li>Silencieux<\/li>\n<\/ul>\n<!-- AddThis Advanced Settings generic via filter on the_content --><!-- AddThis Share Buttons generic via filter on the_content -->","protected":false},"excerpt":{"rendered":"<p>\u00c0 propos des crampons IGRIP iGrip est une compagnie canadienne sp\u00e9cialis\u00e9e dans la conception et la fabrication de crampons vissables depuis 2015, cumulant au total plus de 10 ans d\u2019exp\u00e9rience dans le domaine. Novateurs, au design unique et de qualit\u00e9 sup\u00e9rieure, nos crampons adapt\u00e9s pour tout type de v\u00e9hicules sauront r\u00e9pondre \u00e0 vos besoins. La &hellip; <a href=\"https:\/\/www.igripstud.com\/fr\/igrip\/\">Continued<\/a><!-- AddThis Advanced Settings generic via filter on get_the_excerpt --><!-- AddThis Share Buttons generic via filter on get_the_excerpt --><\/p>\n","protected":false},"author":1,"featured_media":768,"parent":0,"menu_order":0,"comment_status":"closed","ping_status":"closed","template":"","meta":{"_acf_changed":false,"_monsterinsights_skip_tracking":false,"_monsterinsights_sitenote_active":false,"_monsterinsights_sitenote_note":"","_monsterinsights_sitenote_category":0,"footnotes":""},"class_list":["post-9","page","type-page","status-publish","has-post-thumbnail","hentry"],"acf":[],"yoast_head":"<!-- This site is optimized with the Yoast SEO plugin v27.0 - https:\/\/yoast.com\/product\/yoast-seo-wordpress\/ -->\n<title>IGrip - IGrip - Crampons vissables<\/title>\n<meta name=\"robots\" content=\"index, follow, max-snippet:-1, max-image-preview:large, max-video-preview:-1\" \/>\n<link rel=\"canonical\" href=\"https:\/\/www.igripstud.com\/fr\/igrip\/\" \/>\n<meta property=\"og:locale\" content=\"fr_FR\" \/>\n<meta property=\"og:type\" content=\"article\" \/>\n<meta property=\"og:title\" content=\"IGrip - IGrip - Crampons vissables\" \/>\n<meta property=\"og:description\" content=\"\u00c0 propos des crampons IGRIP iGrip est une compagnie canadienne sp\u00e9cialis\u00e9e dans la conception et la fabrication de crampons vissables depuis 2015, cumulant au total plus de 10 ans d\u2019exp\u00e9rience dans le domaine. Novateurs, au design unique et de qualit\u00e9 sup\u00e9rieure, nos crampons adapt\u00e9s pour tout type de v\u00e9hicules sauront r\u00e9pondre \u00e0 vos besoins. La &hellip; Continued\" \/>\n<meta property=\"og:url\" content=\"https:\/\/www.igripstud.com\/fr\/igrip\/\" \/>\n<meta property=\"og:site_name\" content=\"IGrip - Crampons vissables\" \/>\n<meta property=\"article:publisher\" content=\"https:\/\/www.facebook.com\/IGRIPstud\/\" \/>\n<meta property=\"article:modified_time\" content=\"2020-10-02T17:37:49+00:00\" \/>\n<meta property=\"og:image\" content=\"https:\/\/www.igripstud.com\/wp-content\/uploads\/2018\/09\/igrip-entete.jpg\" \/>\n\t<meta property=\"og:image:width\" content=\"1920\" \/>\n\t<meta property=\"og:image:height\" content=\"576\" \/>\n\t<meta property=\"og:image:type\" content=\"image\/jpeg\" \/>\n<meta name=\"twitter:card\" content=\"summary_large_image\" \/>\n<meta name=\"twitter:label1\" content=\"Dur\u00e9e de lecture estim\u00e9e\" \/>\n\t<meta name=\"twitter:data1\" content=\"2 minutes\" \/>\n<script type=\"application\/ld+json\" class=\"yoast-schema-graph\">{\"@context\":\"https:\/\/schema.org\",\"@graph\":[{\"@type\":\"WebPage\",\"@id\":\"https:\/\/www.igripstud.com\/fr\/igrip\/\",\"url\":\"https:\/\/www.igripstud.com\/fr\/igrip\/\",\"name\":\"IGrip - IGrip - Crampons vissables\",\"isPartOf\":{\"@id\":\"https:\/\/www.igripstud.com\/#website\"},\"primaryImageOfPage\":{\"@id\":\"https:\/\/www.igripstud.com\/fr\/igrip\/#primaryimage\"},\"image\":{\"@id\":\"https:\/\/www.igripstud.com\/fr\/igrip\/#primaryimage\"},\"thumbnailUrl\":\"https:\/\/www.igripstud.com\/wp-content\/uploads\/2018\/09\/igrip-entete.jpg\",\"datePublished\":\"2018-08-08T14:08:33+00:00\",\"dateModified\":\"2020-10-02T17:37:49+00:00\",\"breadcrumb\":{\"@id\":\"https:\/\/www.igripstud.com\/fr\/igrip\/#breadcrumb\"},\"inLanguage\":\"fr-FR\",\"potentialAction\":[{\"@type\":\"ReadAction\",\"target\":[\"https:\/\/www.igripstud.com\/fr\/igrip\/\"]}]},{\"@type\":\"ImageObject\",\"inLanguage\":\"fr-FR\",\"@id\":\"https:\/\/www.igripstud.com\/fr\/igrip\/#primaryimage\",\"url\":\"https:\/\/www.igripstud.com\/wp-content\/uploads\/2018\/09\/igrip-entete.jpg\",\"contentUrl\":\"https:\/\/www.igripstud.com\/wp-content\/uploads\/2018\/09\/igrip-entete.jpg\",\"width\":1920,\"height\":576},{\"@type\":\"BreadcrumbList\",\"@id\":\"https:\/\/www.igripstud.com\/fr\/igrip\/#breadcrumb\",\"itemListElement\":[{\"@type\":\"ListItem\",\"position\":1,\"name\":\"Accueil\",\"item\":\"https:\/\/www.igripstud.com\/fr\/\"},{\"@type\":\"ListItem\",\"position\":2,\"name\":\"IGrip\"}]},{\"@type\":\"WebSite\",\"@id\":\"https:\/\/www.igripstud.com\/#website\",\"url\":\"https:\/\/www.igripstud.com\/\",\"name\":\"IGrip - Crampons vissables\",\"description\":\"Des crampons adapt\u00e9s pour tout type de v\u00e9hicules!\",\"publisher\":{\"@id\":\"https:\/\/www.igripstud.com\/#organization\"},\"potentialAction\":[{\"@type\":\"SearchAction\",\"target\":{\"@type\":\"EntryPoint\",\"urlTemplate\":\"https:\/\/www.igripstud.com\/?s={search_term_string}\"},\"query-input\":{\"@type\":\"PropertyValueSpecification\",\"valueRequired\":true,\"valueName\":\"search_term_string\"}}],\"inLanguage\":\"fr-FR\"},{\"@type\":\"Organization\",\"@id\":\"https:\/\/www.igripstud.com\/#organization\",\"name\":\"Igrip\",\"url\":\"https:\/\/www.igripstud.com\/\",\"logo\":{\"@type\":\"ImageObject\",\"inLanguage\":\"fr-FR\",\"@id\":\"https:\/\/www.igripstud.com\/#\/schema\/logo\/image\/\",\"url\":\"https:\/\/www.igripstud.com\/wp-content\/uploads\/2018\/08\/screenshot.png\",\"contentUrl\":\"https:\/\/www.igripstud.com\/wp-content\/uploads\/2018\/08\/screenshot.png\",\"width\":880,\"height\":660,\"caption\":\"Igrip\"},\"image\":{\"@id\":\"https:\/\/www.igripstud.com\/#\/schema\/logo\/image\/\"},\"sameAs\":[\"https:\/\/www.facebook.com\/IGRIPstud\/\",\"https:\/\/www.instagram.com\/igripstud\/\"]}]}<\/script>\n<!-- \/ Yoast SEO plugin. -->","yoast_head_json":{"title":"IGrip - IGrip - Crampons vissables","robots":{"index":"index","follow":"follow","max-snippet":"max-snippet:-1","max-image-preview":"max-image-preview:large","max-video-preview":"max-video-preview:-1"},"canonical":"https:\/\/www.igripstud.com\/fr\/igrip\/","og_locale":"fr_FR","og_type":"article","og_title":"IGrip - IGrip - Crampons vissables","og_description":"\u00c0 propos des crampons IGRIP iGrip est une compagnie canadienne sp\u00e9cialis\u00e9e dans la conception et la fabrication de crampons vissables depuis 2015, cumulant au total plus de 10 ans d\u2019exp\u00e9rience dans le domaine. Novateurs, au design unique et de qualit\u00e9 sup\u00e9rieure, nos crampons adapt\u00e9s pour tout type de v\u00e9hicules sauront r\u00e9pondre \u00e0 vos besoins. La &hellip; Continued","og_url":"https:\/\/www.igripstud.com\/fr\/igrip\/","og_site_name":"IGrip - Crampons vissables","article_publisher":"https:\/\/www.facebook.com\/IGRIPstud\/","article_modified_time":"2020-10-02T17:37:49+00:00","og_image":[{"width":1920,"height":576,"url":"https:\/\/www.igripstud.com\/wp-content\/uploads\/2018\/09\/igrip-entete.jpg","type":"image\/jpeg"}],"twitter_card":"summary_large_image","twitter_misc":{"Dur\u00e9e de lecture estim\u00e9e":"2 minutes"},"schema":{"@context":"https:\/\/schema.org","@graph":[{"@type":"WebPage","@id":"https:\/\/www.igripstud.com\/fr\/igrip\/","url":"https:\/\/www.igripstud.com\/fr\/igrip\/","name":"IGrip - IGrip - Crampons vissables","isPartOf":{"@id":"https:\/\/www.igripstud.com\/#website"},"primaryImageOfPage":{"@id":"https:\/\/www.igripstud.com\/fr\/igrip\/#primaryimage"},"image":{"@id":"https:\/\/www.igripstud.com\/fr\/igrip\/#primaryimage"},"thumbnailUrl":"https:\/\/www.igripstud.com\/wp-content\/uploads\/2018\/09\/igrip-entete.jpg","datePublished":"2018-08-08T14:08:33+00:00","dateModified":"2020-10-02T17:37:49+00:00","breadcrumb":{"@id":"https:\/\/www.igripstud.com\/fr\/igrip\/#breadcrumb"},"inLanguage":"fr-FR","potentialAction":[{"@type":"ReadAction","target":["https:\/\/www.igripstud.com\/fr\/igrip\/"]}]},{"@type":"ImageObject","inLanguage":"fr-FR","@id":"https:\/\/www.igripstud.com\/fr\/igrip\/#primaryimage","url":"https:\/\/www.igripstud.com\/wp-content\/uploads\/2018\/09\/igrip-entete.jpg","contentUrl":"https:\/\/www.igripstud.com\/wp-content\/uploads\/2018\/09\/igrip-entete.jpg","width":1920,"height":576},{"@type":"BreadcrumbList","@id":"https:\/\/www.igripstud.com\/fr\/igrip\/#breadcrumb","itemListElement":[{"@type":"ListItem","position":1,"name":"Accueil","item":"https:\/\/www.igripstud.com\/fr\/"},{"@type":"ListItem","position":2,"name":"IGrip"}]},{"@type":"WebSite","@id":"https:\/\/www.igripstud.com\/#website","url":"https:\/\/www.igripstud.com\/","name":"IGrip - Crampons vissables","description":"Des crampons adapt\u00e9s pour tout type de v\u00e9hicules!","publisher":{"@id":"https:\/\/www.igripstud.com\/#organization"},"potentialAction":[{"@type":"SearchAction","target":{"@type":"EntryPoint","urlTemplate":"https:\/\/www.igripstud.com\/?s={search_term_string}"},"query-input":{"@type":"PropertyValueSpecification","valueRequired":true,"valueName":"search_term_string"}}],"inLanguage":"fr-FR"},{"@type":"Organization","@id":"https:\/\/www.igripstud.com\/#organization","name":"Igrip","url":"https:\/\/www.igripstud.com\/","logo":{"@type":"ImageObject","inLanguage":"fr-FR","@id":"https:\/\/www.igripstud.com\/#\/schema\/logo\/image\/","url":"https:\/\/www.igripstud.com\/wp-content\/uploads\/2018\/08\/screenshot.png","contentUrl":"https:\/\/www.igripstud.com\/wp-content\/uploads\/2018\/08\/screenshot.png","width":880,"height":660,"caption":"Igrip"},"image":{"@id":"https:\/\/www.igripstud.com\/#\/schema\/logo\/image\/"},"sameAs":["https:\/\/www.facebook.com\/IGRIPstud\/","https:\/\/www.instagram.com\/igripstud\/"]}]}},"_links":{"self":[{"href":"https:\/\/www.igripstud.com\/fr\/wp-json\/wp\/v2\/pages\/9","targetHints":{"allow":["GET"]}}],"collection":[{"href":"https:\/\/www.igripstud.com\/fr\/wp-json\/wp\/v2\/pages"}],"about":[{"href":"https:\/\/www.igripstud.com\/fr\/wp-json\/wp\/v2\/types\/page"}],"author":[{"embeddable":true,"href":"https:\/\/www.igripstud.com\/fr\/wp-json\/wp\/v2\/users\/1"}],"replies":[{"embeddable":true,"href":"https:\/\/www.igripstud.com\/fr\/wp-json\/wp\/v2\/comments?post=9"}],"version-history":[{"count":18,"href":"https:\/\/www.igripstud.com\/fr\/wp-json\/wp\/v2\/pages\/9\/revisions"}],"predecessor-version":[{"id":4260,"href":"https:\/\/www.igripstud.com\/fr\/wp-json\/wp\/v2\/pages\/9\/revisions\/4260"}],"wp:featuredmedia":[{"embeddable":true,"href":"https:\/\/www.igripstud.com\/fr\/wp-json\/wp\/v2\/media\/768"}],"wp:attachment":[{"href":"https:\/\/www.igripstud.com\/fr\/wp-json\/wp\/v2\/media?parent=9"}],"curies":[{"name":"wp","href":"https:\/\/api.w.org\/{rel}","templated":true}]}}