{"id":1055,"date":"2018-10-01T09:28:36","date_gmt":"2018-10-01T13:28:36","guid":{"rendered":"https:\/\/www.igripstud.com\/accueil\/"},"modified":"2018-11-09T11:14:21","modified_gmt":"2018-11-09T16:14:21","slug":"accueil","status":"publish","type":"page","link":"https:\/\/www.igripstud.com\/no\/","title":{"rendered":"Accueil"},"content":{"rendered":"<h2 class=\"p1\"><i>IGRIP<\/i> PIGGTYPER<\/h2>\n<p><span class=\"s1\">Robuste pigger for kompaktlastere som er enkle \u00e5 montere og demontere. <\/span><\/p>\n<p><p class=\"p1\"><span class=\"s1\">iGrip er et kanadisk selskap som siden 2015 har spesialisert seg p\u00e5 design og produksjon av skrupigger, og har over 10 \u00e5rs erfaring p\u00e5 omr\u00e5det. V\u00e5re innovative pigger, med et unikt design og overlegen kvalitet, passer for alle typer kj\u00f8ret\u00f8y og vil tilfredsstille dine behov. <\/span><\/p>\n<p class=\"p1\"><span class=\"s1\">Produktene v\u00e5re har et veldig godt omd\u00f8mme, p\u00e5 grunn av deres sikkerhet og enkle montering, samt v\u00e5rt omfattende utvalg av langvarige l\u00f8sninger som passer alle v\u00e6rforhold. Vi har flere typer pigger som er designet for biler, landbruksmaskiner, tunge og lette maskiner, fritidskj\u00f8ret\u00f8y, sn\u00f8scootere, skogskj\u00f8ret\u00f8y, milit\u00e6re kj\u00f8ret\u00f8y, gruvekj\u00f8ret\u00f8y og sykler, samt vernest\u00f8vler. <\/span><\/p>\n<p class=\"p3\"><a style=\"color: #fff;\" href=\"https:\/\/www.igripstud.com\/no\/igrip\/\">F\u00e5 mer informasjon ... <\/a><\/p>\n<!-- AddThis Advanced Settings generic via filter on the_content --><!-- AddThis Share Buttons generic via filter on the_content -->","protected":false},"excerpt":{"rendered":"<p>IGRIP PIGGTYPER Robuste pigger for kompaktlastere som er enkle \u00e5 montere og demontere. iGrip er et kanadisk selskap som siden 2015 har spesialisert seg p\u00e5 design og produksjon av skrupigger, og har over 10 \u00e5rs erfaring p\u00e5 omr\u00e5det. V\u00e5re innovative pigger, med et unikt design og overlegen kvalitet, passer for alle typer kj\u00f8ret\u00f8y og vil &hellip; <a href=\"https:\/\/www.igripstud.com\/no\/\">Continued<\/a><!-- AddThis Advanced Settings generic via filter on get_the_excerpt --><!-- AddThis Share Buttons generic via filter on get_the_excerpt --><\/p>\n","protected":false},"author":1,"featured_media":0,"parent":0,"menu_order":0,"comment_status":"closed","ping_status":"closed","template":"","meta":{"_acf_changed":false,"_monsterinsights_skip_tracking":false,"_monsterinsights_sitenote_active":false,"_monsterinsights_sitenote_note":"","_monsterinsights_sitenote_category":0,"footnotes":""},"class_list":["post-1055","page","type-page","status-publish","hentry"],"acf":[],"yoast_head":"<!-- This site is optimized with the Yoast SEO plugin v27.5 - https:\/\/yoast.com\/product\/yoast-seo-wordpress\/ -->\n<title>Accueil - IGrip - Crampons vissables<\/title>\n<meta name=\"description\" content=\"iGrip est une compagnie canadienne sp\u00e9cialis\u00e9e dans la conception et la fabrication de crampons vissables depuis 2015, cumulant au total plus de 10 ans d\u2019exp\u00e9rience dans le domaine.\" \/>\n<meta name=\"robots\" content=\"index, follow, max-snippet:-1, max-image-preview:large, max-video-preview:-1\" \/>\n<link rel=\"canonical\" href=\"https:\/\/www.igripstud.com\/no\/\" \/>\n<meta property=\"og:locale\" content=\"nb_NO\" \/>\n<meta property=\"og:type\" content=\"article\" \/>\n<meta property=\"og:title\" content=\"Accueil - IGrip - Crampons vissables\" \/>\n<meta property=\"og:description\" content=\"iGrip est une compagnie canadienne sp\u00e9cialis\u00e9e dans la conception et la fabrication de crampons vissables depuis 2015, cumulant au total plus de 10 ans d\u2019exp\u00e9rience dans le domaine.\" \/>\n<meta property=\"og:url\" content=\"https:\/\/www.igripstud.com\/no\/\" \/>\n<meta property=\"og:site_name\" content=\"IGrip - Crampons vissables\" \/>\n<meta property=\"article:publisher\" content=\"https:\/\/www.facebook.com\/IGRIPstud\/\" \/>\n<meta property=\"article:modified_time\" content=\"2018-11-09T16:14:21+00:00\" \/>\n<meta name=\"twitter:card\" content=\"summary_large_image\" \/>\n<meta name=\"twitter:label1\" content=\"Ansl. lesetid\" \/>\n\t<meta name=\"twitter:data1\" content=\"1 minutt\" \/>\n<script type=\"application\/ld+json\" class=\"yoast-schema-graph\">{\"@context\":\"https:\\\/\\\/schema.org\",\"@graph\":[{\"@type\":\"WebPage\",\"@id\":\"https:\\\/\\\/www.igripstud.com\\\/no\\\/\",\"url\":\"https:\\\/\\\/www.igripstud.com\\\/no\\\/\",\"name\":\"Accueil - IGrip - Crampons vissables\",\"isPartOf\":{\"@id\":\"https:\\\/\\\/www.igripstud.com\\\/#website\"},\"datePublished\":\"2018-10-01T13:28:36+00:00\",\"dateModified\":\"2018-11-09T16:14:21+00:00\",\"description\":\"iGrip est une compagnie canadienne sp\u00e9cialis\u00e9e dans la conception et la fabrication de crampons vissables depuis 2015, cumulant au total plus de 10 ans d\u2019exp\u00e9rience dans le domaine.\",\"breadcrumb\":{\"@id\":\"https:\\\/\\\/www.igripstud.com\\\/no\\\/#breadcrumb\"},\"inLanguage\":\"nb-NO\",\"potentialAction\":[{\"@type\":\"ReadAction\",\"target\":[\"https:\\\/\\\/www.igripstud.com\\\/no\\\/\"]}]},{\"@type\":\"BreadcrumbList\",\"@id\":\"https:\\\/\\\/www.igripstud.com\\\/no\\\/#breadcrumb\",\"itemListElement\":[{\"@type\":\"ListItem\",\"position\":1,\"name\":\"Accueil\",\"item\":\"https:\\\/\\\/www.igripstud.com\\\/no\\\/\"},{\"@type\":\"ListItem\",\"position\":2,\"name\":\"Accueil\"}]},{\"@type\":\"WebSite\",\"@id\":\"https:\\\/\\\/www.igripstud.com\\\/#website\",\"url\":\"https:\\\/\\\/www.igripstud.com\\\/\",\"name\":\"IGrip - Crampons vissables\",\"description\":\"Des crampons adapt\u00e9s pour tout type de v\u00e9hicules!\",\"publisher\":{\"@id\":\"https:\\\/\\\/www.igripstud.com\\\/#organization\"},\"potentialAction\":[{\"@type\":\"SearchAction\",\"target\":{\"@type\":\"EntryPoint\",\"urlTemplate\":\"https:\\\/\\\/www.igripstud.com\\\/?s={search_term_string}\"},\"query-input\":{\"@type\":\"PropertyValueSpecification\",\"valueRequired\":true,\"valueName\":\"search_term_string\"}}],\"inLanguage\":\"nb-NO\"},{\"@type\":\"Organization\",\"@id\":\"https:\\\/\\\/www.igripstud.com\\\/#organization\",\"name\":\"Igrip\",\"url\":\"https:\\\/\\\/www.igripstud.com\\\/\",\"logo\":{\"@type\":\"ImageObject\",\"inLanguage\":\"nb-NO\",\"@id\":\"https:\\\/\\\/www.igripstud.com\\\/#\\\/schema\\\/logo\\\/image\\\/\",\"url\":\"https:\\\/\\\/www.igripstud.com\\\/wp-content\\\/uploads\\\/2018\\\/08\\\/screenshot.png\",\"contentUrl\":\"https:\\\/\\\/www.igripstud.com\\\/wp-content\\\/uploads\\\/2018\\\/08\\\/screenshot.png\",\"width\":880,\"height\":660,\"caption\":\"Igrip\"},\"image\":{\"@id\":\"https:\\\/\\\/www.igripstud.com\\\/#\\\/schema\\\/logo\\\/image\\\/\"},\"sameAs\":[\"https:\\\/\\\/www.facebook.com\\\/IGRIPstud\\\/\",\"https:\\\/\\\/www.instagram.com\\\/igripstud\\\/\"]}]}<\/script>\n<!-- \/ Yoast SEO plugin. -->","yoast_head_json":{"title":"Accueil - IGrip - Crampons vissables","description":"iGrip est une compagnie canadienne sp\u00e9cialis\u00e9e dans la conception et la fabrication de crampons vissables depuis 2015, cumulant au total plus de 10 ans d\u2019exp\u00e9rience dans le domaine.","robots":{"index":"index","follow":"follow","max-snippet":"max-snippet:-1","max-image-preview":"max-image-preview:large","max-video-preview":"max-video-preview:-1"},"canonical":"https:\/\/www.igripstud.com\/no\/","og_locale":"nb_NO","og_type":"article","og_title":"Accueil - IGrip - Crampons vissables","og_description":"iGrip est une compagnie canadienne sp\u00e9cialis\u00e9e dans la conception et la fabrication de crampons vissables depuis 2015, cumulant au total plus de 10 ans d\u2019exp\u00e9rience dans le domaine.","og_url":"https:\/\/www.igripstud.com\/no\/","og_site_name":"IGrip - Crampons vissables","article_publisher":"https:\/\/www.facebook.com\/IGRIPstud\/","article_modified_time":"2018-11-09T16:14:21+00:00","twitter_card":"summary_large_image","twitter_misc":{"Ansl. lesetid":"1 minutt"},"schema":{"@context":"https:\/\/schema.org","@graph":[{"@type":"WebPage","@id":"https:\/\/www.igripstud.com\/no\/","url":"https:\/\/www.igripstud.com\/no\/","name":"Accueil - IGrip - Crampons vissables","isPartOf":{"@id":"https:\/\/www.igripstud.com\/#website"},"datePublished":"2018-10-01T13:28:36+00:00","dateModified":"2018-11-09T16:14:21+00:00","description":"iGrip est une compagnie canadienne sp\u00e9cialis\u00e9e dans la conception et la fabrication de crampons vissables depuis 2015, cumulant au total plus de 10 ans d\u2019exp\u00e9rience dans le domaine.","breadcrumb":{"@id":"https:\/\/www.igripstud.com\/no\/#breadcrumb"},"inLanguage":"nb-NO","potentialAction":[{"@type":"ReadAction","target":["https:\/\/www.igripstud.com\/no\/"]}]},{"@type":"BreadcrumbList","@id":"https:\/\/www.igripstud.com\/no\/#breadcrumb","itemListElement":[{"@type":"ListItem","position":1,"name":"Accueil","item":"https:\/\/www.igripstud.com\/no\/"},{"@type":"ListItem","position":2,"name":"Accueil"}]},{"@type":"WebSite","@id":"https:\/\/www.igripstud.com\/#website","url":"https:\/\/www.igripstud.com\/","name":"IGrip - Crampons vissables","description":"Des crampons adapt\u00e9s pour tout type de v\u00e9hicules!","publisher":{"@id":"https:\/\/www.igripstud.com\/#organization"},"potentialAction":[{"@type":"SearchAction","target":{"@type":"EntryPoint","urlTemplate":"https:\/\/www.igripstud.com\/?s={search_term_string}"},"query-input":{"@type":"PropertyValueSpecification","valueRequired":true,"valueName":"search_term_string"}}],"inLanguage":"nb-NO"},{"@type":"Organization","@id":"https:\/\/www.igripstud.com\/#organization","name":"Igrip","url":"https:\/\/www.igripstud.com\/","logo":{"@type":"ImageObject","inLanguage":"nb-NO","@id":"https:\/\/www.igripstud.com\/#\/schema\/logo\/image\/","url":"https:\/\/www.igripstud.com\/wp-content\/uploads\/2018\/08\/screenshot.png","contentUrl":"https:\/\/www.igripstud.com\/wp-content\/uploads\/2018\/08\/screenshot.png","width":880,"height":660,"caption":"Igrip"},"image":{"@id":"https:\/\/www.igripstud.com\/#\/schema\/logo\/image\/"},"sameAs":["https:\/\/www.facebook.com\/IGRIPstud\/","https:\/\/www.instagram.com\/igripstud\/"]}]}},"_links":{"self":[{"href":"https:\/\/www.igripstud.com\/no\/wp-json\/wp\/v2\/pages\/1055","targetHints":{"allow":["GET"]}}],"collection":[{"href":"https:\/\/www.igripstud.com\/no\/wp-json\/wp\/v2\/pages"}],"about":[{"href":"https:\/\/www.igripstud.com\/no\/wp-json\/wp\/v2\/types\/page"}],"author":[{"embeddable":true,"href":"https:\/\/www.igripstud.com\/no\/wp-json\/wp\/v2\/users\/1"}],"replies":[{"embeddable":true,"href":"https:\/\/www.igripstud.com\/no\/wp-json\/wp\/v2\/comments?post=1055"}],"version-history":[{"count":3,"href":"https:\/\/www.igripstud.com\/no\/wp-json\/wp\/v2\/pages\/1055\/revisions"}],"predecessor-version":[{"id":2137,"href":"https:\/\/www.igripstud.com\/no\/wp-json\/wp\/v2\/pages\/1055\/revisions\/2137"}],"wp:attachment":[{"href":"https:\/\/www.igripstud.com\/no\/wp-json\/wp\/v2\/media?parent=1055"}],"curies":[{"name":"wp","href":"https:\/\/api.w.org\/{rel}","templated":true}]}}