{"id":1057,"date":"2018-10-01T09:35:37","date_gmt":"2018-10-01T13:35:37","guid":{"rendered":"https:\/\/www.igripstud.com\/igrip\/"},"modified":"2018-10-01T09:37:19","modified_gmt":"2018-10-01T13:37:19","slug":"igrip","status":"publish","type":"page","link":"https:\/\/www.igripstud.com\/no\/igrip\/","title":{"rendered":"IGrip"},"content":{"rendered":"<h1>OM\u00a0<em>IGRIP<\/em><\/h1>\n<p class=\"p1\">iGrip er et kanadisk selskap som siden 2015 har spesialisert seg p\u00e5 design og produksjon av skrupigger, og har over 10 \u00e5rs erfaring p\u00e5 omr\u00e5det. V\u00e5re innovative pigger, med et unikt design og overlegen kvalitet, passer for alle typer kj\u00f8ret\u00f8y og vil tilfredsstille dine behov.<\/p>\n<p class=\"p1\">Produktene v\u00e5re har et veldig godt omd\u00f8mme, p\u00e5 grunn av deres sikkerhet og enkle montering, samt v\u00e5rt omfattende utvalg av langvarige l\u00f8sninger som passer alle v\u00e6rforhold. Vi har flere typer pigger som er designet for biler, landbruksmaskiner, tunge og lette maskiner, fritidskj\u00f8ret\u00f8y, sn\u00f8scootere, skogskj\u00f8ret\u00f8y, milit\u00e6re kj\u00f8ret\u00f8y, gruvekj\u00f8ret\u00f8y og sykler, samt vernest\u00f8vler.<\/p>\n<p class=\"p1\">Alle piggene til iGRIP er produsert i varmgalvanisert st\u00e5l for \u00e5 maksimere piggenes holdbarhet og med en varmegalvaniseringsprosess som fungerer som et skjold mot korrosjon. Alle piggene har en tupp i wolframkarbid for \u00e5 gi et uavbrutt og kraftig veigrep. Dette er mulig takket v\u00e6re piggenes unike forankringsdybde i isen. Piggene fra iGrip er enkle og raske \u00e5 montere, spesielt p\u00e5 grunn av det medf\u00f8lgende verkt\u00f8yet, og kan uten vanskeligheter brukes mer enn en sesong p\u00e5 nye eller brukte dekk. Dessuten er de enkle \u00e5 fjerne etter behov.<\/p>\n<p class=\"p1\">Hos iGrip er innovasjon og utvikling av nye produkter vanlig praksis. Vi lytter til kundene v\u00e5re, og n\u00f8ler ikke med \u00e5 utvikle nye produkter for \u00e5 tilfredsstille deres behov. Med v\u00e5r h\u00f8ye produksjonskapasitet leverer vi ikke bare produkter til brukere, men ogs\u00e5 til maskinprodusenter.<\/p>\n<p class=\"p1\"><span class=\"s1\">Har du sp\u00f8rsm\u00e5l? <\/span><a href=\"https:\/\/www.igripstud.com\/no\/nous-joindre\/\">Kontakt oss<\/a><span class=\"s1\">! V\u00e5re erfarne og lidenskapelige medarbeidere gir deg svar p\u00e5 alle sp\u00f8rsm\u00e5l du m\u00e5tte ha om dekk og pigger.<\/span><\/p>\n<h2>Fordelene ved \u00e5 bruke pigger fra iGrip<\/h2>\n<ul>\n<li class=\"li1\"><span class=\"s2\">Enkle \u00e5 montere (verkt\u00f8y og veiledning f\u00f8lger med) og demontere (ikke behov for sommer- og vinterdekk)<\/span><\/li>\n<li class=\"li1\"><span class=\"s2\">Bedre terrengegenskaper<\/span><\/li>\n<li class=\"li1\"><span class=\"s2\">Drivstoff\u00f8konomi<\/span><\/li>\n<li class=\"li1\"><span class=\"s2\">Utmerket alternativ til kjetting (mindre st\u00f8yende og dyrt)<\/span><\/li>\n<li class=\"li1\"><span class=\"s2\">Utmerket alternativ til tradisjonelle \u00abdekkpigger\u00bb<\/span><\/li>\n<li class=\"li1\"><span class=\"s2\">Forbedret sikkerhet <\/span><\/li>\n<li class=\"li1\"><span class=\"s2\">Bedre grep<\/span><\/li>\n<li class=\"li1\"><span class=\"s2\">Mer stabil kj\u00f8ring <\/span><\/li>\n<li class=\"li1\"><span class=\"s2\">Forbedret bremsekapasitet<\/span><\/li>\n<li class=\"li1\"><span class=\"s2\">Langvarig holdbarhet<\/span><\/li>\n<li class=\"li1\"><span class=\"s2\">Lette<\/span><\/li>\n<li class=\"li1\"><span class=\"s2\">Stille <\/span><\/li>\n<\/ul>\n<!-- AddThis Advanced Settings generic via filter on the_content --><!-- AddThis Share Buttons generic via filter on the_content -->","protected":false},"excerpt":{"rendered":"<p>OM\u00a0IGRIP iGrip er et kanadisk selskap som siden 2015 har spesialisert seg p\u00e5 design og produksjon av skrupigger, og har over 10 \u00e5rs erfaring p\u00e5 omr\u00e5det. V\u00e5re innovative pigger, med et unikt design og overlegen kvalitet, passer for alle typer kj\u00f8ret\u00f8y og vil tilfredsstille dine behov. Produktene v\u00e5re har et veldig godt omd\u00f8mme, p\u00e5 grunn &hellip; <a href=\"https:\/\/www.igripstud.com\/no\/igrip\/\">Continued<\/a><!-- AddThis Advanced Settings generic via filter on get_the_excerpt --><!-- AddThis Share Buttons generic via filter on get_the_excerpt --><\/p>\n","protected":false},"author":1,"featured_media":1058,"parent":0,"menu_order":0,"comment_status":"closed","ping_status":"closed","template":"","meta":{"_acf_changed":false,"_monsterinsights_skip_tracking":false,"_monsterinsights_sitenote_active":false,"_monsterinsights_sitenote_note":"","_monsterinsights_sitenote_category":0,"footnotes":""},"class_list":["post-1057","page","type-page","status-publish","has-post-thumbnail","hentry"],"acf":[],"yoast_head":"<!-- This site is optimized with the Yoast SEO plugin v27.0 - https:\/\/yoast.com\/product\/yoast-seo-wordpress\/ -->\n<title>IGrip - IGrip - Crampons vissables<\/title>\n<meta name=\"robots\" content=\"index, follow, max-snippet:-1, max-image-preview:large, max-video-preview:-1\" \/>\n<link rel=\"canonical\" href=\"https:\/\/www.igripstud.com\/no\/igrip\/\" \/>\n<meta property=\"og:locale\" content=\"nb_NO\" \/>\n<meta property=\"og:type\" content=\"article\" \/>\n<meta property=\"og:title\" content=\"IGrip - IGrip - Crampons vissables\" \/>\n<meta property=\"og:description\" content=\"OM\u00a0IGRIP iGrip er et kanadisk selskap som siden 2015 har spesialisert seg p\u00e5 design og produksjon av skrupigger, og har over 10 \u00e5rs erfaring p\u00e5 omr\u00e5det. V\u00e5re innovative pigger, med et unikt design og overlegen kvalitet, passer for alle typer kj\u00f8ret\u00f8y og vil tilfredsstille dine behov. Produktene v\u00e5re har et veldig godt omd\u00f8mme, p\u00e5 grunn &hellip; Continued\" \/>\n<meta property=\"og:url\" content=\"https:\/\/www.igripstud.com\/no\/igrip\/\" \/>\n<meta property=\"og:site_name\" content=\"IGrip - Crampons vissables\" \/>\n<meta property=\"article:publisher\" content=\"https:\/\/www.facebook.com\/IGRIPstud\/\" \/>\n<meta property=\"article:modified_time\" content=\"2018-10-01T13:37:19+00:00\" \/>\n<meta property=\"og:image\" content=\"https:\/\/www.igripstud.com\/wp-content\/uploads\/2018\/09\/igrip-entete.jpg\" \/>\n\t<meta property=\"og:image:width\" content=\"1920\" \/>\n\t<meta property=\"og:image:height\" content=\"576\" \/>\n\t<meta property=\"og:image:type\" content=\"image\/jpeg\" \/>\n<meta name=\"twitter:card\" content=\"summary_large_image\" \/>\n<meta name=\"twitter:label1\" content=\"Ansl. lesetid\" \/>\n\t<meta name=\"twitter:data1\" content=\"2 minutter\" \/>\n<script type=\"application\/ld+json\" class=\"yoast-schema-graph\">{\"@context\":\"https:\/\/schema.org\",\"@graph\":[{\"@type\":\"WebPage\",\"@id\":\"https:\/\/www.igripstud.com\/no\/igrip\/\",\"url\":\"https:\/\/www.igripstud.com\/no\/igrip\/\",\"name\":\"IGrip - IGrip - Crampons vissables\",\"isPartOf\":{\"@id\":\"https:\/\/www.igripstud.com\/#website\"},\"primaryImageOfPage\":{\"@id\":\"https:\/\/www.igripstud.com\/no\/igrip\/#primaryimage\"},\"image\":{\"@id\":\"https:\/\/www.igripstud.com\/no\/igrip\/#primaryimage\"},\"thumbnailUrl\":\"https:\/\/www.igripstud.com\/wp-content\/uploads\/2018\/09\/igrip-entete.jpg\",\"datePublished\":\"2018-10-01T13:35:37+00:00\",\"dateModified\":\"2018-10-01T13:37:19+00:00\",\"breadcrumb\":{\"@id\":\"https:\/\/www.igripstud.com\/no\/igrip\/#breadcrumb\"},\"inLanguage\":\"nb-NO\",\"potentialAction\":[{\"@type\":\"ReadAction\",\"target\":[\"https:\/\/www.igripstud.com\/no\/igrip\/\"]}]},{\"@type\":\"ImageObject\",\"inLanguage\":\"nb-NO\",\"@id\":\"https:\/\/www.igripstud.com\/no\/igrip\/#primaryimage\",\"url\":\"https:\/\/www.igripstud.com\/wp-content\/uploads\/2018\/09\/igrip-entete.jpg\",\"contentUrl\":\"https:\/\/www.igripstud.com\/wp-content\/uploads\/2018\/09\/igrip-entete.jpg\",\"width\":1920,\"height\":576},{\"@type\":\"BreadcrumbList\",\"@id\":\"https:\/\/www.igripstud.com\/no\/igrip\/#breadcrumb\",\"itemListElement\":[{\"@type\":\"ListItem\",\"position\":1,\"name\":\"Accueil\",\"item\":\"https:\/\/www.igripstud.com\/no\/\"},{\"@type\":\"ListItem\",\"position\":2,\"name\":\"IGrip\"}]},{\"@type\":\"WebSite\",\"@id\":\"https:\/\/www.igripstud.com\/#website\",\"url\":\"https:\/\/www.igripstud.com\/\",\"name\":\"IGrip - Crampons vissables\",\"description\":\"Des crampons adapt\u00e9s pour tout type de v\u00e9hicules!\",\"publisher\":{\"@id\":\"https:\/\/www.igripstud.com\/#organization\"},\"potentialAction\":[{\"@type\":\"SearchAction\",\"target\":{\"@type\":\"EntryPoint\",\"urlTemplate\":\"https:\/\/www.igripstud.com\/?s={search_term_string}\"},\"query-input\":{\"@type\":\"PropertyValueSpecification\",\"valueRequired\":true,\"valueName\":\"search_term_string\"}}],\"inLanguage\":\"nb-NO\"},{\"@type\":\"Organization\",\"@id\":\"https:\/\/www.igripstud.com\/#organization\",\"name\":\"Igrip\",\"url\":\"https:\/\/www.igripstud.com\/\",\"logo\":{\"@type\":\"ImageObject\",\"inLanguage\":\"nb-NO\",\"@id\":\"https:\/\/www.igripstud.com\/#\/schema\/logo\/image\/\",\"url\":\"https:\/\/www.igripstud.com\/wp-content\/uploads\/2018\/08\/screenshot.png\",\"contentUrl\":\"https:\/\/www.igripstud.com\/wp-content\/uploads\/2018\/08\/screenshot.png\",\"width\":880,\"height\":660,\"caption\":\"Igrip\"},\"image\":{\"@id\":\"https:\/\/www.igripstud.com\/#\/schema\/logo\/image\/\"},\"sameAs\":[\"https:\/\/www.facebook.com\/IGRIPstud\/\",\"https:\/\/www.instagram.com\/igripstud\/\"]}]}<\/script>\n<!-- \/ Yoast SEO plugin. -->","yoast_head_json":{"title":"IGrip - IGrip - Crampons vissables","robots":{"index":"index","follow":"follow","max-snippet":"max-snippet:-1","max-image-preview":"max-image-preview:large","max-video-preview":"max-video-preview:-1"},"canonical":"https:\/\/www.igripstud.com\/no\/igrip\/","og_locale":"nb_NO","og_type":"article","og_title":"IGrip - IGrip - Crampons vissables","og_description":"OM\u00a0IGRIP iGrip er et kanadisk selskap som siden 2015 har spesialisert seg p\u00e5 design og produksjon av skrupigger, og har over 10 \u00e5rs erfaring p\u00e5 omr\u00e5det. V\u00e5re innovative pigger, med et unikt design og overlegen kvalitet, passer for alle typer kj\u00f8ret\u00f8y og vil tilfredsstille dine behov. Produktene v\u00e5re har et veldig godt omd\u00f8mme, p\u00e5 grunn &hellip; Continued","og_url":"https:\/\/www.igripstud.com\/no\/igrip\/","og_site_name":"IGrip - Crampons vissables","article_publisher":"https:\/\/www.facebook.com\/IGRIPstud\/","article_modified_time":"2018-10-01T13:37:19+00:00","og_image":[{"width":1920,"height":576,"url":"https:\/\/www.igripstud.com\/wp-content\/uploads\/2018\/09\/igrip-entete.jpg","type":"image\/jpeg"}],"twitter_card":"summary_large_image","twitter_misc":{"Ansl. lesetid":"2 minutter"},"schema":{"@context":"https:\/\/schema.org","@graph":[{"@type":"WebPage","@id":"https:\/\/www.igripstud.com\/no\/igrip\/","url":"https:\/\/www.igripstud.com\/no\/igrip\/","name":"IGrip - IGrip - Crampons vissables","isPartOf":{"@id":"https:\/\/www.igripstud.com\/#website"},"primaryImageOfPage":{"@id":"https:\/\/www.igripstud.com\/no\/igrip\/#primaryimage"},"image":{"@id":"https:\/\/www.igripstud.com\/no\/igrip\/#primaryimage"},"thumbnailUrl":"https:\/\/www.igripstud.com\/wp-content\/uploads\/2018\/09\/igrip-entete.jpg","datePublished":"2018-10-01T13:35:37+00:00","dateModified":"2018-10-01T13:37:19+00:00","breadcrumb":{"@id":"https:\/\/www.igripstud.com\/no\/igrip\/#breadcrumb"},"inLanguage":"nb-NO","potentialAction":[{"@type":"ReadAction","target":["https:\/\/www.igripstud.com\/no\/igrip\/"]}]},{"@type":"ImageObject","inLanguage":"nb-NO","@id":"https:\/\/www.igripstud.com\/no\/igrip\/#primaryimage","url":"https:\/\/www.igripstud.com\/wp-content\/uploads\/2018\/09\/igrip-entete.jpg","contentUrl":"https:\/\/www.igripstud.com\/wp-content\/uploads\/2018\/09\/igrip-entete.jpg","width":1920,"height":576},{"@type":"BreadcrumbList","@id":"https:\/\/www.igripstud.com\/no\/igrip\/#breadcrumb","itemListElement":[{"@type":"ListItem","position":1,"name":"Accueil","item":"https:\/\/www.igripstud.com\/no\/"},{"@type":"ListItem","position":2,"name":"IGrip"}]},{"@type":"WebSite","@id":"https:\/\/www.igripstud.com\/#website","url":"https:\/\/www.igripstud.com\/","name":"IGrip - Crampons vissables","description":"Des crampons adapt\u00e9s pour tout type de v\u00e9hicules!","publisher":{"@id":"https:\/\/www.igripstud.com\/#organization"},"potentialAction":[{"@type":"SearchAction","target":{"@type":"EntryPoint","urlTemplate":"https:\/\/www.igripstud.com\/?s={search_term_string}"},"query-input":{"@type":"PropertyValueSpecification","valueRequired":true,"valueName":"search_term_string"}}],"inLanguage":"nb-NO"},{"@type":"Organization","@id":"https:\/\/www.igripstud.com\/#organization","name":"Igrip","url":"https:\/\/www.igripstud.com\/","logo":{"@type":"ImageObject","inLanguage":"nb-NO","@id":"https:\/\/www.igripstud.com\/#\/schema\/logo\/image\/","url":"https:\/\/www.igripstud.com\/wp-content\/uploads\/2018\/08\/screenshot.png","contentUrl":"https:\/\/www.igripstud.com\/wp-content\/uploads\/2018\/08\/screenshot.png","width":880,"height":660,"caption":"Igrip"},"image":{"@id":"https:\/\/www.igripstud.com\/#\/schema\/logo\/image\/"},"sameAs":["https:\/\/www.facebook.com\/IGRIPstud\/","https:\/\/www.instagram.com\/igripstud\/"]}]}},"_links":{"self":[{"href":"https:\/\/www.igripstud.com\/no\/wp-json\/wp\/v2\/pages\/1057","targetHints":{"allow":["GET"]}}],"collection":[{"href":"https:\/\/www.igripstud.com\/no\/wp-json\/wp\/v2\/pages"}],"about":[{"href":"https:\/\/www.igripstud.com\/no\/wp-json\/wp\/v2\/types\/page"}],"author":[{"embeddable":true,"href":"https:\/\/www.igripstud.com\/no\/wp-json\/wp\/v2\/users\/1"}],"replies":[{"embeddable":true,"href":"https:\/\/www.igripstud.com\/no\/wp-json\/wp\/v2\/comments?post=1057"}],"version-history":[{"count":1,"href":"https:\/\/www.igripstud.com\/no\/wp-json\/wp\/v2\/pages\/1057\/revisions"}],"predecessor-version":[{"id":1068,"href":"https:\/\/www.igripstud.com\/no\/wp-json\/wp\/v2\/pages\/1057\/revisions\/1068"}],"wp:featuredmedia":[{"embeddable":true,"href":"https:\/\/www.igripstud.com\/no\/wp-json\/wp\/v2\/media\/1058"}],"wp:attachment":[{"href":"https:\/\/www.igripstud.com\/no\/wp-json\/wp\/v2\/media?parent=1057"}],"curies":[{"name":"wp","href":"https:\/\/api.w.org\/{rel}","templated":true}]}}