{"id":1069,"date":"2018-10-01T09:39:35","date_gmt":"2018-10-01T13:39:35","guid":{"rendered":"https:\/\/www.igripstud.com\/piggtyper\/"},"modified":"2024-03-18T12:07:23","modified_gmt":"2024-03-18T16:07:23","slug":"piggtyper","status":"publish","type":"page","link":"https:\/\/www.igripstud.com\/no\/piggtyper\/","title":{"rendered":"PIGGTYPER"},"content":{"rendered":"<p style=\"text-align: left;\">IGRIP har tilbudt ST-type pigger (standard gjenger) i mange \u00e5r. For \u00e5 forbedre produktutvalget og tilfredsstille kundenes behov har selskapet imidlertid utvidet sortimentet med to piggtyper.<\/p>\n<p style=\"text-align: left;\">SS-modellene (pigger med krage) er designet for tunge maskiner og alle typer kj\u00f8ret\u00f8y som brukes under ekstreme forhold og i ekstreme milj\u00f8er. SF-modellen (gnistfri piggtype) lager ikke, som navnet antyder, gnister i kontakt med bakken.<\/p>\n<h2>BEDRE SIKKERHET<\/h2>\n<p>Fott\u00f8y, dekk og belter f\u00e5r umiddelbart et h\u00f8yere sikkerhetsniv\u00e5 etter montering av iGRIP-piggene, noe som gir bedre kontroll over kj\u00f8ret\u00f8yet n\u00e5r det brukes i glatt terreng.<\/p>\n<h2>TILPASSET DIN VIRKELIGHET<\/h2>\n<p>Det er mulig \u00e5 velge og variere antall pigger som settes inn i dekkene eller skoene for \u00e5 im\u00f8tekomme spesifikke behov.<\/p>\n<p>Videre s\u00f8rger de variable dybdene og lengdene for at dekkene, beltene eller skos\u00e5lene har et optimalt grep p\u00e5 is, sn\u00f8, gj\u00f8rme, glatte steiner eller frosne veier. Velg blant v\u00e5rt brede utvalg av allsidige skrupigger for optimal kontroll, effektivitet og sikkerhet.<\/p>\n<h3>3 piggtyper :<\/h3>\n<ul>\n<li>ST \u2013 pigger med standard gjenger<\/li>\n<li>SS \u2013 pigger med krage<\/li>\n<li>SF \u2013 gnistfrie pigger<\/li>\n<\/ul>\n<p><img loading=\"lazy\" decoding=\"async\" class=\"alignnone wp-image-6064 size-full\" src=\"https:\/\/www.igripstud.com\/wp-content\/uploads\/2024\/03\/Grille-IGRIP-2024_EN-web-scaled.jpg\" alt=\"\" width=\"2560\" height=\"938\" srcset=\"https:\/\/www.igripstud.com\/wp-content\/uploads\/2024\/03\/Grille-IGRIP-2024_EN-web-scaled.jpg 2560w, https:\/\/www.igripstud.com\/wp-content\/uploads\/2024\/03\/Grille-IGRIP-2024_EN-web-360x132.jpg 360w, https:\/\/www.igripstud.com\/wp-content\/uploads\/2024\/03\/Grille-IGRIP-2024_EN-web-1024x375.jpg 1024w, https:\/\/www.igripstud.com\/wp-content\/uploads\/2024\/03\/Grille-IGRIP-2024_EN-web-768x281.jpg 768w, https:\/\/www.igripstud.com\/wp-content\/uploads\/2024\/03\/Grille-IGRIP-2024_EN-web-1536x563.jpg 1536w, https:\/\/www.igripstud.com\/wp-content\/uploads\/2024\/03\/Grille-IGRIP-2024_EN-web-2048x750.jpg 2048w\" sizes=\"auto, (max-width: 2560px) 100vw, 2560px\" \/><\/p>\n<!-- AddThis Advanced Settings generic via filter on the_content --><!-- AddThis Share Buttons generic via filter on the_content -->","protected":false},"excerpt":{"rendered":"<p>IGRIP har tilbudt ST-type pigger (standard gjenger) i mange \u00e5r. For \u00e5 forbedre produktutvalget og tilfredsstille kundenes behov har selskapet imidlertid utvidet sortimentet med to piggtyper. SS-modellene (pigger med krage) er designet for tunge maskiner og alle typer kj\u00f8ret\u00f8y som brukes under ekstreme forhold og i ekstreme milj\u00f8er. SF-modellen (gnistfri piggtype) lager ikke, som navnet &hellip; <a href=\"https:\/\/www.igripstud.com\/no\/piggtyper\/\">Continued<\/a><!-- AddThis Advanced Settings generic via filter on get_the_excerpt --><!-- AddThis Share Buttons generic via filter on get_the_excerpt --><\/p>\n","protected":false},"author":1,"featured_media":0,"parent":0,"menu_order":0,"comment_status":"closed","ping_status":"closed","template":"page-type-de-crampons.php","meta":{"_acf_changed":false,"_monsterinsights_skip_tracking":false,"_monsterinsights_sitenote_active":false,"_monsterinsights_sitenote_note":"","_monsterinsights_sitenote_category":0,"footnotes":""},"class_list":["post-1069","page","type-page","status-publish","hentry"],"acf":[],"yoast_head":"<!-- This site is optimized with the Yoast SEO plugin v27.5 - https:\/\/yoast.com\/product\/yoast-seo-wordpress\/ -->\n<title>PIGGTYPER - IGrip - Crampons vissables<\/title>\n<meta name=\"robots\" content=\"index, follow, max-snippet:-1, max-image-preview:large, max-video-preview:-1\" \/>\n<link rel=\"canonical\" href=\"https:\/\/www.igripstud.com\/no\/piggtyper\/\" \/>\n<meta property=\"og:locale\" content=\"nb_NO\" \/>\n<meta property=\"og:type\" content=\"article\" \/>\n<meta property=\"og:title\" content=\"PIGGTYPER - IGrip - Crampons vissables\" \/>\n<meta property=\"og:description\" content=\"IGRIP har tilbudt ST-type pigger (standard gjenger) i mange \u00e5r. For \u00e5 forbedre produktutvalget og tilfredsstille kundenes behov har selskapet imidlertid utvidet sortimentet med to piggtyper. SS-modellene (pigger med krage) er designet for tunge maskiner og alle typer kj\u00f8ret\u00f8y som brukes under ekstreme forhold og i ekstreme milj\u00f8er. SF-modellen (gnistfri piggtype) lager ikke, som navnet &hellip; Continued\" \/>\n<meta property=\"og:url\" content=\"https:\/\/www.igripstud.com\/no\/piggtyper\/\" \/>\n<meta property=\"og:site_name\" content=\"IGrip - Crampons vissables\" \/>\n<meta property=\"article:publisher\" content=\"https:\/\/www.facebook.com\/IGRIPstud\/\" \/>\n<meta property=\"article:modified_time\" content=\"2024-03-18T16:07:23+00:00\" \/>\n<meta property=\"og:image\" content=\"https:\/\/www.igripstud.com\/wp-content\/uploads\/2024\/03\/Grille-IGRIP-2024_EN-web-scaled.jpg\" \/>\n<meta name=\"twitter:card\" content=\"summary_large_image\" \/>\n<meta name=\"twitter:label1\" content=\"Ansl. lesetid\" \/>\n\t<meta name=\"twitter:data1\" content=\"1 minutt\" \/>\n<script type=\"application\/ld+json\" class=\"yoast-schema-graph\">{\"@context\":\"https:\\\/\\\/schema.org\",\"@graph\":[{\"@type\":\"WebPage\",\"@id\":\"https:\\\/\\\/www.igripstud.com\\\/no\\\/piggtyper\\\/\",\"url\":\"https:\\\/\\\/www.igripstud.com\\\/no\\\/piggtyper\\\/\",\"name\":\"PIGGTYPER - IGrip - Crampons vissables\",\"isPartOf\":{\"@id\":\"https:\\\/\\\/www.igripstud.com\\\/#website\"},\"primaryImageOfPage\":{\"@id\":\"https:\\\/\\\/www.igripstud.com\\\/no\\\/piggtyper\\\/#primaryimage\"},\"image\":{\"@id\":\"https:\\\/\\\/www.igripstud.com\\\/no\\\/piggtyper\\\/#primaryimage\"},\"thumbnailUrl\":\"https:\\\/\\\/www.igripstud.com\\\/wp-content\\\/uploads\\\/2024\\\/03\\\/Grille-IGRIP-2024_EN-web-scaled.jpg\",\"datePublished\":\"2018-10-01T13:39:35+00:00\",\"dateModified\":\"2024-03-18T16:07:23+00:00\",\"breadcrumb\":{\"@id\":\"https:\\\/\\\/www.igripstud.com\\\/no\\\/piggtyper\\\/#breadcrumb\"},\"inLanguage\":\"nb-NO\",\"potentialAction\":[{\"@type\":\"ReadAction\",\"target\":[\"https:\\\/\\\/www.igripstud.com\\\/no\\\/piggtyper\\\/\"]}]},{\"@type\":\"ImageObject\",\"inLanguage\":\"nb-NO\",\"@id\":\"https:\\\/\\\/www.igripstud.com\\\/no\\\/piggtyper\\\/#primaryimage\",\"url\":\"https:\\\/\\\/www.igripstud.com\\\/wp-content\\\/uploads\\\/2024\\\/03\\\/Grille-IGRIP-2024_EN-web-scaled.jpg\",\"contentUrl\":\"https:\\\/\\\/www.igripstud.com\\\/wp-content\\\/uploads\\\/2024\\\/03\\\/Grille-IGRIP-2024_EN-web-scaled.jpg\"},{\"@type\":\"BreadcrumbList\",\"@id\":\"https:\\\/\\\/www.igripstud.com\\\/no\\\/piggtyper\\\/#breadcrumb\",\"itemListElement\":[{\"@type\":\"ListItem\",\"position\":1,\"name\":\"Accueil\",\"item\":\"https:\\\/\\\/www.igripstud.com\\\/no\\\/\"},{\"@type\":\"ListItem\",\"position\":2,\"name\":\"PIGGTYPER\"}]},{\"@type\":\"WebSite\",\"@id\":\"https:\\\/\\\/www.igripstud.com\\\/#website\",\"url\":\"https:\\\/\\\/www.igripstud.com\\\/\",\"name\":\"IGrip - Crampons vissables\",\"description\":\"Des crampons adapt\u00e9s pour tout type de v\u00e9hicules!\",\"publisher\":{\"@id\":\"https:\\\/\\\/www.igripstud.com\\\/#organization\"},\"potentialAction\":[{\"@type\":\"SearchAction\",\"target\":{\"@type\":\"EntryPoint\",\"urlTemplate\":\"https:\\\/\\\/www.igripstud.com\\\/?s={search_term_string}\"},\"query-input\":{\"@type\":\"PropertyValueSpecification\",\"valueRequired\":true,\"valueName\":\"search_term_string\"}}],\"inLanguage\":\"nb-NO\"},{\"@type\":\"Organization\",\"@id\":\"https:\\\/\\\/www.igripstud.com\\\/#organization\",\"name\":\"Igrip\",\"url\":\"https:\\\/\\\/www.igripstud.com\\\/\",\"logo\":{\"@type\":\"ImageObject\",\"inLanguage\":\"nb-NO\",\"@id\":\"https:\\\/\\\/www.igripstud.com\\\/#\\\/schema\\\/logo\\\/image\\\/\",\"url\":\"https:\\\/\\\/www.igripstud.com\\\/wp-content\\\/uploads\\\/2018\\\/08\\\/screenshot.png\",\"contentUrl\":\"https:\\\/\\\/www.igripstud.com\\\/wp-content\\\/uploads\\\/2018\\\/08\\\/screenshot.png\",\"width\":880,\"height\":660,\"caption\":\"Igrip\"},\"image\":{\"@id\":\"https:\\\/\\\/www.igripstud.com\\\/#\\\/schema\\\/logo\\\/image\\\/\"},\"sameAs\":[\"https:\\\/\\\/www.facebook.com\\\/IGRIPstud\\\/\",\"https:\\\/\\\/www.instagram.com\\\/igripstud\\\/\"]}]}<\/script>\n<!-- \/ Yoast SEO plugin. -->","yoast_head_json":{"title":"PIGGTYPER - IGrip - Crampons vissables","robots":{"index":"index","follow":"follow","max-snippet":"max-snippet:-1","max-image-preview":"max-image-preview:large","max-video-preview":"max-video-preview:-1"},"canonical":"https:\/\/www.igripstud.com\/no\/piggtyper\/","og_locale":"nb_NO","og_type":"article","og_title":"PIGGTYPER - IGrip - Crampons vissables","og_description":"IGRIP har tilbudt ST-type pigger (standard gjenger) i mange \u00e5r. For \u00e5 forbedre produktutvalget og tilfredsstille kundenes behov har selskapet imidlertid utvidet sortimentet med to piggtyper. SS-modellene (pigger med krage) er designet for tunge maskiner og alle typer kj\u00f8ret\u00f8y som brukes under ekstreme forhold og i ekstreme milj\u00f8er. SF-modellen (gnistfri piggtype) lager ikke, som navnet &hellip; Continued","og_url":"https:\/\/www.igripstud.com\/no\/piggtyper\/","og_site_name":"IGrip - Crampons vissables","article_publisher":"https:\/\/www.facebook.com\/IGRIPstud\/","article_modified_time":"2024-03-18T16:07:23+00:00","og_image":[{"url":"https:\/\/www.igripstud.com\/wp-content\/uploads\/2024\/03\/Grille-IGRIP-2024_EN-web-scaled.jpg","type":"","width":"","height":""}],"twitter_card":"summary_large_image","twitter_misc":{"Ansl. lesetid":"1 minutt"},"schema":{"@context":"https:\/\/schema.org","@graph":[{"@type":"WebPage","@id":"https:\/\/www.igripstud.com\/no\/piggtyper\/","url":"https:\/\/www.igripstud.com\/no\/piggtyper\/","name":"PIGGTYPER - IGrip - Crampons vissables","isPartOf":{"@id":"https:\/\/www.igripstud.com\/#website"},"primaryImageOfPage":{"@id":"https:\/\/www.igripstud.com\/no\/piggtyper\/#primaryimage"},"image":{"@id":"https:\/\/www.igripstud.com\/no\/piggtyper\/#primaryimage"},"thumbnailUrl":"https:\/\/www.igripstud.com\/wp-content\/uploads\/2024\/03\/Grille-IGRIP-2024_EN-web-scaled.jpg","datePublished":"2018-10-01T13:39:35+00:00","dateModified":"2024-03-18T16:07:23+00:00","breadcrumb":{"@id":"https:\/\/www.igripstud.com\/no\/piggtyper\/#breadcrumb"},"inLanguage":"nb-NO","potentialAction":[{"@type":"ReadAction","target":["https:\/\/www.igripstud.com\/no\/piggtyper\/"]}]},{"@type":"ImageObject","inLanguage":"nb-NO","@id":"https:\/\/www.igripstud.com\/no\/piggtyper\/#primaryimage","url":"https:\/\/www.igripstud.com\/wp-content\/uploads\/2024\/03\/Grille-IGRIP-2024_EN-web-scaled.jpg","contentUrl":"https:\/\/www.igripstud.com\/wp-content\/uploads\/2024\/03\/Grille-IGRIP-2024_EN-web-scaled.jpg"},{"@type":"BreadcrumbList","@id":"https:\/\/www.igripstud.com\/no\/piggtyper\/#breadcrumb","itemListElement":[{"@type":"ListItem","position":1,"name":"Accueil","item":"https:\/\/www.igripstud.com\/no\/"},{"@type":"ListItem","position":2,"name":"PIGGTYPER"}]},{"@type":"WebSite","@id":"https:\/\/www.igripstud.com\/#website","url":"https:\/\/www.igripstud.com\/","name":"IGrip - Crampons vissables","description":"Des crampons adapt\u00e9s pour tout type de v\u00e9hicules!","publisher":{"@id":"https:\/\/www.igripstud.com\/#organization"},"potentialAction":[{"@type":"SearchAction","target":{"@type":"EntryPoint","urlTemplate":"https:\/\/www.igripstud.com\/?s={search_term_string}"},"query-input":{"@type":"PropertyValueSpecification","valueRequired":true,"valueName":"search_term_string"}}],"inLanguage":"nb-NO"},{"@type":"Organization","@id":"https:\/\/www.igripstud.com\/#organization","name":"Igrip","url":"https:\/\/www.igripstud.com\/","logo":{"@type":"ImageObject","inLanguage":"nb-NO","@id":"https:\/\/www.igripstud.com\/#\/schema\/logo\/image\/","url":"https:\/\/www.igripstud.com\/wp-content\/uploads\/2018\/08\/screenshot.png","contentUrl":"https:\/\/www.igripstud.com\/wp-content\/uploads\/2018\/08\/screenshot.png","width":880,"height":660,"caption":"Igrip"},"image":{"@id":"https:\/\/www.igripstud.com\/#\/schema\/logo\/image\/"},"sameAs":["https:\/\/www.facebook.com\/IGRIPstud\/","https:\/\/www.instagram.com\/igripstud\/"]}]}},"_links":{"self":[{"href":"https:\/\/www.igripstud.com\/no\/wp-json\/wp\/v2\/pages\/1069","targetHints":{"allow":["GET"]}}],"collection":[{"href":"https:\/\/www.igripstud.com\/no\/wp-json\/wp\/v2\/pages"}],"about":[{"href":"https:\/\/www.igripstud.com\/no\/wp-json\/wp\/v2\/types\/page"}],"author":[{"embeddable":true,"href":"https:\/\/www.igripstud.com\/no\/wp-json\/wp\/v2\/users\/1"}],"replies":[{"embeddable":true,"href":"https:\/\/www.igripstud.com\/no\/wp-json\/wp\/v2\/comments?post=1069"}],"version-history":[{"count":2,"href":"https:\/\/www.igripstud.com\/no\/wp-json\/wp\/v2\/pages\/1069\/revisions"}],"predecessor-version":[{"id":6073,"href":"https:\/\/www.igripstud.com\/no\/wp-json\/wp\/v2\/pages\/1069\/revisions\/6073"}],"wp:attachment":[{"href":"https:\/\/www.igripstud.com\/no\/wp-json\/wp\/v2\/media?parent=1069"}],"curies":[{"name":"wp","href":"https:\/\/api.w.org\/{rel}","templated":true}]}}