{"id":1838,"date":"2018-10-11T11:36:40","date_gmt":"2018-10-11T15:36:40","guid":{"rendered":"https:\/\/www.igripstud.com\/bultskruvstyper\/"},"modified":"2024-03-18T12:07:43","modified_gmt":"2024-03-18T16:07:43","slug":"bultskruvstyper","status":"publish","type":"page","link":"https:\/\/www.igripstud.com\/sv\/bultskruvstyper\/","title":{"rendered":"Bultskruvstyper"},"content":{"rendered":"<p>Under m\u00e5nga \u00e5r har iGrip erbjudit ST-typen (standardg\u00e4nga) av skruvbultar. Men f\u00f6r att f\u00f6rb\u00e4ttra produktutbudet har iGrip tillf\u00f6rt tv\u00e5 skuvbultstyper till sortimentet f\u00f6r att p\u00e5 detta s\u00e4tta svara upp mot kundernas behov.<\/p>\n<p>SS (kragbultar) modellerna konstruerades f\u00f6r tunga maskiner och alla slags fordon som anv\u00e4nds under extrema f\u00f6rh\u00e5llanden och milj\u00f6er. Det finns \u00e4ven SF (gnistfria) modeller av skruvbultar. Genererar som namnet antyder inga gnistor n\u00e4r de kommer i kontakt med marken.<\/p>\n<h2 style=\"text-align: left;\">F\u00d6RB\u00c4TTRAD S\u00c4KERHET<\/h2>\n<p style=\"text-align: left;\">Skor, d\u00e4ck och drivband kommer omedelbart att f\u00e5 en b\u00e4ttre s\u00e4kerhet efter montering av iGrip skruvbultar, som ger fordonet eller skorna b\u00e4ttre kontroll d\u00e5 de anv\u00e4nds i hal terr\u00e4ng.<\/p>\n<h2 style=\"text-align: left;\">ANPASSADE F\u00d6R DIN VERKLIGHET<\/h2>\n<p>Det \u00e4r m\u00f6jligt att v\u00e4lja och variera antalet skruvbultar som du monterar i d\u00e4cket eller i skosulorna f\u00f6r att motsvara dina behov.<\/p>\n<p>Dessutom garanterar varierande djup och l\u00e4ngder ett optimalt grepp f\u00f6r d\u00e4ck, drivband eller skosulor p\u00e5 is, sn\u00f6, lera, hala bergh\u00e4llar eller frusna k\u00f6rbanor. F\u00f6r kontroll, effektivitet och s\u00e4kerhet v\u00e4ljer du bland v\u00e5rt breda sortiment av m\u00e5ngsidiga skruvbultar.<\/p>\n<h3>3 skruvbultsmodeller :<\/h3>\n<ul>\n<li>\n<p class=\"p1\"><span class=\"s1\">ST - Skruvbult med standardg\u00e4nga<\/span><\/p>\n<\/li>\n<li>\n<p class=\"p1\"><span class=\"s1\">SS - Skruvbult med krage <\/span><\/p>\n<\/li>\n<li>\n<p class=\"p1\"><span class=\"s1\">SF - Gnistfri skruvbult<\/span><\/p>\n<\/li>\n<\/ul>\n<p><img loading=\"lazy\" decoding=\"async\" class=\"alignnone wp-image-6064 size-full\" src=\"https:\/\/www.igripstud.com\/wp-content\/uploads\/2024\/03\/Grille-IGRIP-2024_EN-web-scaled.jpg\" alt=\"\" width=\"2560\" height=\"938\" srcset=\"https:\/\/www.igripstud.com\/wp-content\/uploads\/2024\/03\/Grille-IGRIP-2024_EN-web-scaled.jpg 2560w, https:\/\/www.igripstud.com\/wp-content\/uploads\/2024\/03\/Grille-IGRIP-2024_EN-web-360x132.jpg 360w, https:\/\/www.igripstud.com\/wp-content\/uploads\/2024\/03\/Grille-IGRIP-2024_EN-web-1024x375.jpg 1024w, https:\/\/www.igripstud.com\/wp-content\/uploads\/2024\/03\/Grille-IGRIP-2024_EN-web-768x281.jpg 768w, https:\/\/www.igripstud.com\/wp-content\/uploads\/2024\/03\/Grille-IGRIP-2024_EN-web-1536x563.jpg 1536w, https:\/\/www.igripstud.com\/wp-content\/uploads\/2024\/03\/Grille-IGRIP-2024_EN-web-2048x750.jpg 2048w\" sizes=\"auto, (max-width: 2560px) 100vw, 2560px\" \/><\/p>\n<!-- AddThis Advanced Settings generic via filter on the_content --><!-- AddThis Share Buttons generic via filter on the_content -->","protected":false},"excerpt":{"rendered":"<p>Under m\u00e5nga \u00e5r har iGrip erbjudit ST-typen (standardg\u00e4nga) av skruvbultar. Men f\u00f6r att f\u00f6rb\u00e4ttra produktutbudet har iGrip tillf\u00f6rt tv\u00e5 skuvbultstyper till sortimentet f\u00f6r att p\u00e5 detta s\u00e4tta svara upp mot kundernas behov. SS (kragbultar) modellerna konstruerades f\u00f6r tunga maskiner och alla slags fordon som anv\u00e4nds under extrema f\u00f6rh\u00e5llanden och milj\u00f6er. Det finns \u00e4ven SF (gnistfria) &hellip; <a href=\"https:\/\/www.igripstud.com\/sv\/bultskruvstyper\/\">Continued<\/a><!-- AddThis Advanced Settings generic via filter on get_the_excerpt --><!-- AddThis Share Buttons generic via filter on get_the_excerpt --><\/p>\n","protected":false},"author":1,"featured_media":0,"parent":0,"menu_order":0,"comment_status":"closed","ping_status":"closed","template":"page-type-de-crampons.php","meta":{"_acf_changed":false,"_monsterinsights_skip_tracking":false,"_monsterinsights_sitenote_active":false,"_monsterinsights_sitenote_note":"","_monsterinsights_sitenote_category":0,"footnotes":""},"class_list":["post-1838","page","type-page","status-publish","hentry"],"acf":[],"yoast_head":"<!-- This site is optimized with the Yoast SEO plugin v27.5 - https:\/\/yoast.com\/product\/yoast-seo-wordpress\/ -->\n<title>Bultskruvstyper - IGrip - Crampons vissables<\/title>\n<meta name=\"robots\" content=\"index, follow, max-snippet:-1, max-image-preview:large, max-video-preview:-1\" \/>\n<link rel=\"canonical\" href=\"https:\/\/www.igripstud.com\/sv\/bultskruvstyper\/\" \/>\n<meta property=\"og:locale\" content=\"sv_SE\" \/>\n<meta property=\"og:type\" content=\"article\" \/>\n<meta property=\"og:title\" content=\"Bultskruvstyper - IGrip - Crampons vissables\" \/>\n<meta property=\"og:description\" content=\"Under m\u00e5nga \u00e5r har iGrip erbjudit ST-typen (standardg\u00e4nga) av skruvbultar. Men f\u00f6r att f\u00f6rb\u00e4ttra produktutbudet har iGrip tillf\u00f6rt tv\u00e5 skuvbultstyper till sortimentet f\u00f6r att p\u00e5 detta s\u00e4tta svara upp mot kundernas behov. SS (kragbultar) modellerna konstruerades f\u00f6r tunga maskiner och alla slags fordon som anv\u00e4nds under extrema f\u00f6rh\u00e5llanden och milj\u00f6er. Det finns \u00e4ven SF (gnistfria) &hellip; Continued\" \/>\n<meta property=\"og:url\" content=\"https:\/\/www.igripstud.com\/sv\/bultskruvstyper\/\" \/>\n<meta property=\"og:site_name\" content=\"IGrip - Crampons vissables\" \/>\n<meta property=\"article:publisher\" content=\"https:\/\/www.facebook.com\/IGRIPstud\/\" \/>\n<meta property=\"article:modified_time\" content=\"2024-03-18T16:07:43+00:00\" \/>\n<meta property=\"og:image\" content=\"https:\/\/www.igripstud.com\/wp-content\/uploads\/2024\/03\/Grille-IGRIP-2024_EN-web-scaled.jpg\" \/>\n<meta name=\"twitter:card\" content=\"summary_large_image\" \/>\n<meta name=\"twitter:label1\" content=\"Ber\u00e4knad l\u00e4stid\" \/>\n\t<meta name=\"twitter:data1\" content=\"1 minut\" \/>\n<script type=\"application\/ld+json\" class=\"yoast-schema-graph\">{\"@context\":\"https:\\\/\\\/schema.org\",\"@graph\":[{\"@type\":\"WebPage\",\"@id\":\"https:\\\/\\\/www.igripstud.com\\\/sv\\\/bultskruvstyper\\\/\",\"url\":\"https:\\\/\\\/www.igripstud.com\\\/sv\\\/bultskruvstyper\\\/\",\"name\":\"Bultskruvstyper - IGrip - Crampons vissables\",\"isPartOf\":{\"@id\":\"https:\\\/\\\/www.igripstud.com\\\/#website\"},\"primaryImageOfPage\":{\"@id\":\"https:\\\/\\\/www.igripstud.com\\\/sv\\\/bultskruvstyper\\\/#primaryimage\"},\"image\":{\"@id\":\"https:\\\/\\\/www.igripstud.com\\\/sv\\\/bultskruvstyper\\\/#primaryimage\"},\"thumbnailUrl\":\"https:\\\/\\\/www.igripstud.com\\\/wp-content\\\/uploads\\\/2024\\\/03\\\/Grille-IGRIP-2024_EN-web-scaled.jpg\",\"datePublished\":\"2018-10-11T15:36:40+00:00\",\"dateModified\":\"2024-03-18T16:07:43+00:00\",\"breadcrumb\":{\"@id\":\"https:\\\/\\\/www.igripstud.com\\\/sv\\\/bultskruvstyper\\\/#breadcrumb\"},\"inLanguage\":\"sv-SE\",\"potentialAction\":[{\"@type\":\"ReadAction\",\"target\":[\"https:\\\/\\\/www.igripstud.com\\\/sv\\\/bultskruvstyper\\\/\"]}]},{\"@type\":\"ImageObject\",\"inLanguage\":\"sv-SE\",\"@id\":\"https:\\\/\\\/www.igripstud.com\\\/sv\\\/bultskruvstyper\\\/#primaryimage\",\"url\":\"https:\\\/\\\/www.igripstud.com\\\/wp-content\\\/uploads\\\/2024\\\/03\\\/Grille-IGRIP-2024_EN-web-scaled.jpg\",\"contentUrl\":\"https:\\\/\\\/www.igripstud.com\\\/wp-content\\\/uploads\\\/2024\\\/03\\\/Grille-IGRIP-2024_EN-web-scaled.jpg\"},{\"@type\":\"BreadcrumbList\",\"@id\":\"https:\\\/\\\/www.igripstud.com\\\/sv\\\/bultskruvstyper\\\/#breadcrumb\",\"itemListElement\":[{\"@type\":\"ListItem\",\"position\":1,\"name\":\"Accueil\",\"item\":\"https:\\\/\\\/www.igripstud.com\\\/sv\\\/\"},{\"@type\":\"ListItem\",\"position\":2,\"name\":\"Bultskruvstyper\"}]},{\"@type\":\"WebSite\",\"@id\":\"https:\\\/\\\/www.igripstud.com\\\/#website\",\"url\":\"https:\\\/\\\/www.igripstud.com\\\/\",\"name\":\"IGrip - Crampons vissables\",\"description\":\"Des crampons adapt\u00e9s pour tout type de v\u00e9hicules!\",\"publisher\":{\"@id\":\"https:\\\/\\\/www.igripstud.com\\\/#organization\"},\"potentialAction\":[{\"@type\":\"SearchAction\",\"target\":{\"@type\":\"EntryPoint\",\"urlTemplate\":\"https:\\\/\\\/www.igripstud.com\\\/?s={search_term_string}\"},\"query-input\":{\"@type\":\"PropertyValueSpecification\",\"valueRequired\":true,\"valueName\":\"search_term_string\"}}],\"inLanguage\":\"sv-SE\"},{\"@type\":\"Organization\",\"@id\":\"https:\\\/\\\/www.igripstud.com\\\/#organization\",\"name\":\"Igrip\",\"url\":\"https:\\\/\\\/www.igripstud.com\\\/\",\"logo\":{\"@type\":\"ImageObject\",\"inLanguage\":\"sv-SE\",\"@id\":\"https:\\\/\\\/www.igripstud.com\\\/#\\\/schema\\\/logo\\\/image\\\/\",\"url\":\"https:\\\/\\\/www.igripstud.com\\\/wp-content\\\/uploads\\\/2018\\\/08\\\/screenshot.png\",\"contentUrl\":\"https:\\\/\\\/www.igripstud.com\\\/wp-content\\\/uploads\\\/2018\\\/08\\\/screenshot.png\",\"width\":880,\"height\":660,\"caption\":\"Igrip\"},\"image\":{\"@id\":\"https:\\\/\\\/www.igripstud.com\\\/#\\\/schema\\\/logo\\\/image\\\/\"},\"sameAs\":[\"https:\\\/\\\/www.facebook.com\\\/IGRIPstud\\\/\",\"https:\\\/\\\/www.instagram.com\\\/igripstud\\\/\"]}]}<\/script>\n<!-- \/ Yoast SEO plugin. -->","yoast_head_json":{"title":"Bultskruvstyper - IGrip - Crampons vissables","robots":{"index":"index","follow":"follow","max-snippet":"max-snippet:-1","max-image-preview":"max-image-preview:large","max-video-preview":"max-video-preview:-1"},"canonical":"https:\/\/www.igripstud.com\/sv\/bultskruvstyper\/","og_locale":"sv_SE","og_type":"article","og_title":"Bultskruvstyper - IGrip - Crampons vissables","og_description":"Under m\u00e5nga \u00e5r har iGrip erbjudit ST-typen (standardg\u00e4nga) av skruvbultar. Men f\u00f6r att f\u00f6rb\u00e4ttra produktutbudet har iGrip tillf\u00f6rt tv\u00e5 skuvbultstyper till sortimentet f\u00f6r att p\u00e5 detta s\u00e4tta svara upp mot kundernas behov. SS (kragbultar) modellerna konstruerades f\u00f6r tunga maskiner och alla slags fordon som anv\u00e4nds under extrema f\u00f6rh\u00e5llanden och milj\u00f6er. Det finns \u00e4ven SF (gnistfria) &hellip; Continued","og_url":"https:\/\/www.igripstud.com\/sv\/bultskruvstyper\/","og_site_name":"IGrip - Crampons vissables","article_publisher":"https:\/\/www.facebook.com\/IGRIPstud\/","article_modified_time":"2024-03-18T16:07:43+00:00","og_image":[{"url":"https:\/\/www.igripstud.com\/wp-content\/uploads\/2024\/03\/Grille-IGRIP-2024_EN-web-scaled.jpg","type":"","width":"","height":""}],"twitter_card":"summary_large_image","twitter_misc":{"Ber\u00e4knad l\u00e4stid":"1 minut"},"schema":{"@context":"https:\/\/schema.org","@graph":[{"@type":"WebPage","@id":"https:\/\/www.igripstud.com\/sv\/bultskruvstyper\/","url":"https:\/\/www.igripstud.com\/sv\/bultskruvstyper\/","name":"Bultskruvstyper - IGrip - Crampons vissables","isPartOf":{"@id":"https:\/\/www.igripstud.com\/#website"},"primaryImageOfPage":{"@id":"https:\/\/www.igripstud.com\/sv\/bultskruvstyper\/#primaryimage"},"image":{"@id":"https:\/\/www.igripstud.com\/sv\/bultskruvstyper\/#primaryimage"},"thumbnailUrl":"https:\/\/www.igripstud.com\/wp-content\/uploads\/2024\/03\/Grille-IGRIP-2024_EN-web-scaled.jpg","datePublished":"2018-10-11T15:36:40+00:00","dateModified":"2024-03-18T16:07:43+00:00","breadcrumb":{"@id":"https:\/\/www.igripstud.com\/sv\/bultskruvstyper\/#breadcrumb"},"inLanguage":"sv-SE","potentialAction":[{"@type":"ReadAction","target":["https:\/\/www.igripstud.com\/sv\/bultskruvstyper\/"]}]},{"@type":"ImageObject","inLanguage":"sv-SE","@id":"https:\/\/www.igripstud.com\/sv\/bultskruvstyper\/#primaryimage","url":"https:\/\/www.igripstud.com\/wp-content\/uploads\/2024\/03\/Grille-IGRIP-2024_EN-web-scaled.jpg","contentUrl":"https:\/\/www.igripstud.com\/wp-content\/uploads\/2024\/03\/Grille-IGRIP-2024_EN-web-scaled.jpg"},{"@type":"BreadcrumbList","@id":"https:\/\/www.igripstud.com\/sv\/bultskruvstyper\/#breadcrumb","itemListElement":[{"@type":"ListItem","position":1,"name":"Accueil","item":"https:\/\/www.igripstud.com\/sv\/"},{"@type":"ListItem","position":2,"name":"Bultskruvstyper"}]},{"@type":"WebSite","@id":"https:\/\/www.igripstud.com\/#website","url":"https:\/\/www.igripstud.com\/","name":"IGrip - Crampons vissables","description":"Des crampons adapt\u00e9s pour tout type de v\u00e9hicules!","publisher":{"@id":"https:\/\/www.igripstud.com\/#organization"},"potentialAction":[{"@type":"SearchAction","target":{"@type":"EntryPoint","urlTemplate":"https:\/\/www.igripstud.com\/?s={search_term_string}"},"query-input":{"@type":"PropertyValueSpecification","valueRequired":true,"valueName":"search_term_string"}}],"inLanguage":"sv-SE"},{"@type":"Organization","@id":"https:\/\/www.igripstud.com\/#organization","name":"Igrip","url":"https:\/\/www.igripstud.com\/","logo":{"@type":"ImageObject","inLanguage":"sv-SE","@id":"https:\/\/www.igripstud.com\/#\/schema\/logo\/image\/","url":"https:\/\/www.igripstud.com\/wp-content\/uploads\/2018\/08\/screenshot.png","contentUrl":"https:\/\/www.igripstud.com\/wp-content\/uploads\/2018\/08\/screenshot.png","width":880,"height":660,"caption":"Igrip"},"image":{"@id":"https:\/\/www.igripstud.com\/#\/schema\/logo\/image\/"},"sameAs":["https:\/\/www.facebook.com\/IGRIPstud\/","https:\/\/www.instagram.com\/igripstud\/"]}]}},"_links":{"self":[{"href":"https:\/\/www.igripstud.com\/sv\/wp-json\/wp\/v2\/pages\/1838","targetHints":{"allow":["GET"]}}],"collection":[{"href":"https:\/\/www.igripstud.com\/sv\/wp-json\/wp\/v2\/pages"}],"about":[{"href":"https:\/\/www.igripstud.com\/sv\/wp-json\/wp\/v2\/types\/page"}],"author":[{"embeddable":true,"href":"https:\/\/www.igripstud.com\/sv\/wp-json\/wp\/v2\/users\/1"}],"replies":[{"embeddable":true,"href":"https:\/\/www.igripstud.com\/sv\/wp-json\/wp\/v2\/comments?post=1838"}],"version-history":[{"count":2,"href":"https:\/\/www.igripstud.com\/sv\/wp-json\/wp\/v2\/pages\/1838\/revisions"}],"predecessor-version":[{"id":6075,"href":"https:\/\/www.igripstud.com\/sv\/wp-json\/wp\/v2\/pages\/1838\/revisions\/6075"}],"wp:attachment":[{"href":"https:\/\/www.igripstud.com\/sv\/wp-json\/wp\/v2\/media?parent=1838"}],"curies":[{"name":"wp","href":"https:\/\/api.w.org\/{rel}","templated":true}]}}