{"id":1839,"date":"2018-10-11T11:37:36","date_gmt":"2018-10-11T15:37:36","guid":{"rendered":"https:\/\/www.igripstud.com\/igrip\/"},"modified":"2018-10-11T11:37:36","modified_gmt":"2018-10-11T15:37:36","slug":"igrip","status":"publish","type":"page","link":"https:\/\/www.igripstud.com\/sv\/igrip\/","title":{"rendered":"IGrip"},"content":{"rendered":"<h1>OM\u00a0<em>IGRIP SKRUVBULTAR <\/em><\/h1>\n<p>iGrip \u00e4r ett kanadensiskt f\u00f6retags, specialiserat p\u00e5 konstruktion och tillverkning av skruvbultar sedan 2015 med \u00f6ver 10 \u00e5rs erfarenhet fr\u00e5n f\u00e4ltet. V\u00e5ra skruvbultar, innovativa, med en unik konstruktion och \u00f6verl\u00e4gsen kvalitet, och kommer att klara av dina behov.<\/p>\n<p>V\u00e5ra produkter \u00e4r ber\u00f6mda f\u00f6r sin s\u00e4kerhet, den enkla monteringen och f\u00f6r v\u00e5rt omfattande sortiment av skruvbultar f\u00f6r olika l\u00f6sningar och f\u00f6r att de vara l\u00e4ngre under alla v\u00e4derleksf\u00f6rh\u00e5llanden. Vi har olika typer av skruvbultar konstruerade f\u00f6r personbilar, jordbruksmaskiner, tunga och l\u00e4tta maskiner, fritidsfordon, sn\u00f6skotrar, skogsmaskiner, milit\u00e4rfordon, gruvmaskiner och motorcyklar samt f\u00f6r s\u00e4kerhetsskor.<\/p>\n<p>Skruvbultar tillverkas av varmgalvaniserat st\u00e5l f\u00f6r att maximera h\u00e5llfastheten och i en varmf\u00f6rzinkningsprocess som bildar korrosionsskydd. Alla skruvbultar f\u00f6rses med en spets av tungsten-karbid f\u00f6r att ge ett \u00f6kat grepp. Detta har gjorts m\u00f6jligt tack vare ett o\u00f6vertr\u00e4ffat djup av bultens f\u00f6rankring i isen. L\u00e4tt och snabb att montera, s\u00e4rskilt och med hj\u00e4lp av ett verktyg som vi tillhandah\u00e5ller, kan iGrip bulten utan n\u00e5gra sv\u00e5righeter anv\u00e4ndas mer \u00e4n en s\u00e4song p\u00e5 nya och begagnade d\u00e4ck. Dessutom \u00e4r bultarna l\u00e4tta att ta bort n\u00e4r detta blir n\u00f6dv\u00e4ndigt.<\/p>\n<p>Innovation och produktutveckling av nya iGrip skruvbultar p\u00e5g\u00e5r hela tiden. Vi lyssnar p\u00e5 v\u00e5ra kunder och vi tvekar inte att ta fram nya produkter f\u00f6r att tillfredsst\u00e4lla deras behov. Med v\u00e5r stora produktionskapacitet tar vi inte bara hand om v\u00e5ra anv\u00e4ndare utan \u00e4ven om maskintillverkarna.<\/p>\n<p class=\"p1\"><span class=\"s1\"> Har du n\u00e5gra fr\u00e5gor?? <\/span><a href=\"https:\/\/www.igripstud.com\/sv\/kontakta-oss\/\"><span class=\"s2\">Kontakta oss<\/span><\/a><span class=\"s1\">! V\u00e5r erfarna och passionerade personal kommer att besvara dina fr\u00e5gor som ber\u00f6r d\u00e4ck och skruvbultar.<\/span><\/p>\n<h2>F\u00f6rdelen med att anv\u00e4nda iGrip skruvbultar<\/h2>\n<ul>\n<li>L\u00e4tta att montera (verktyg och handledning medlevereras) och att ta bort (inget behov av att ha vinter och sommard\u00e4ck)<\/li>\n<li>F\u00f6rb\u00e4ttrade prestanda vid k\u00f6rning off-road<\/li>\n<li>Br\u00e4nsleekonomi<\/li>\n<li>Utm\u00e4rkt alternativ till kedjor (mindre buller och billigare)<\/li>\n<li>Utm\u00e4rkt alternativ till traditionella d\u00e4ckdubbar<\/li>\n<li>F\u00f6rb\u00e4ttrad s\u00e4kerhet<\/li>\n<li>B\u00e4ttre grepp<\/li>\n<li>Stabilare k\u00f6rning<\/li>\n<li>Bilen f\u00e5r b\u00e4ttre inbromsningsf\u00f6rm\u00e5ga<\/li>\n<li>H\u00e5ller l\u00e4ngre<\/li>\n<li>L\u00e4tta<\/li>\n<li>Ljudl\u00f6sa<\/li>\n<\/ul>\n<!-- AddThis Advanced Settings generic via filter on the_content --><!-- AddThis Share Buttons generic via filter on the_content -->","protected":false},"excerpt":{"rendered":"<p>OM\u00a0IGRIP SKRUVBULTAR iGrip \u00e4r ett kanadensiskt f\u00f6retags, specialiserat p\u00e5 konstruktion och tillverkning av skruvbultar sedan 2015 med \u00f6ver 10 \u00e5rs erfarenhet fr\u00e5n f\u00e4ltet. V\u00e5ra skruvbultar, innovativa, med en unik konstruktion och \u00f6verl\u00e4gsen kvalitet, och kommer att klara av dina behov. V\u00e5ra produkter \u00e4r ber\u00f6mda f\u00f6r sin s\u00e4kerhet, den enkla monteringen och f\u00f6r v\u00e5rt omfattande sortiment &hellip; <a href=\"https:\/\/www.igripstud.com\/sv\/igrip\/\">Continued<\/a><!-- AddThis Advanced Settings generic via filter on get_the_excerpt --><!-- AddThis Share Buttons generic via filter on get_the_excerpt --><\/p>\n","protected":false},"author":1,"featured_media":1510,"parent":0,"menu_order":0,"comment_status":"closed","ping_status":"closed","template":"","meta":{"_acf_changed":false,"_monsterinsights_skip_tracking":false,"_monsterinsights_sitenote_active":false,"_monsterinsights_sitenote_note":"","_monsterinsights_sitenote_category":0,"footnotes":""},"class_list":["post-1839","page","type-page","status-publish","has-post-thumbnail","hentry"],"acf":[],"yoast_head":"<!-- This site is optimized with the Yoast SEO plugin v27.0 - https:\/\/yoast.com\/product\/yoast-seo-wordpress\/ -->\n<title>IGrip - IGrip - Crampons vissables<\/title>\n<meta name=\"robots\" content=\"index, follow, max-snippet:-1, max-image-preview:large, max-video-preview:-1\" \/>\n<link rel=\"canonical\" href=\"https:\/\/www.igripstud.com\/sv\/igrip\/\" \/>\n<meta property=\"og:locale\" content=\"sv_SE\" \/>\n<meta property=\"og:type\" content=\"article\" \/>\n<meta property=\"og:title\" content=\"IGrip - IGrip - Crampons vissables\" \/>\n<meta property=\"og:description\" content=\"OM\u00a0IGRIP SKRUVBULTAR iGrip \u00e4r ett kanadensiskt f\u00f6retags, specialiserat p\u00e5 konstruktion och tillverkning av skruvbultar sedan 2015 med \u00f6ver 10 \u00e5rs erfarenhet fr\u00e5n f\u00e4ltet. V\u00e5ra skruvbultar, innovativa, med en unik konstruktion och \u00f6verl\u00e4gsen kvalitet, och kommer att klara av dina behov. V\u00e5ra produkter \u00e4r ber\u00f6mda f\u00f6r sin s\u00e4kerhet, den enkla monteringen och f\u00f6r v\u00e5rt omfattande sortiment &hellip; Continued\" \/>\n<meta property=\"og:url\" content=\"https:\/\/www.igripstud.com\/sv\/igrip\/\" \/>\n<meta property=\"og:site_name\" content=\"IGrip - Crampons vissables\" \/>\n<meta property=\"article:publisher\" content=\"https:\/\/www.facebook.com\/IGRIPstud\/\" \/>\n<meta property=\"og:image\" content=\"https:\/\/www.igripstud.com\/wp-content\/uploads\/2018\/09\/igrip-entete.jpg\" \/>\n\t<meta property=\"og:image:width\" content=\"1920\" \/>\n\t<meta property=\"og:image:height\" content=\"576\" \/>\n\t<meta property=\"og:image:type\" content=\"image\/jpeg\" \/>\n<meta name=\"twitter:card\" content=\"summary_large_image\" \/>\n<meta name=\"twitter:label1\" content=\"Ber\u00e4knad l\u00e4stid\" \/>\n\t<meta name=\"twitter:data1\" content=\"2 minuter\" \/>\n<script type=\"application\/ld+json\" class=\"yoast-schema-graph\">{\"@context\":\"https:\/\/schema.org\",\"@graph\":[{\"@type\":\"WebPage\",\"@id\":\"https:\/\/www.igripstud.com\/sv\/igrip\/\",\"url\":\"https:\/\/www.igripstud.com\/sv\/igrip\/\",\"name\":\"IGrip - IGrip - Crampons vissables\",\"isPartOf\":{\"@id\":\"https:\/\/www.igripstud.com\/#website\"},\"primaryImageOfPage\":{\"@id\":\"https:\/\/www.igripstud.com\/sv\/igrip\/#primaryimage\"},\"image\":{\"@id\":\"https:\/\/www.igripstud.com\/sv\/igrip\/#primaryimage\"},\"thumbnailUrl\":\"https:\/\/www.igripstud.com\/wp-content\/uploads\/2018\/09\/igrip-entete.jpg\",\"datePublished\":\"2018-10-11T15:37:36+00:00\",\"breadcrumb\":{\"@id\":\"https:\/\/www.igripstud.com\/sv\/igrip\/#breadcrumb\"},\"inLanguage\":\"sv-SE\",\"potentialAction\":[{\"@type\":\"ReadAction\",\"target\":[\"https:\/\/www.igripstud.com\/sv\/igrip\/\"]}]},{\"@type\":\"ImageObject\",\"inLanguage\":\"sv-SE\",\"@id\":\"https:\/\/www.igripstud.com\/sv\/igrip\/#primaryimage\",\"url\":\"https:\/\/www.igripstud.com\/wp-content\/uploads\/2018\/09\/igrip-entete.jpg\",\"contentUrl\":\"https:\/\/www.igripstud.com\/wp-content\/uploads\/2018\/09\/igrip-entete.jpg\",\"width\":1920,\"height\":576},{\"@type\":\"BreadcrumbList\",\"@id\":\"https:\/\/www.igripstud.com\/sv\/igrip\/#breadcrumb\",\"itemListElement\":[{\"@type\":\"ListItem\",\"position\":1,\"name\":\"Accueil\",\"item\":\"https:\/\/www.igripstud.com\/sv\/\"},{\"@type\":\"ListItem\",\"position\":2,\"name\":\"IGrip\"}]},{\"@type\":\"WebSite\",\"@id\":\"https:\/\/www.igripstud.com\/#website\",\"url\":\"https:\/\/www.igripstud.com\/\",\"name\":\"IGrip - Crampons vissables\",\"description\":\"Des crampons adapt\u00e9s pour tout type de v\u00e9hicules!\",\"publisher\":{\"@id\":\"https:\/\/www.igripstud.com\/#organization\"},\"potentialAction\":[{\"@type\":\"SearchAction\",\"target\":{\"@type\":\"EntryPoint\",\"urlTemplate\":\"https:\/\/www.igripstud.com\/?s={search_term_string}\"},\"query-input\":{\"@type\":\"PropertyValueSpecification\",\"valueRequired\":true,\"valueName\":\"search_term_string\"}}],\"inLanguage\":\"sv-SE\"},{\"@type\":\"Organization\",\"@id\":\"https:\/\/www.igripstud.com\/#organization\",\"name\":\"Igrip\",\"url\":\"https:\/\/www.igripstud.com\/\",\"logo\":{\"@type\":\"ImageObject\",\"inLanguage\":\"sv-SE\",\"@id\":\"https:\/\/www.igripstud.com\/#\/schema\/logo\/image\/\",\"url\":\"https:\/\/www.igripstud.com\/wp-content\/uploads\/2018\/08\/screenshot.png\",\"contentUrl\":\"https:\/\/www.igripstud.com\/wp-content\/uploads\/2018\/08\/screenshot.png\",\"width\":880,\"height\":660,\"caption\":\"Igrip\"},\"image\":{\"@id\":\"https:\/\/www.igripstud.com\/#\/schema\/logo\/image\/\"},\"sameAs\":[\"https:\/\/www.facebook.com\/IGRIPstud\/\",\"https:\/\/www.instagram.com\/igripstud\/\"]}]}<\/script>\n<!-- \/ Yoast SEO plugin. -->","yoast_head_json":{"title":"IGrip - IGrip - Crampons vissables","robots":{"index":"index","follow":"follow","max-snippet":"max-snippet:-1","max-image-preview":"max-image-preview:large","max-video-preview":"max-video-preview:-1"},"canonical":"https:\/\/www.igripstud.com\/sv\/igrip\/","og_locale":"sv_SE","og_type":"article","og_title":"IGrip - IGrip - Crampons vissables","og_description":"OM\u00a0IGRIP SKRUVBULTAR iGrip \u00e4r ett kanadensiskt f\u00f6retags, specialiserat p\u00e5 konstruktion och tillverkning av skruvbultar sedan 2015 med \u00f6ver 10 \u00e5rs erfarenhet fr\u00e5n f\u00e4ltet. V\u00e5ra skruvbultar, innovativa, med en unik konstruktion och \u00f6verl\u00e4gsen kvalitet, och kommer att klara av dina behov. V\u00e5ra produkter \u00e4r ber\u00f6mda f\u00f6r sin s\u00e4kerhet, den enkla monteringen och f\u00f6r v\u00e5rt omfattande sortiment &hellip; Continued","og_url":"https:\/\/www.igripstud.com\/sv\/igrip\/","og_site_name":"IGrip - Crampons vissables","article_publisher":"https:\/\/www.facebook.com\/IGRIPstud\/","og_image":[{"width":1920,"height":576,"url":"https:\/\/www.igripstud.com\/wp-content\/uploads\/2018\/09\/igrip-entete.jpg","type":"image\/jpeg"}],"twitter_card":"summary_large_image","twitter_misc":{"Ber\u00e4knad l\u00e4stid":"2 minuter"},"schema":{"@context":"https:\/\/schema.org","@graph":[{"@type":"WebPage","@id":"https:\/\/www.igripstud.com\/sv\/igrip\/","url":"https:\/\/www.igripstud.com\/sv\/igrip\/","name":"IGrip - IGrip - Crampons vissables","isPartOf":{"@id":"https:\/\/www.igripstud.com\/#website"},"primaryImageOfPage":{"@id":"https:\/\/www.igripstud.com\/sv\/igrip\/#primaryimage"},"image":{"@id":"https:\/\/www.igripstud.com\/sv\/igrip\/#primaryimage"},"thumbnailUrl":"https:\/\/www.igripstud.com\/wp-content\/uploads\/2018\/09\/igrip-entete.jpg","datePublished":"2018-10-11T15:37:36+00:00","breadcrumb":{"@id":"https:\/\/www.igripstud.com\/sv\/igrip\/#breadcrumb"},"inLanguage":"sv-SE","potentialAction":[{"@type":"ReadAction","target":["https:\/\/www.igripstud.com\/sv\/igrip\/"]}]},{"@type":"ImageObject","inLanguage":"sv-SE","@id":"https:\/\/www.igripstud.com\/sv\/igrip\/#primaryimage","url":"https:\/\/www.igripstud.com\/wp-content\/uploads\/2018\/09\/igrip-entete.jpg","contentUrl":"https:\/\/www.igripstud.com\/wp-content\/uploads\/2018\/09\/igrip-entete.jpg","width":1920,"height":576},{"@type":"BreadcrumbList","@id":"https:\/\/www.igripstud.com\/sv\/igrip\/#breadcrumb","itemListElement":[{"@type":"ListItem","position":1,"name":"Accueil","item":"https:\/\/www.igripstud.com\/sv\/"},{"@type":"ListItem","position":2,"name":"IGrip"}]},{"@type":"WebSite","@id":"https:\/\/www.igripstud.com\/#website","url":"https:\/\/www.igripstud.com\/","name":"IGrip - Crampons vissables","description":"Des crampons adapt\u00e9s pour tout type de v\u00e9hicules!","publisher":{"@id":"https:\/\/www.igripstud.com\/#organization"},"potentialAction":[{"@type":"SearchAction","target":{"@type":"EntryPoint","urlTemplate":"https:\/\/www.igripstud.com\/?s={search_term_string}"},"query-input":{"@type":"PropertyValueSpecification","valueRequired":true,"valueName":"search_term_string"}}],"inLanguage":"sv-SE"},{"@type":"Organization","@id":"https:\/\/www.igripstud.com\/#organization","name":"Igrip","url":"https:\/\/www.igripstud.com\/","logo":{"@type":"ImageObject","inLanguage":"sv-SE","@id":"https:\/\/www.igripstud.com\/#\/schema\/logo\/image\/","url":"https:\/\/www.igripstud.com\/wp-content\/uploads\/2018\/08\/screenshot.png","contentUrl":"https:\/\/www.igripstud.com\/wp-content\/uploads\/2018\/08\/screenshot.png","width":880,"height":660,"caption":"Igrip"},"image":{"@id":"https:\/\/www.igripstud.com\/#\/schema\/logo\/image\/"},"sameAs":["https:\/\/www.facebook.com\/IGRIPstud\/","https:\/\/www.instagram.com\/igripstud\/"]}]}},"_links":{"self":[{"href":"https:\/\/www.igripstud.com\/sv\/wp-json\/wp\/v2\/pages\/1839","targetHints":{"allow":["GET"]}}],"collection":[{"href":"https:\/\/www.igripstud.com\/sv\/wp-json\/wp\/v2\/pages"}],"about":[{"href":"https:\/\/www.igripstud.com\/sv\/wp-json\/wp\/v2\/types\/page"}],"author":[{"embeddable":true,"href":"https:\/\/www.igripstud.com\/sv\/wp-json\/wp\/v2\/users\/1"}],"replies":[{"embeddable":true,"href":"https:\/\/www.igripstud.com\/sv\/wp-json\/wp\/v2\/comments?post=1839"}],"version-history":[{"count":0,"href":"https:\/\/www.igripstud.com\/sv\/wp-json\/wp\/v2\/pages\/1839\/revisions"}],"wp:featuredmedia":[{"embeddable":true,"href":"https:\/\/www.igripstud.com\/sv\/wp-json\/wp\/v2\/media\/1510"}],"wp:attachment":[{"href":"https:\/\/www.igripstud.com\/sv\/wp-json\/wp\/v2\/media?parent=1839"}],"curies":[{"name":"wp","href":"https:\/\/api.w.org\/{rel}","templated":true}]}}