{"id":1850,"date":"2018-10-11T11:41:45","date_gmt":"2018-10-11T15:41:45","guid":{"rendered":"https:\/\/www.igripstud.com\/distributorer\/"},"modified":"2018-10-11T11:41:45","modified_gmt":"2018-10-11T15:41:45","slug":"distributorer","status":"publish","type":"page","link":"https:\/\/www.igripstud.com\/sv\/distributorer\/","title":{"rendered":"DISTRIBUT\u00d6RER"},"content":{"rendered":"<p class=\"p1\"><span class=\"s1\">F\u00f6r att b\u00e4ttre kunna betj\u00e4na v\u00e5ra kunder oavsett var de befinner sig, har iGrip ett distribut\u00f6rsn\u00e4tverk i \u00e5tskilliga l\u00e4nder och regioner \u00f6ver hela v\u00e4rlden. <\/span><\/p>\n<p class=\"p1\"><span class=\"s1\">Hitta en distribut\u00f6r i din n\u00e4rhet! <\/span><\/p>\n<!-- AddThis Advanced Settings generic via filter on the_content --><!-- AddThis Share Buttons generic via filter on the_content -->","protected":false},"excerpt":{"rendered":"<p>F\u00f6r att b\u00e4ttre kunna betj\u00e4na v\u00e5ra kunder oavsett var de befinner sig, har iGrip ett distribut\u00f6rsn\u00e4tverk i \u00e5tskilliga l\u00e4nder och regioner \u00f6ver hela v\u00e4rlden. Hitta en distribut\u00f6r i din n\u00e4rhet!<!-- AddThis Advanced Settings generic via filter on get_the_excerpt --><!-- AddThis Share Buttons generic via filter on get_the_excerpt --><\/p>\n","protected":false},"author":1,"featured_media":0,"parent":0,"menu_order":0,"comment_status":"closed","ping_status":"closed","template":"page-distributeurs.php","meta":{"_acf_changed":false,"_monsterinsights_skip_tracking":false,"_monsterinsights_sitenote_active":false,"_monsterinsights_sitenote_note":"","_monsterinsights_sitenote_category":0,"footnotes":""},"class_list":["post-1850","page","type-page","status-publish","hentry"],"acf":[],"yoast_head":"<!-- This site is optimized with the Yoast SEO plugin v27.5 - https:\/\/yoast.com\/product\/yoast-seo-wordpress\/ -->\n<title>DISTRIBUT\u00d6RER - IGrip - Crampons vissables<\/title>\n<meta name=\"robots\" content=\"index, follow, max-snippet:-1, max-image-preview:large, max-video-preview:-1\" \/>\n<link rel=\"canonical\" href=\"https:\/\/www.igripstud.com\/sv\/distributorer\/\" \/>\n<meta property=\"og:locale\" content=\"sv_SE\" \/>\n<meta property=\"og:type\" content=\"article\" \/>\n<meta property=\"og:title\" content=\"DISTRIBUT\u00d6RER - IGrip - Crampons vissables\" \/>\n<meta property=\"og:description\" content=\"F\u00f6r att b\u00e4ttre kunna betj\u00e4na v\u00e5ra kunder oavsett var de befinner sig, har iGrip ett distribut\u00f6rsn\u00e4tverk i \u00e5tskilliga l\u00e4nder och regioner \u00f6ver hela v\u00e4rlden. Hitta en distribut\u00f6r i din n\u00e4rhet!\" \/>\n<meta property=\"og:url\" content=\"https:\/\/www.igripstud.com\/sv\/distributorer\/\" \/>\n<meta property=\"og:site_name\" content=\"IGrip - Crampons vissables\" \/>\n<meta property=\"article:publisher\" content=\"https:\/\/www.facebook.com\/IGRIPstud\/\" \/>\n<meta name=\"twitter:card\" content=\"summary_large_image\" \/>\n<script type=\"application\/ld+json\" class=\"yoast-schema-graph\">{\"@context\":\"https:\\\/\\\/schema.org\",\"@graph\":[{\"@type\":\"WebPage\",\"@id\":\"https:\\\/\\\/www.igripstud.com\\\/sv\\\/distributorer\\\/\",\"url\":\"https:\\\/\\\/www.igripstud.com\\\/sv\\\/distributorer\\\/\",\"name\":\"DISTRIBUT\u00d6RER - IGrip - Crampons vissables\",\"isPartOf\":{\"@id\":\"https:\\\/\\\/www.igripstud.com\\\/#website\"},\"datePublished\":\"2018-10-11T15:41:45+00:00\",\"breadcrumb\":{\"@id\":\"https:\\\/\\\/www.igripstud.com\\\/sv\\\/distributorer\\\/#breadcrumb\"},\"inLanguage\":\"sv-SE\",\"potentialAction\":[{\"@type\":\"ReadAction\",\"target\":[\"https:\\\/\\\/www.igripstud.com\\\/sv\\\/distributorer\\\/\"]}]},{\"@type\":\"BreadcrumbList\",\"@id\":\"https:\\\/\\\/www.igripstud.com\\\/sv\\\/distributorer\\\/#breadcrumb\",\"itemListElement\":[{\"@type\":\"ListItem\",\"position\":1,\"name\":\"Accueil\",\"item\":\"https:\\\/\\\/www.igripstud.com\\\/sv\\\/\"},{\"@type\":\"ListItem\",\"position\":2,\"name\":\"DISTRIBUT\u00d6RER\"}]},{\"@type\":\"WebSite\",\"@id\":\"https:\\\/\\\/www.igripstud.com\\\/#website\",\"url\":\"https:\\\/\\\/www.igripstud.com\\\/\",\"name\":\"IGrip - Crampons vissables\",\"description\":\"Des crampons adapt\u00e9s pour tout type de v\u00e9hicules!\",\"publisher\":{\"@id\":\"https:\\\/\\\/www.igripstud.com\\\/#organization\"},\"potentialAction\":[{\"@type\":\"SearchAction\",\"target\":{\"@type\":\"EntryPoint\",\"urlTemplate\":\"https:\\\/\\\/www.igripstud.com\\\/?s={search_term_string}\"},\"query-input\":{\"@type\":\"PropertyValueSpecification\",\"valueRequired\":true,\"valueName\":\"search_term_string\"}}],\"inLanguage\":\"sv-SE\"},{\"@type\":\"Organization\",\"@id\":\"https:\\\/\\\/www.igripstud.com\\\/#organization\",\"name\":\"Igrip\",\"url\":\"https:\\\/\\\/www.igripstud.com\\\/\",\"logo\":{\"@type\":\"ImageObject\",\"inLanguage\":\"sv-SE\",\"@id\":\"https:\\\/\\\/www.igripstud.com\\\/#\\\/schema\\\/logo\\\/image\\\/\",\"url\":\"https:\\\/\\\/www.igripstud.com\\\/wp-content\\\/uploads\\\/2018\\\/08\\\/screenshot.png\",\"contentUrl\":\"https:\\\/\\\/www.igripstud.com\\\/wp-content\\\/uploads\\\/2018\\\/08\\\/screenshot.png\",\"width\":880,\"height\":660,\"caption\":\"Igrip\"},\"image\":{\"@id\":\"https:\\\/\\\/www.igripstud.com\\\/#\\\/schema\\\/logo\\\/image\\\/\"},\"sameAs\":[\"https:\\\/\\\/www.facebook.com\\\/IGRIPstud\\\/\",\"https:\\\/\\\/www.instagram.com\\\/igripstud\\\/\"]}]}<\/script>\n<!-- \/ Yoast SEO plugin. -->","yoast_head_json":{"title":"DISTRIBUT\u00d6RER - IGrip - Crampons vissables","robots":{"index":"index","follow":"follow","max-snippet":"max-snippet:-1","max-image-preview":"max-image-preview:large","max-video-preview":"max-video-preview:-1"},"canonical":"https:\/\/www.igripstud.com\/sv\/distributorer\/","og_locale":"sv_SE","og_type":"article","og_title":"DISTRIBUT\u00d6RER - IGrip - Crampons vissables","og_description":"F\u00f6r att b\u00e4ttre kunna betj\u00e4na v\u00e5ra kunder oavsett var de befinner sig, har iGrip ett distribut\u00f6rsn\u00e4tverk i \u00e5tskilliga l\u00e4nder och regioner \u00f6ver hela v\u00e4rlden. Hitta en distribut\u00f6r i din n\u00e4rhet!","og_url":"https:\/\/www.igripstud.com\/sv\/distributorer\/","og_site_name":"IGrip - Crampons vissables","article_publisher":"https:\/\/www.facebook.com\/IGRIPstud\/","twitter_card":"summary_large_image","schema":{"@context":"https:\/\/schema.org","@graph":[{"@type":"WebPage","@id":"https:\/\/www.igripstud.com\/sv\/distributorer\/","url":"https:\/\/www.igripstud.com\/sv\/distributorer\/","name":"DISTRIBUT\u00d6RER - IGrip - Crampons vissables","isPartOf":{"@id":"https:\/\/www.igripstud.com\/#website"},"datePublished":"2018-10-11T15:41:45+00:00","breadcrumb":{"@id":"https:\/\/www.igripstud.com\/sv\/distributorer\/#breadcrumb"},"inLanguage":"sv-SE","potentialAction":[{"@type":"ReadAction","target":["https:\/\/www.igripstud.com\/sv\/distributorer\/"]}]},{"@type":"BreadcrumbList","@id":"https:\/\/www.igripstud.com\/sv\/distributorer\/#breadcrumb","itemListElement":[{"@type":"ListItem","position":1,"name":"Accueil","item":"https:\/\/www.igripstud.com\/sv\/"},{"@type":"ListItem","position":2,"name":"DISTRIBUT\u00d6RER"}]},{"@type":"WebSite","@id":"https:\/\/www.igripstud.com\/#website","url":"https:\/\/www.igripstud.com\/","name":"IGrip - Crampons vissables","description":"Des crampons adapt\u00e9s pour tout type de v\u00e9hicules!","publisher":{"@id":"https:\/\/www.igripstud.com\/#organization"},"potentialAction":[{"@type":"SearchAction","target":{"@type":"EntryPoint","urlTemplate":"https:\/\/www.igripstud.com\/?s={search_term_string}"},"query-input":{"@type":"PropertyValueSpecification","valueRequired":true,"valueName":"search_term_string"}}],"inLanguage":"sv-SE"},{"@type":"Organization","@id":"https:\/\/www.igripstud.com\/#organization","name":"Igrip","url":"https:\/\/www.igripstud.com\/","logo":{"@type":"ImageObject","inLanguage":"sv-SE","@id":"https:\/\/www.igripstud.com\/#\/schema\/logo\/image\/","url":"https:\/\/www.igripstud.com\/wp-content\/uploads\/2018\/08\/screenshot.png","contentUrl":"https:\/\/www.igripstud.com\/wp-content\/uploads\/2018\/08\/screenshot.png","width":880,"height":660,"caption":"Igrip"},"image":{"@id":"https:\/\/www.igripstud.com\/#\/schema\/logo\/image\/"},"sameAs":["https:\/\/www.facebook.com\/IGRIPstud\/","https:\/\/www.instagram.com\/igripstud\/"]}]}},"_links":{"self":[{"href":"https:\/\/www.igripstud.com\/sv\/wp-json\/wp\/v2\/pages\/1850","targetHints":{"allow":["GET"]}}],"collection":[{"href":"https:\/\/www.igripstud.com\/sv\/wp-json\/wp\/v2\/pages"}],"about":[{"href":"https:\/\/www.igripstud.com\/sv\/wp-json\/wp\/v2\/types\/page"}],"author":[{"embeddable":true,"href":"https:\/\/www.igripstud.com\/sv\/wp-json\/wp\/v2\/users\/1"}],"replies":[{"embeddable":true,"href":"https:\/\/www.igripstud.com\/sv\/wp-json\/wp\/v2\/comments?post=1850"}],"version-history":[{"count":0,"href":"https:\/\/www.igripstud.com\/sv\/wp-json\/wp\/v2\/pages\/1850\/revisions"}],"wp:attachment":[{"href":"https:\/\/www.igripstud.com\/sv\/wp-json\/wp\/v2\/media?parent=1850"}],"curies":[{"name":"wp","href":"https:\/\/api.w.org\/{rel}","templated":true}]}}