{"id":1860,"date":"2018-10-11T11:45:59","date_gmt":"2018-10-11T15:45:59","guid":{"rendered":"https:\/\/www.igripstud.com\/medias\/"},"modified":"2024-02-20T09:50:56","modified_gmt":"2024-02-20T14:50:56","slug":"medias","status":"publish","type":"page","link":"https:\/\/www.igripstud.com\/sv\/medias\/","title":{"rendered":"Medias"},"content":{"rendered":"<h1 style=\"text-align: center;\"><span style=\"color: #f48021;\">TALKING ABOUT IGRIP<\/span><\/h1>\n<p class=\"p1\" style=\"text-align: center;\">H\u00e4r finner du l\u00e4nkar, artiklar och kommentar r\u00f6rande iGrip skruvbultar.<\/p>\n<p>Skogsbruksartikel:\u00a0 <a href=\"https:\/\/www.canva.com\/design\/DAF6121soME\/Oa_cHNU8X_o2PANj0zK26Q\/view?utm_content=DAF6121soME&amp;utm_campaign=designshare&amp;utm_medium=link&amp;utm_source=editor\" target=\"_blank\" rel=\"noopener\">iGRiP and the Forestry Sector<\/a><\/p>\n<p><img loading=\"lazy\" decoding=\"async\" class=\" wp-image-5507 alignnone\" src=\"https:\/\/www.igripstud.com\/wp-content\/uploads\/2024\/02\/image-360x250.png\" alt=\"\" width=\"323\" height=\"224\" srcset=\"https:\/\/www.igripstud.com\/wp-content\/uploads\/2024\/02\/image-360x250.png 360w, https:\/\/www.igripstud.com\/wp-content\/uploads\/2024\/02\/image-1024x711.png 1024w, https:\/\/www.igripstud.com\/wp-content\/uploads\/2024\/02\/image-768x534.png 768w, https:\/\/www.igripstud.com\/wp-content\/uploads\/2024\/02\/image.png 1130w\" sizes=\"auto, (max-width: 323px) 100vw, 323px\" \/><\/p>\n<p>Artikel of <em>Journal du Qu\u00e9bec<\/em> <a href=\"https:\/\/www.journaldequebec.com\/2023\/12\/05\/choisissez-igrip-pour-votre-securite\" target=\"_blank\" rel=\"noopener\">Choisissez iGRiP pour votre s\u00e9curit\u00e9<\/a><\/p>\n<p><img loading=\"lazy\" decoding=\"async\" class=\" wp-image-5513 alignnone\" src=\"https:\/\/www.igripstud.com\/wp-content\/uploads\/2024\/02\/iGrip-13a-360x227.jpg\" alt=\"\" width=\"325\" height=\"205\" srcset=\"https:\/\/www.igripstud.com\/wp-content\/uploads\/2024\/02\/iGrip-13a-360x227.jpg 360w, https:\/\/www.igripstud.com\/wp-content\/uploads\/2024\/02\/iGrip-13a-1024x646.jpg 1024w, https:\/\/www.igripstud.com\/wp-content\/uploads\/2024\/02\/iGrip-13a-768x484.jpg 768w, https:\/\/www.igripstud.com\/wp-content\/uploads\/2024\/02\/iGrip-13a-1536x969.jpg 1536w, https:\/\/www.igripstud.com\/wp-content\/uploads\/2024\/02\/iGrip-13a.jpg 1969w\" sizes=\"auto, (max-width: 325px) 100vw, 325px\" \/><\/p>\n<p class=\"p1\"><span class=\"s1\">Video of\u00a0<a href=\"https:\/\/www.youtube.com\/watch?v=uRIbbtGTCTg\" target=\"_blank\" rel=\"noopener\">Go Riding\u00a0<\/a><\/span><\/p>\n<p class=\"p2\"><img decoding=\"async\" src=\"https:\/\/yt3.googleusercontent.com\/ytc\/AIf8zZSC0qfGywYUwfZcl4xOREVjAlLSTqxCkF-ra-2yaA=s176-c-k-c0x00ffffff-no-rj\" \/><\/p>\n<p>Kommentar on<a href=\"https:\/\/ty4stroke.com\/threads\/my-2018-apex-50th-xtx.149857\/page-2\" target=\"_blank\" rel=\"noopener\">\u00a0ty4stroke.com<\/a><\/p>\n<p>Artikel of\u00a0<a href=\"https:\/\/ty4stroke.com\/threads\/igripstuds-com.150015\/\" target=\"_blank\" rel=\"noopener\">ty4stroke.com<\/a>\u00a0after the Novi Snow show<\/p>\n<p><img loading=\"lazy\" decoding=\"async\" class=\"\" src=\"https:\/\/ty4stroke.com\/attachments\/img_3703-custom-jpg.132717\/\" width=\"323\" height=\"242\" \/><\/p>\n<p>Artikel of\u00a0<a href=\"http:\/\/www.dootalk.com\/forums\/topic\/1438090-i-grip-studs-in-a-talon-45-177-track-pictures-details\/\">dootalk.com<\/a><\/p>\n<p>&nbsp;<\/p>\n<!-- AddThis Advanced Settings generic via filter on the_content --><!-- AddThis Share Buttons generic via filter on the_content -->","protected":false},"excerpt":{"rendered":"<p>TALKING ABOUT IGRIP H\u00e4r finner du l\u00e4nkar, artiklar och kommentar r\u00f6rande iGrip skruvbultar. Skogsbruksartikel:\u00a0 iGRiP and the Forestry Sector Artikel of Journal du Qu\u00e9bec Choisissez iGRiP pour votre s\u00e9curit\u00e9 Video of\u00a0Go Riding\u00a0 Kommentar on\u00a0ty4stroke.com Artikel of\u00a0ty4stroke.com\u00a0after the Novi Snow show Artikel of\u00a0dootalk.com &nbsp;<!-- AddThis Advanced Settings generic via filter on get_the_excerpt --><!-- AddThis Share Buttons generic via filter on get_the_excerpt --><\/p>\n","protected":false},"author":1,"featured_media":0,"parent":0,"menu_order":0,"comment_status":"closed","ping_status":"closed","template":"","meta":{"_acf_changed":false,"_monsterinsights_skip_tracking":false,"_monsterinsights_sitenote_active":false,"_monsterinsights_sitenote_note":"","_monsterinsights_sitenote_category":0,"footnotes":""},"class_list":["post-1860","page","type-page","status-publish","hentry"],"acf":[],"yoast_head":"<!-- This site is optimized with the Yoast SEO plugin v27.5 - https:\/\/yoast.com\/product\/yoast-seo-wordpress\/ -->\n<title>Medias - IGrip - Crampons vissables<\/title>\n<meta name=\"robots\" content=\"index, follow, max-snippet:-1, max-image-preview:large, max-video-preview:-1\" \/>\n<link rel=\"canonical\" href=\"https:\/\/www.igripstud.com\/sv\/medias\/\" \/>\n<meta property=\"og:locale\" content=\"sv_SE\" \/>\n<meta property=\"og:type\" content=\"article\" \/>\n<meta property=\"og:title\" content=\"Medias - IGrip - Crampons vissables\" \/>\n<meta property=\"og:description\" content=\"TALKING ABOUT IGRIP H\u00e4r finner du l\u00e4nkar, artiklar och kommentar r\u00f6rande iGrip skruvbultar. Skogsbruksartikel:\u00a0 iGRiP and the Forestry Sector Artikel of Journal du Qu\u00e9bec Choisissez iGRiP pour votre s\u00e9curit\u00e9 Video of\u00a0Go Riding\u00a0 Kommentar on\u00a0ty4stroke.com Artikel of\u00a0ty4stroke.com\u00a0after the Novi Snow show Artikel of\u00a0dootalk.com &nbsp;\" \/>\n<meta property=\"og:url\" content=\"https:\/\/www.igripstud.com\/sv\/medias\/\" \/>\n<meta property=\"og:site_name\" content=\"IGrip - Crampons vissables\" \/>\n<meta property=\"article:publisher\" content=\"https:\/\/www.facebook.com\/IGRIPstud\/\" \/>\n<meta property=\"article:modified_time\" content=\"2024-02-20T14:50:56+00:00\" \/>\n<meta property=\"og:image\" content=\"https:\/\/www.igripstud.com\/wp-content\/uploads\/2024\/02\/image-360x250.png\" \/>\n<meta name=\"twitter:card\" content=\"summary_large_image\" \/>\n<meta name=\"twitter:label1\" content=\"Ber\u00e4knad l\u00e4stid\" \/>\n\t<meta name=\"twitter:data1\" content=\"2 minuter\" \/>\n<script type=\"application\/ld+json\" class=\"yoast-schema-graph\">{\"@context\":\"https:\\\/\\\/schema.org\",\"@graph\":[{\"@type\":\"WebPage\",\"@id\":\"https:\\\/\\\/www.igripstud.com\\\/sv\\\/medias\\\/\",\"url\":\"https:\\\/\\\/www.igripstud.com\\\/sv\\\/medias\\\/\",\"name\":\"Medias - IGrip - Crampons vissables\",\"isPartOf\":{\"@id\":\"https:\\\/\\\/www.igripstud.com\\\/#website\"},\"primaryImageOfPage\":{\"@id\":\"https:\\\/\\\/www.igripstud.com\\\/sv\\\/medias\\\/#primaryimage\"},\"image\":{\"@id\":\"https:\\\/\\\/www.igripstud.com\\\/sv\\\/medias\\\/#primaryimage\"},\"thumbnailUrl\":\"https:\\\/\\\/www.igripstud.com\\\/wp-content\\\/uploads\\\/2024\\\/02\\\/image-360x250.png\",\"datePublished\":\"2018-10-11T15:45:59+00:00\",\"dateModified\":\"2024-02-20T14:50:56+00:00\",\"breadcrumb\":{\"@id\":\"https:\\\/\\\/www.igripstud.com\\\/sv\\\/medias\\\/#breadcrumb\"},\"inLanguage\":\"sv-SE\",\"potentialAction\":[{\"@type\":\"ReadAction\",\"target\":[\"https:\\\/\\\/www.igripstud.com\\\/sv\\\/medias\\\/\"]}]},{\"@type\":\"ImageObject\",\"inLanguage\":\"sv-SE\",\"@id\":\"https:\\\/\\\/www.igripstud.com\\\/sv\\\/medias\\\/#primaryimage\",\"url\":\"https:\\\/\\\/www.igripstud.com\\\/wp-content\\\/uploads\\\/2024\\\/02\\\/image-360x250.png\",\"contentUrl\":\"https:\\\/\\\/www.igripstud.com\\\/wp-content\\\/uploads\\\/2024\\\/02\\\/image-360x250.png\"},{\"@type\":\"BreadcrumbList\",\"@id\":\"https:\\\/\\\/www.igripstud.com\\\/sv\\\/medias\\\/#breadcrumb\",\"itemListElement\":[{\"@type\":\"ListItem\",\"position\":1,\"name\":\"Accueil\",\"item\":\"https:\\\/\\\/www.igripstud.com\\\/sv\\\/\"},{\"@type\":\"ListItem\",\"position\":2,\"name\":\"Medias\"}]},{\"@type\":\"WebSite\",\"@id\":\"https:\\\/\\\/www.igripstud.com\\\/#website\",\"url\":\"https:\\\/\\\/www.igripstud.com\\\/\",\"name\":\"IGrip - Crampons vissables\",\"description\":\"Des crampons adapt\u00e9s pour tout type de v\u00e9hicules!\",\"publisher\":{\"@id\":\"https:\\\/\\\/www.igripstud.com\\\/#organization\"},\"potentialAction\":[{\"@type\":\"SearchAction\",\"target\":{\"@type\":\"EntryPoint\",\"urlTemplate\":\"https:\\\/\\\/www.igripstud.com\\\/?s={search_term_string}\"},\"query-input\":{\"@type\":\"PropertyValueSpecification\",\"valueRequired\":true,\"valueName\":\"search_term_string\"}}],\"inLanguage\":\"sv-SE\"},{\"@type\":\"Organization\",\"@id\":\"https:\\\/\\\/www.igripstud.com\\\/#organization\",\"name\":\"Igrip\",\"url\":\"https:\\\/\\\/www.igripstud.com\\\/\",\"logo\":{\"@type\":\"ImageObject\",\"inLanguage\":\"sv-SE\",\"@id\":\"https:\\\/\\\/www.igripstud.com\\\/#\\\/schema\\\/logo\\\/image\\\/\",\"url\":\"https:\\\/\\\/www.igripstud.com\\\/wp-content\\\/uploads\\\/2018\\\/08\\\/screenshot.png\",\"contentUrl\":\"https:\\\/\\\/www.igripstud.com\\\/wp-content\\\/uploads\\\/2018\\\/08\\\/screenshot.png\",\"width\":880,\"height\":660,\"caption\":\"Igrip\"},\"image\":{\"@id\":\"https:\\\/\\\/www.igripstud.com\\\/#\\\/schema\\\/logo\\\/image\\\/\"},\"sameAs\":[\"https:\\\/\\\/www.facebook.com\\\/IGRIPstud\\\/\",\"https:\\\/\\\/www.instagram.com\\\/igripstud\\\/\"]}]}<\/script>\n<!-- \/ Yoast SEO plugin. -->","yoast_head_json":{"title":"Medias - IGrip - Crampons vissables","robots":{"index":"index","follow":"follow","max-snippet":"max-snippet:-1","max-image-preview":"max-image-preview:large","max-video-preview":"max-video-preview:-1"},"canonical":"https:\/\/www.igripstud.com\/sv\/medias\/","og_locale":"sv_SE","og_type":"article","og_title":"Medias - IGrip - Crampons vissables","og_description":"TALKING ABOUT IGRIP H\u00e4r finner du l\u00e4nkar, artiklar och kommentar r\u00f6rande iGrip skruvbultar. Skogsbruksartikel:\u00a0 iGRiP and the Forestry Sector Artikel of Journal du Qu\u00e9bec Choisissez iGRiP pour votre s\u00e9curit\u00e9 Video of\u00a0Go Riding\u00a0 Kommentar on\u00a0ty4stroke.com Artikel of\u00a0ty4stroke.com\u00a0after the Novi Snow show Artikel of\u00a0dootalk.com &nbsp;","og_url":"https:\/\/www.igripstud.com\/sv\/medias\/","og_site_name":"IGrip - Crampons vissables","article_publisher":"https:\/\/www.facebook.com\/IGRIPstud\/","article_modified_time":"2024-02-20T14:50:56+00:00","og_image":[{"url":"https:\/\/www.igripstud.com\/wp-content\/uploads\/2024\/02\/image-360x250.png","type":"","width":"","height":""}],"twitter_card":"summary_large_image","twitter_misc":{"Ber\u00e4knad l\u00e4stid":"2 minuter"},"schema":{"@context":"https:\/\/schema.org","@graph":[{"@type":"WebPage","@id":"https:\/\/www.igripstud.com\/sv\/medias\/","url":"https:\/\/www.igripstud.com\/sv\/medias\/","name":"Medias - IGrip - Crampons vissables","isPartOf":{"@id":"https:\/\/www.igripstud.com\/#website"},"primaryImageOfPage":{"@id":"https:\/\/www.igripstud.com\/sv\/medias\/#primaryimage"},"image":{"@id":"https:\/\/www.igripstud.com\/sv\/medias\/#primaryimage"},"thumbnailUrl":"https:\/\/www.igripstud.com\/wp-content\/uploads\/2024\/02\/image-360x250.png","datePublished":"2018-10-11T15:45:59+00:00","dateModified":"2024-02-20T14:50:56+00:00","breadcrumb":{"@id":"https:\/\/www.igripstud.com\/sv\/medias\/#breadcrumb"},"inLanguage":"sv-SE","potentialAction":[{"@type":"ReadAction","target":["https:\/\/www.igripstud.com\/sv\/medias\/"]}]},{"@type":"ImageObject","inLanguage":"sv-SE","@id":"https:\/\/www.igripstud.com\/sv\/medias\/#primaryimage","url":"https:\/\/www.igripstud.com\/wp-content\/uploads\/2024\/02\/image-360x250.png","contentUrl":"https:\/\/www.igripstud.com\/wp-content\/uploads\/2024\/02\/image-360x250.png"},{"@type":"BreadcrumbList","@id":"https:\/\/www.igripstud.com\/sv\/medias\/#breadcrumb","itemListElement":[{"@type":"ListItem","position":1,"name":"Accueil","item":"https:\/\/www.igripstud.com\/sv\/"},{"@type":"ListItem","position":2,"name":"Medias"}]},{"@type":"WebSite","@id":"https:\/\/www.igripstud.com\/#website","url":"https:\/\/www.igripstud.com\/","name":"IGrip - Crampons vissables","description":"Des crampons adapt\u00e9s pour tout type de v\u00e9hicules!","publisher":{"@id":"https:\/\/www.igripstud.com\/#organization"},"potentialAction":[{"@type":"SearchAction","target":{"@type":"EntryPoint","urlTemplate":"https:\/\/www.igripstud.com\/?s={search_term_string}"},"query-input":{"@type":"PropertyValueSpecification","valueRequired":true,"valueName":"search_term_string"}}],"inLanguage":"sv-SE"},{"@type":"Organization","@id":"https:\/\/www.igripstud.com\/#organization","name":"Igrip","url":"https:\/\/www.igripstud.com\/","logo":{"@type":"ImageObject","inLanguage":"sv-SE","@id":"https:\/\/www.igripstud.com\/#\/schema\/logo\/image\/","url":"https:\/\/www.igripstud.com\/wp-content\/uploads\/2018\/08\/screenshot.png","contentUrl":"https:\/\/www.igripstud.com\/wp-content\/uploads\/2018\/08\/screenshot.png","width":880,"height":660,"caption":"Igrip"},"image":{"@id":"https:\/\/www.igripstud.com\/#\/schema\/logo\/image\/"},"sameAs":["https:\/\/www.facebook.com\/IGRIPstud\/","https:\/\/www.instagram.com\/igripstud\/"]}]}},"_links":{"self":[{"href":"https:\/\/www.igripstud.com\/sv\/wp-json\/wp\/v2\/pages\/1860","targetHints":{"allow":["GET"]}}],"collection":[{"href":"https:\/\/www.igripstud.com\/sv\/wp-json\/wp\/v2\/pages"}],"about":[{"href":"https:\/\/www.igripstud.com\/sv\/wp-json\/wp\/v2\/types\/page"}],"author":[{"embeddable":true,"href":"https:\/\/www.igripstud.com\/sv\/wp-json\/wp\/v2\/users\/1"}],"replies":[{"embeddable":true,"href":"https:\/\/www.igripstud.com\/sv\/wp-json\/wp\/v2\/comments?post=1860"}],"version-history":[{"count":3,"href":"https:\/\/www.igripstud.com\/sv\/wp-json\/wp\/v2\/pages\/1860\/revisions"}],"predecessor-version":[{"id":5530,"href":"https:\/\/www.igripstud.com\/sv\/wp-json\/wp\/v2\/pages\/1860\/revisions\/5530"}],"wp:attachment":[{"href":"https:\/\/www.igripstud.com\/sv\/wp-json\/wp\/v2\/media?parent=1860"}],"curies":[{"name":"wp","href":"https:\/\/api.w.org\/{rel}","templated":true}]}}